{"id":9178,"date":"2018-12-31T16:11:36","date_gmt":"2018-12-31T22:11:36","guid":{"rendered":"http:\/\/www.corregidora.gob.mx\/portal\/?page_id=9178"},"modified":"2023-09-04T10:41:17","modified_gmt":"2023-09-04T16:41:17","slug":"atencion-predial","status":"publish","type":"page","link":"https:\/\/corregidora.gob.mx\/portal\/atencion-predial\/","title":{"rendered":"Atenci\u00f3n Predial"},"content":{"rendered":"<p>[vc_row][vc_column][vc_column_text]<\/p>\n<h5><strong>De lunes a viernes, en un horario de 08:30 a 16:30 horas en el Centro de Atenci\u00f3n Municipal El Pueblito, ubicado en Ex Hacienda El Cerrito #100, Colonia El Pueblito, C.P. 76,900, Corregidora Quer\u00e9taro, o bien en los n\u00fameros telef\u00f3nicos 442 209 6000, extensiones 7585, 7513, 7568, 7586, 2061 y 2068 o al whatsApp 4422633947, o al asistente virtual 4494621002<\/strong><\/h5>\n<p>[\/vc_column_text][\/vc_column][\/vc_row]<\/p>\n","protected":false},"excerpt":{"rendered":"<p>[vc_row][vc_column][vc_column_text] De lunes a viernes, en un horario de 08:30 a 16:30 horas en el Centro de Atenci\u00f3n Municipal El Pueblito, ubicado en Ex Hacienda El Cerrito #100, Colonia El Pueblito, C.P. 76,900, Corregidora Quer\u00e9taro, o bien en los n\u00fameros&#8230;<\/p>\n","protected":false},"author":9,"featured_media":0,"parent":0,"menu_order":0,"comment_status":"closed","ping_status":"closed","template":"","meta":[],"_links":{"self":[{"href":"https:\/\/corregidora.gob.mx\/portal\/wp-json\/wp\/v2\/pages\/9178"}],"collection":[{"href":"https:\/\/corregidora.gob.mx\/portal\/wp-json\/wp\/v2\/pages"}],"about":[{"href":"https:\/\/corregidora.gob.mx\/portal\/wp-json\/wp\/v2\/types\/page"}],"author":[{"embeddable":true,"href":"https:\/\/corregidora.gob.mx\/portal\/wp-json\/wp\/v2\/users\/9"}],"replies":[{"embeddable":true,"href":"https:\/\/corregidora.gob.mx\/portal\/wp-json\/wp\/v2\/comments?post=9178"}],"version-history":[{"count":28,"href":"https:\/\/corregidora.gob.mx\/portal\/wp-json\/wp\/v2\/pages\/9178\/revisions"}],"predecessor-version":[{"id":35203,"href":"https:\/\/corregidora.gob.mx\/portal\/wp-json\/wp\/v2\/pages\/9178\/revisions\/35203"}],"wp:attachment":[{"href":"https:\/\/corregidora.gob.mx\/portal\/wp-json\/wp\/v2\/media?parent=9178"}],"curies":[{"name":"wp","href":"https:\/\/api.w.org\/{rel}","templated":true}]}}