{"id":24611,"date":"2021-01-20T12:43:41","date_gmt":"2021-01-20T18:43:41","guid":{"rendered":"https:\/\/corregidora.gob.mx\/portal\/?page_id=24611"},"modified":"2021-01-20T14:04:10","modified_gmt":"2021-01-20T20:04:10","slug":"principal-2","status":"publish","type":"page","link":"https:\/\/corregidora.gob.mx\/portal\/principal-2\/","title":{"rendered":"Principal"},"content":{"rendered":"<p>[vc_row css=&#8221;.vc_custom_1558561871018{padding-top: 5px !important;padding-bottom: 5px !important;}&#8221;][vc_column][layerslider_vc id=&#8221;21&#8243;][\/vc_column][\/vc_row][vc_row full_width=&#8221;stretch_row_content&#8221;][vc_column width=&#8221;1\/5&#8243;][vc_column_text]<a href=\"https:\/\/corregidora.gob.mx\/predial\" target=\"popup\" onclick=\"window.open('https:\/\/corregidora.gob.mx\/predial','popup','width=600,height=600'); return false;\" rel=\"noopener noreferrer\"><br \/>\n   <img loading=\"lazy\" class=\"aligncenter size-medium img-responsive\" src=\"https:\/\/corregidora.gob.mx\/portal\/wp-content\/uploads\/2020\/12\/PAGAR-PREDIAL-300x200.jpg\" alt=\"\" width=\"341\" height=\"227\" \/><br \/>\n<\/a>[\/vc_column_text][\/vc_column][vc_column width=&#8221;1\/5&#8243;][vc_column_text]<a href=\"https:\/\/corregidora.gob.mx\/predial\" target=\"popup\" onclick=\"window.open('https:\/\/corregidora.gob.mx\/predial','popup','width=600,height=600'); return false;\" rel=\"noopener noreferrer\"><br \/>\n   <img loading=\"lazy\" class=\"aligncenter size-medium img-responsive\" src=\"https:\/\/corregidora.gob.mx\/portal\/wp-content\/uploads\/2020\/12\/PAGAR-PREDIAL-300x200.jpg\" alt=\"\" width=\"341\" height=\"227\" \/><br \/>\n<\/a>[\/vc_column_text][\/vc_column][vc_column width=&#8221;1\/5&#8243;][vc_column_text]<a href=\"https:\/\/corregidora.gob.mx\/predial\" target=\"popup\" onclick=\"window.open('https:\/\/corregidora.gob.mx\/predial','popup','width=600,height=600'); return false;\" rel=\"noopener noreferrer\"><br \/>\n   <img loading=\"lazy\" class=\"aligncenter size-medium img-responsive\" src=\"https:\/\/corregidora.gob.mx\/portal\/wp-content\/uploads\/2020\/12\/PAGAR-PREDIAL-300x200.jpg\" alt=\"\" width=\"341\" height=\"227\" \/><br \/>\n<\/a>[\/vc_column_text][\/vc_column][vc_column width=&#8221;1\/5&#8243;][vc_column_text]<ahref=\"https:\/\/corregidora_qro.calixtachat.com\/services\/webchat\/447167652243059\" target=\"popup\" onclick=\"window.open('https:\/\/corregidora_qro.calixtachat.com\/services\/webchat\/447167652243059','popup','width=600,height=600'); return false;\"><br \/>\n   <img loading=\"lazy\" class=\"aligncenter size-medium img-responsive\" src=\"https:\/\/corregidora.gob.mx\/portal\/wp-content\/uploads\/2020\/12\/DORY-300x200.jpg\" alt=\"\" width=\"341\" height=\"227\" \/><br \/>\n<\/a>[\/vc_column_text][\/vc_column][vc_column width=&#8221;1\/5&#8243;][vc_column_text]<a href=\"https:\/\/corregidora.gob.mx\/predial\" target=\"popup\" onclick=\"window.open('https:\/\/corregidora.gob.mx\/predial','popup','width=600,height=600'); return false;\" rel=\"noopener noreferrer\"><br \/>\n   <img loading=\"lazy\" class=\"aligncenter size-medium img-responsive\" src=\"https:\/\/corregidora.gob.mx\/portal\/wp-content\/uploads\/2020\/12\/PAGAR-PREDIAL-300x200.jpg\" alt=\"\" width=\"341\" height=\"227\" \/><br \/>\n<\/a>[\/vc_column_text][\/vc_column][\/vc_row][vc_row full_width=&#8221;stretch_row_content&#8221;][vc_column][vc_single_image image=&#8221;24094&#8243; img_size=&#8221;full&#8221; alignment=&#8221;center&#8221; onclick=&#8221;custom_link&#8221; img_link_target=&#8221;_blank&#8221; css_animation=&#8221;fadeInUp&#8221; css=&#8221;.vc_custom_1610058857123{padding-bottom: 20px !important;}&#8221; link=&#8221;https:\/\/www.ine.mx\/&#8221;][vc_column_text]<button><br \/>\nClick to chat<br \/>\n<\/button><script>\n !function(){var w=window,d=document;function fx(){window.CalixtaChat.launch(<\/p>\n<p>{appName:\"corregidora_qro\",accessKey:\"447167652243059\"})}s=d.createElement(\"script\"\n ),s.src=\"https:\/\/calixtachat.s3.amazonaws.com\/v1\/calixtachat.min.js\",s.type=\n \"text\/javascript\",document.getElementsByTagName(\"head\")[0].appendChild(s),w.\n attachEvent?w.attachEvent(\"onload\",fx):w.addEventListener(\"load\",fx,!1)}();\n <\/script><\/p>\n<p><a href=\"https:\/\/corregidora_qro.calixtachat.com\/services\/webchat\/447167652243059\" target=\"popup\" rel=\"noopener noreferrer\"><br \/>\nPopup<br \/>\n<\/a><\/p>\n<p><a href=\"https:\/\/corregidora_qro.calixtachat.com\/services\/webchat\/447167652243059\" target=\"popup\" rel=\"noopener noreferrer\"><img loading=\"lazy\" class=\"alignnone size-medium wp-image-24473\" src=\"https:\/\/corregidora.gob.mx\/portal\/wp-content\/uploads\/2021\/01\/dory-300x157.jpg\" alt=\"\" width=\"300\" height=\"157\" srcset=\"https:\/\/corregidora.gob.mx\/portal\/wp-content\/uploads\/2021\/01\/dory-300x157.jpg 300w, https:\/\/corregidora.gob.mx\/portal\/wp-content\/uploads\/2021\/01\/dory-1024x536.jpg 1024w, https:\/\/corregidora.gob.mx\/portal\/wp-content\/uploads\/2021\/01\/dory-150x79.jpg 150w, https:\/\/corregidora.gob.mx\/portal\/wp-content\/uploads\/2021\/01\/dory-768x402.jpg 768w, https:\/\/corregidora.gob.mx\/portal\/wp-content\/uploads\/2021\/01\/dory.jpg 1280w\" sizes=\"(max-width: 300px) 100vw, 300px\" \/><\/a><\/p>\n<p><a href=\"http:\/\/kanishkkunal.com\" target=\"popup\" rel=\"noopener noreferrer\"><br \/>\nOpen Link in Popupcdfdfdf<br \/>\n<\/a>[\/vc_column_text][\/vc_column][\/vc_row][vc_row bg_type=&#8221;image&#8221; parallax_style=&#8221;vcpb-default&#8221; bg_image_new=&#8221;id^12163|url^http:\/\/www.corregidora.gob.mx\/portal\/wp-content\/uploads\/2019\/06\/Polygon-Back.jpg|caption^null|alt^null|title^Polygon-Back|description^null&#8221; bg_override=&#8221;full&#8221; css=&#8221;.vc_custom_1559758183093{padding-top: 10px !important;padding-bottom: 10px !important;}&#8221;][vc_column][vc_column_text css_animation=&#8221;bounceInUp&#8221;]<\/p>\n<h3 style=\"text-align: center;\">Comunicados de Prensa<\/h3>\n<p>[\/vc_column_text]<div class=\"blog blog-style-default clearfix \"> <article id=\"post-43647\" class=\"rounded-corners default-background post-43647 post type-post status-publish format-standard has-post-thumbnail hentry category-noticias\"> <div class=\"item-post-container\"> <div class=\"item-post clearfix\"> <div class=\"post-image\"> <a href=\"https:\/\/corregidora.gob.mx\/portal\/chepe-guerrero-firma-alianza-para-promover-una-vida-saludable-a-trabajadores-del-municipio-de-corregidora\/\" class=\"default\"><img width=\"540\" height=\"390\" src=\"https:\/\/corregidora.gob.mx\/portal\/wp-content\/uploads\/2026\/04\/WhatsApp-Image-2026-04-01-at-1.07.11-PM-scaled-scalia-blog-default.jpeg\" class=\"img-responsive wp-post-image\" alt=\"WhatsApp Image 2026-04-01 at 1.07.11 PM\" loading=\"lazy\" \/><\/a> <\/div> <div class=\"post-text\"> <header class=\"entry-header\"> <div class=\"entry-title\"><a href=\"https:\/\/corregidora.gob.mx\/portal\/chepe-guerrero-firma-alianza-para-promover-una-vida-saludable-a-trabajadores-del-municipio-de-corregidora\/\" rel=\"bookmark\">Chepe Guerrero firma alianza para promover una vida saludable a trabajadores del Municipio de Corregidora<\/a><\/div> <div class=\"entry-meta\"> <span class=\"tag-links\"> <a href=\"https:\/\/corregidora.gob.mx\/portal\/category\/noticias\/\" title=\"View all posts in Noticias\">Noticias<\/a> <\/span> <\/div> <!-- .entry-meta --> <\/header> <!-- .entry-header --> <div class=\"entry-content\"> <p>Corregidora es el primer municipio en el estado en hacer este tipo de acciones en favor de la salud de sus trabajadores. Se brindar\u00e1 orientaci\u00f3n nutricional, actividad f\u00edsica y lactancia materna, con el objetivo de lograr el certificado como Entorno&#8230;<\/p> <\/div> <div class=\"clearfix entry-info\"> <span class=\"entry-date\">abril 1, 2026<\/span> <span class=\"read-more-link\"><a href=\"https:\/\/corregidora.gob.mx\/portal\/chepe-guerrero-firma-alianza-para-promover-una-vida-saludable-a-trabajadores-del-municipio-de-corregidora\/\"> Read more<\/a><\/span> <\/div> <\/div> <\/div> <\/div> <\/article><!-- #post-43647 -->\n<\/div>[vc_basic_grid post_type=&#8221;post&#8221; max_items=&#8221;4&#8243; element_width=&#8221;3&#8243; item=&#8221;11755&#8243; grid_id=&#8221;vc_gid:1611172267235-fb6d10a5-bd1c-6&#8243; el_class=&#8221;text-justify&#8221; offset=&#8221;-1&#8243;]<div class=\"quickfinder row inline-row inline-row-center\">\n<div id=\"post-12076\" data-ll-finish-delay=\"200\" class=\"quickfinder-item col-md-3 col-sm-4 col-xs-6 inline-column quickfinder-item-effect-scale lazy-loading post-12076 scalia_qf_item type-scalia_qf_item status-publish has-post-thumbnail hentry\"> <div class=\"quickfinder-item-image\"> <div class=\"quickfinder-item-image-content lazy-loading-item\" data-ll-item-delay=\"0\" data-ll-effect=\"clip\"> <span class=\"quickfinder-item-link img-circle\"><img width=\"400\" height=\"400\" src=\"https:\/\/corregidora.gob.mx\/portal\/wp-content\/uploads\/2019\/05\/cruz_roja_02-01-scalia-person.png\" class=\" quickfinder-img-size-big wp-post-image\" alt=\"cruz_roja_02-01\" loading=\"lazy\" \/><\/span> <\/div> <\/div> <div class=\"quickfinder-item-info lazy-loading-item\" data-ll-item-delay=\"200\" data-ll-effect=\"fading\"> <div class=\"quickfinder-item-title\"><span class=\"quickfinder-item-link img-circle\">065<\/span><\/div> <div class=\"quickfinder-item-text\"><span class=\"quickfinder-item-link img-circle\">Cruz Roja Mexicana<\/span><\/div> <\/div> <\/div> <div id=\"post-12082\" data-ll-finish-delay=\"200\" class=\"quickfinder-item col-md-3 col-sm-4 col-xs-6 inline-column quickfinder-item-effect-scale lazy-loading post-12082 scalia_qf_item type-scalia_qf_item status-publish has-post-thumbnail hentry\"> <div class=\"quickfinder-item-image\"> <div class=\"quickfinder-item-image-content lazy-loading-item\" data-ll-item-delay=\"0\" data-ll-effect=\"clip\"> <span class=\"quickfinder-item-link img-circle\"><img width=\"400\" height=\"400\" src=\"https:\/\/corregidora.gob.mx\/portal\/wp-content\/uploads\/2019\/05\/pro_civ_02-01-scalia-person.png\" class=\" quickfinder-img-size-big wp-post-image\" alt=\"pro_civ_02-01\" loading=\"lazy\" \/><\/span> <\/div> <\/div> <div class=\"quickfinder-item-info lazy-loading-item\" data-ll-item-delay=\"200\" data-ll-effect=\"fading\"> <div class=\"quickfinder-item-title\"><span class=\"quickfinder-item-link img-circle\">442 109 6890<\/span><\/div> <div class=\"quickfinder-item-text\"><span class=\"quickfinder-item-link img-circle\">Protecci\u00f3n Civil<\/span><\/div> <\/div> <\/div> <div id=\"post-12083\" data-ll-finish-delay=\"200\" class=\"quickfinder-item col-md-3 col-sm-4 col-xs-6 inline-column quickfinder-item-effect-scale lazy-loading post-12083 scalia_qf_item type-scalia_qf_item status-publish has-post-thumbnail hentry\"> <div class=\"quickfinder-item-image\"> <div class=\"quickfinder-item-image-content lazy-loading-item\" data-ll-item-delay=\"0\" data-ll-effect=\"clip\"> <span class=\"quickfinder-item-link img-circle\"><img width=\"400\" height=\"400\" src=\"https:\/\/corregidora.gob.mx\/portal\/wp-content\/uploads\/2019\/05\/911_02-01-scalia-person.png\" class=\" quickfinder-img-size-big wp-post-image\" alt=\"911_02-01\" loading=\"lazy\" \/><\/span> <\/div> <\/div> <div class=\"quickfinder-item-info lazy-loading-item\" data-ll-item-delay=\"200\" data-ll-effect=\"fading\"> <div class=\"quickfinder-item-title\"><span class=\"quickfinder-item-link img-circle\">911<\/span><\/div> <div class=\"quickfinder-item-text\"><span class=\"quickfinder-item-link img-circle\">Emergencias<\/span><\/div> <\/div> <\/div> <div id=\"post-12084\" data-ll-finish-delay=\"200\" class=\"quickfinder-item col-md-3 col-sm-4 col-xs-6 inline-column quickfinder-item-effect-scale lazy-loading post-12084 scalia_qf_item type-scalia_qf_item status-publish has-post-thumbnail hentry\"> <div class=\"quickfinder-item-image\"> <div class=\"quickfinder-item-image-content lazy-loading-item\" data-ll-item-delay=\"0\" data-ll-effect=\"clip\"> <span class=\"quickfinder-item-link img-circle\"><img width=\"400\" height=\"400\" src=\"https:\/\/corregidora.gob.mx\/portal\/wp-content\/uploads\/2019\/05\/dir-prev_02-01-scalia-person.png\" class=\" quickfinder-img-size-big wp-post-image\" alt=\"dir-prev_02-01\" loading=\"lazy\" \/><\/span> <\/div> <\/div> <div class=\"quickfinder-item-info lazy-loading-item\" data-ll-item-delay=\"200\" data-ll-effect=\"fading\"> <div class=\"quickfinder-item-title\"><span class=\"quickfinder-item-link img-circle\">442 209 6091<\/span><\/div> <div class=\"quickfinder-item-text\"><span class=\"quickfinder-item-link img-circle\">Direcci\u00f3n de Prevenci\u00f3n<\/span><\/div> <\/div> <\/div>\n<\/div>[\/vc_column][\/vc_row][vc_row][vc_column width=&#8221;1\/2&#8243;][vc_single_image image=&#8221;19198&#8243; img_size=&#8221;full&#8221; alignment=&#8221;center&#8221; onclick=&#8221;custom_link&#8221; img_link_target=&#8221;_blank&#8221; css_animation=&#8221;bounceInDown&#8221; css=&#8221;.vc_custom_1597155896065{padding-bottom: 20px !important;}&#8221; link=&#8221;http:\/\/corregidora.gob.mx\/Documentos\/2018-2021\/archivosweb\/quehacer_inundacion.pdf&#8221;][\/vc_column][vc_column width=&#8221;1\/2&#8243;][vc_single_image image=&#8221;19199&#8243; img_size=&#8221;full&#8221; alignment=&#8221;center&#8221; onclick=&#8221;custom_link&#8221; img_link_target=&#8221;_blank&#8221; css_animation=&#8221;bounceInUp&#8221; css=&#8221;.vc_custom_1597155889620{padding-bottom: 20px !important;}&#8221; link=&#8221;http:\/\/corregidora.gob.mx\/Documentos\/2018-2021\/archivosweb\/temporada_lluvias.pdf&#8221;][\/vc_column][\/vc_row][vc_row][vc_column]<div class=\"fullwidth-block clearfix\" style=\"background-image: url(https:\/\/corregidora.gob.mx\/portal\/wp-content\/uploads\/2019\/06\/fondo-2-01.png);background-position: center center;background-attachment: fixed;padding-top: 30px;padding-bottom: 30px;padding-left: 25px;padding-right: 25px;\"><div class=\"container\">[vc_single_image image=&#8221;12195&#8243; img_size=&#8221;350&#215;120&#8243; alignment=&#8221;center&#8221; style=&#8221;vc_box_rounded&#8221; css_animation=&#8221;bounceIn&#8221;]<\/div><\/div>[\/vc_column][\/vc_row][vc_row][vc_column][vc_row_inner][vc_column_inner width=&#8221;1\/3&#8243;][vc_single_image image=&#8221;10257&#8243; img_size=&#8221;400&#215;190&#8243; css=&#8221;.vc_custom_1557329741356{padding-bottom: 20px !important;}&#8221;][\/vc_column_inner][vc_column_inner width=&#8221;1\/3&#8243;][vc_single_image image=&#8221;10255&#8243; img_size=&#8221;400&#215;190&#8243; onclick=&#8221;custom_link&#8221; css=&#8221;.vc_custom_1557331382828{padding-bottom: 20px !important;}&#8221; link=&#8221;http:\/\/corregidora.gob.mx\/ecologia&#8221;][\/vc_column_inner][vc_column_inner width=&#8221;1\/3&#8243;][vc_single_image image=&#8221;10256&#8243; img_size=&#8221;400&#215;190&#8243; css=&#8221;.vc_custom_1557331331296{padding-bottom: 20px !important;}&#8221;][\/vc_column_inner][\/vc_row_inner][\/vc_column][\/vc_row][vc_row][vc_column]<div class=\"fullwidth-block clearfix\" style=\"background-image: url(https:\/\/corregidora.gob.mx\/portal\/wp-content\/uploads\/2019\/06\/Sin-t\u00edtulo-18-2.jpg);background-position: center center;background-attachment: fixed;padding-top: 30px;padding-bottom: 30px;padding-left: 25px;padding-right: 25px;\"><div class=\"container\">[vc_single_image image=&#8221;12149&#8243; img_size=&#8221;200&#215;150&#8243; alignment=&#8221;center&#8221; css_animation=&#8221;bounceIn&#8221;][vc_btn title=&#8221;Conoce nuestro Plan Municipal de Desarrollo 2018-2021&#8243; color=&#8221;warning&#8221; size=&#8221;lg&#8221; align=&#8221;center&#8221; css_animation=&#8221;bounceInUp&#8221; link=&#8221;url:http%3A%2F%2Fwww.corregidora.gob.mx%2Fportal%2Fpmd%2F|||&#8221; el_class=&#8221;bold&#8221;]<\/div><\/div>[\/vc_column][\/vc_row][vc_row][vc_column][vc_single_image image=&#8221;17714&#8243; img_size=&#8221;full&#8221; alignment=&#8221;center&#8221; css_animation=&#8221;bounceInLeft&#8221;][vc_row_inner][vc_column_inner width=&#8221;1\/2&#8243;][vc_single_image image=&#8221;9566&#8243; img_size=&#8221;600X300&#8243; alignment=&#8221;center&#8221; css_animation=&#8221;appear&#8221; css=&#8221;.vc_custom_1549395062625{padding-bottom: 20px !important;}&#8221;][\/vc_column_inner][vc_column_inner width=&#8221;1\/2&#8243;][vc_single_image image=&#8221;9565&#8243; img_size=&#8221;600X300&#8243; alignment=&#8221;center&#8221; onclick=&#8221;custom_link&#8221; css_animation=&#8221;appear&#8221; link=&#8221;http:\/\/www.corregidora.gob.mx\/Documentos\/2018-2021\/listas_sectores_vv.pdf&#8221;][\/vc_column_inner][\/vc_row_inner][\/vc_column][\/vc_row][vc_row][vc_column]<div class=\"fullwidth-block clearfix\" style=\"background-color: #dd9933;background-position: center center;background-attachment: fixed;padding-top: 30px;padding-bottom: 30px;padding-left: 25px;padding-right: 25px;\"><div class=\"container\">[vc_single_image image=&#8221;12149&#8243; img_size=&#8221;200&#215;150&#8243; alignment=&#8221;center&#8221; css_animation=&#8221;bounceIn&#8221;][vc_btn title=&#8221;Directorio de Autoridades Auxiliares Municipales&#8221; color=&#8221;primary&#8221; size=&#8221;lg&#8221; align=&#8221;center&#8221; css_animation=&#8221;bounceInUp&#8221; link=&#8221;url:http%3A%2F%2Fcorregidora.gob.mx%2FDocumentos%2F2018-2021%2Farchivosweb%2Fdaam.jpeg|||&#8221; el_class=&#8221;bold&#8221;]<\/div><\/div>[\/vc_column][\/vc_row]<\/p>\n","protected":false},"excerpt":{"rendered":"<p>[vc_row css=&#8221;.vc_custom_1558561871018{padding-top: 5px !important;padding-bottom: 5px !important;}&#8221;][vc_column][layerslider_vc id=&#8221;21&#8243;][\/vc_column][\/vc_row][vc_row full_width=&#8221;stretch_row_content&#8221;][vc_column width=&#8221;1\/5&#8243;][vc_column_text] [\/vc_column_text][\/vc_column][vc_column width=&#8221;1\/5&#8243;][vc_column_text] [\/vc_column_text][\/vc_column][vc_column width=&#8221;1\/5&#8243;][vc_column_text] [\/vc_column_text][\/vc_column][vc_column width=&#8221;1\/5&#8243;][vc_column_text] [\/vc_column_text][\/vc_column][vc_column width=&#8221;1\/5&#8243;][vc_column_text] [\/vc_column_text][\/vc_column][\/vc_row][vc_row full_width=&#8221;stretch_row_content&#8221;][vc_column][vc_single_image image=&#8221;24094&#8243; img_size=&#8221;full&#8221; alignment=&#8221;center&#8221; onclick=&#8221;custom_link&#8221; img_link_target=&#8221;_blank&#8221; css_animation=&#8221;fadeInUp&#8221; css=&#8221;.vc_custom_1610058857123{padding-bottom: 20px !important;}&#8221; link=&#8221;https:\/\/www.ine.mx\/&#8221;][vc_column_text] Click to chat Popup Open Link in Popupcdfdfdf [\/vc_column_text][\/vc_column][\/vc_row][vc_row bg_type=&#8221;image&#8221; parallax_style=&#8221;vcpb-default&#8221;&#8230;<\/p>\n","protected":false},"author":7,"featured_media":0,"parent":0,"menu_order":0,"comment_status":"closed","ping_status":"closed","template":"","meta":[],"_links":{"self":[{"href":"https:\/\/corregidora.gob.mx\/portal\/wp-json\/wp\/v2\/pages\/24611"}],"collection":[{"href":"https:\/\/corregidora.gob.mx\/portal\/wp-json\/wp\/v2\/pages"}],"about":[{"href":"https:\/\/corregidora.gob.mx\/portal\/wp-json\/wp\/v2\/types\/page"}],"author":[{"embeddable":true,"href":"https:\/\/corregidora.gob.mx\/portal\/wp-json\/wp\/v2\/users\/7"}],"replies":[{"embeddable":true,"href":"https:\/\/corregidora.gob.mx\/portal\/wp-json\/wp\/v2\/comments?post=24611"}],"version-history":[{"count":15,"href":"https:\/\/corregidora.gob.mx\/portal\/wp-json\/wp\/v2\/pages\/24611\/revisions"}],"predecessor-version":[{"id":24650,"href":"https:\/\/corregidora.gob.mx\/portal\/wp-json\/wp\/v2\/pages\/24611\/revisions\/24650"}],"wp:attachment":[{"href":"https:\/\/corregidora.gob.mx\/portal\/wp-json\/wp\/v2\/media?parent=24611"}],"curies":[{"name":"wp","href":"https:\/\/api.w.org\/{rel}","templated":true}]}}