{"id":2445,"date":"2015-09-30T12:41:59","date_gmt":"2015-09-30T17:41:59","guid":{"rendered":"http:\/\/www.corregidora.gob.mx\/portal\/?page_id=2445"},"modified":"2023-10-28T03:50:53","modified_gmt":"2023-10-28T09:50:53","slug":"centros-religiosos","status":"publish","type":"page","link":"https:\/\/corregidora.gob.mx\/portal\/turismo\/centros-religiosos\/","title":{"rendered":"Sitios de inter\u00e9s"},"content":{"rendered":"<p>[vc_row css=&#8221;.vc_custom_1444765011514{padding-top: 40px !important;}&#8221;][vc_column][vc_column_text css_animation=&#8221;appear&#8221;]<\/p>\n<h5 align=\"center\">El Jard\u00edn principal de\u00a0El Pueblito<\/h5>\n<p>[\/vc_column_text][\/vc_column][\/vc_row][vc_row][vc_column width=&#8221;1\/2&#8243; css=&#8221;.vc_custom_1447860193326{padding-top: 30px !important;}&#8221;][layerslider_vc id=&#8221;5&#8243;][\/vc_column][vc_column width=&#8221;1\/2&#8243; css=&#8221;.vc_custom_1444765772394{padding-top: 20px !important;}&#8221;][vc_column_text]<\/p>\n<p style=\"text-align: justify;\">Se encuentra ubicado frente a la antigua Presidencia Municipal, a un lado del Templo de San Francisco Galileo, en el centro de El Pueblito. El visitante puede disfrutar de m\u00fasica y eventos culturales, as\u00ed como encontrar bella artesan\u00eda y gastronom\u00eda t\u00edpica, en torno a jardineras y bancas.<\/p>\n<p style=\"text-align: justify;\"><strong>Domicilio:<\/strong>\u00a0Centro Hist\u00f3rico, El Pueblito. Corregidora.<\/p>\n<p>[\/vc_column_text][\/vc_column][\/vc_row][vc_row][vc_column][vc_separator css=&#8221;.vc_custom_1444763305346{padding-top: 20px !important;padding-bottom: 20px !important;}&#8221;][\/vc_column][\/vc_row][vc_row][vc_column][vc_column_text css_animation=&#8221;appear&#8221;]<\/p>\n<h6 align=\"center\">El Santuario de la Virgen de El Pueblito<\/h6>\n<p>[\/vc_column_text][\/vc_column][\/vc_row][vc_row][vc_column width=&#8221;1\/2&#8243; css=&#8221;.vc_custom_1447858824911{padding-top: 30px !important;}&#8221;][layerslider_vc id=&#8221;4&#8243;][\/vc_column][vc_column width=&#8221;1\/2&#8243; css=&#8221;.vc_custom_1444765772394{padding-top: 20px !important;}&#8221;][vc_column_text]<\/p>\n<p style=\"text-align: justify;\">Inaugurado el 5 de febrero de 1736 cuando la imagen de Nuestra Se\u00f1ora de El Pueblito fue trasladada de su segunda Ermita, ubicada en el antiguo pante\u00f3n municipal, a su nuevo templo. En la actualidad recibe a miles de peregrinos de varios estados de la rep\u00fablica e incluso del extranjero.<\/p>\n<p style=\"text-align: justify;\">Dentro del Santuario se encuentra esta bella imagen de la virgen Mar\u00eda en su advocaci\u00f3n de la Sant\u00edsima Concepci\u00f3n, creada por Fray Sebasti\u00e1n de Gallegos y colocada en las inmediaciones de la Pir\u00e1mide por Fr. Nicol\u00e1s de Zamora, en 1632 -seg\u00fan se indica en las cr\u00f3nicas- fue elaborada de ca\u00f1a de quiote, la cual ahora se encuentra vestida de ricos g\u00e9neros y delicados bordados.<\/p>\n<p style=\"text-align: justify;\">Al recorrer el templo es obligado conocer la Capilla del Sant\u00edsimo, as\u00ed como su patio central enmarcado con arcos en medio punto y una fuente de cantera al centro. El Museo de la Virgen de El Pueblito resguarda en su interior vestimentas y accesorios de Nuestra Se\u00f1ora utilizados a lo largo de la historia, as\u00ed como documentos, exvotos y fotograf\u00edas.<\/p>\n<p style=\"text-align: justify;\">Se celebran tres fiestas importantes a lo largo del a\u00f1o: las Fiestas de Febrero o \u201cFiesta Grande\u201d en honor del aniversario del Santuario, la Fiesta Lit\u00fargica en Abril y las Fiestas de Octubre, que conmemoran su coronaci\u00f3n como Patrona de la Ciudad Episcopal de Santiago de Quer\u00e9taro. En el mes de junio, la imagen de Santa Mar\u00eda de El Pueblito, realiza una visita a esta misma ciudad y sus parroquias, por las Rogativas del Buen Temporal.<\/p>\n<p style=\"text-align: justify;\">El 15 de enero de 1745, La Virgen de El Pueblito, fue jurada como Patrona Principal de la Provincia Franciscana de San Pedro y San Pablo de Michoac\u00e1n.<\/p>\n<p style=\"text-align: justify;\"><strong>\u00a0<\/strong><\/p>\n<p style=\"text-align: justify;\"><strong>Domicilio:<\/strong>\u00a0Pedro Urtiaga No. 27, Col. El Pueblito, Corregidora, Qro.<br \/>\n<strong>Tel\u00e9fono:\u00a0<\/strong>(442) 225 05 87<br \/>\n<strong>E-mail:<\/strong>\u00a0<a href=\"mailto:oficinasantuario@yahoo.com.mx\">oficinasantuario@yahoo.com.mx<\/a><\/p>\n<p>[\/vc_column_text][\/vc_column][\/vc_row][vc_row][vc_column][vc_column_text css_animation=&#8221;appear&#8221;]<\/p>\n<h6 align=\"center\">Convento de El Pueblito<\/h6>\n<p>[\/vc_column_text][\/vc_column][\/vc_row][vc_row][vc_column width=&#8221;1\/2&#8243;][vc_single_image image=&#8221;3360&#8243; img_size=&#8221;600X400&#8243;][\/vc_column][vc_column width=&#8221;1\/2&#8243; css=&#8221;.vc_custom_1447127697287{padding-top: 10px !important;}&#8221;][vc_column_text]<\/p>\n<p style=\"text-align: justify;\">El corregidor de Quer\u00e9taro, Esteban G\u00f3mez de Acosta, present\u00f3 en 1743 al gobierno virreinal un Informe sobre la ciudad y su jurisdicci\u00f3n, en el que incluye un apartado al que titul\u00f3 \u201cSantuario de Nuestra Se\u00f1ora en su Concepci\u00f3n, dicha vulgarmente del Pueblito\u201d, Habla de que se pretend\u00eda erigir en el Santuario un convento de recoletos de San Francisco, proyecto en el que se interesaron el arzobispo de M\u00e9xico, as\u00ed como las autoridades c\u00edvicas y religiosas.<\/p>\n<p style=\"text-align: justify;\">El 26 de mayo de 1765 el rey otorg\u00f3 su licencia para construir el convento junto al Santuario. Diez a\u00f1os duraron los trabajos y el convento se estren\u00f3 el 8 de julio de 1775. Su primer guardi\u00e1n fue el padre Daniel Doncel, con ocho religiosos de pie y el 11 del mismo mes se abri\u00f3 el noviciado, al cual se trasladaron dos novicios del convento grande de Quer\u00e9taro.<\/p>\n<p style=\"text-align: justify;\"><strong>Domicilio:<\/strong>\u00a0Pedro Urtiaga esq Gallegos El Pueblito, Corregidora, Qro.<br \/>\n<strong>Tel\u00e9fono:<\/strong>\u00a0(442) 225 07 73<br \/>\n<strong>E-mail:\u00a0<\/strong>sanfranciscogalileo.org.mx<\/p>\n<p>[\/vc_column_text][\/vc_column][\/vc_row][vc_row][vc_column][vc_column_text]<\/p>\n<h6 align=\"center\">Parroquia de San Francisco Galileo<\/h6>\n<p>[\/vc_column_text][\/vc_column][\/vc_row][vc_row][vc_column width=&#8221;1\/2&#8243; css=&#8221;.vc_custom_1447863123229{padding-top: 30px !important;}&#8221;][layerslider_vc id=&#8221;6&#8243;][\/vc_column][vc_column width=&#8221;1\/2&#8243; css=&#8221;.vc_custom_1447127720494{padding-top: 10px !important;}&#8221;][vc_column_text]<\/p>\n<p style=\"text-align: justify;\">En 1762, los religiosos franciscanos solicitaron al rey de Espa\u00f1a licencia para la edificaci\u00f3n de un convento anexo al Santuario de Nuestra Se\u00f1ora del Pueblito. El 26 de mayo de 1765 se les concedi\u00f3 la licencia, con la condici\u00f3n de construir una parroquia que entregar\u00edan al clero regular, una vez llegada la secularizaci\u00f3n. As\u00ed que de inmediato iniciaron la construcci\u00f3n del convento y tambi\u00e9n la de la parroquia.<\/p>\n<p style=\"text-align: justify;\">Conforme a lo que se\u00f1ala el libro de Bautismos de Espa\u00f1oles de la Parroquia de San Francisco Galileo (1753-1789), \u00e9sta fue entregada al clero secular el 6 de agosto de 1770, siendo su primer cura el Bachiller Manuel Cassela.<\/p>\n<p style=\"text-align: justify;\">Templo ubicado en el Jard\u00edn Principal de Corregidora, en cuyo interior se encuentran magn\u00edficas obras art\u00edsticas del siglo XVII: esculturas sobre pechinas, muros pilastras y b\u00f3vedas, se complementa con su atrio y con la casa que alberga al curato<\/p>\n<p style=\"text-align: justify;\"><strong>Domicilio:<\/strong>\u00a0Madero No. 27, El Pueblito, Corregidora, Qro.<br \/>\n<strong>Tel\u00e9fono:<\/strong>\u00a0(442) 225 07 73<br \/>\n<strong>E-mail:\u00a0<\/strong>sanfranciscogalileo.org.mx<\/p>\n<p>[\/vc_column_text][\/vc_column][\/vc_row][vc_row][vc_column][vc_column_text css_animation=&#8221;fadeInLeftBig&#8221;]<\/p>\n<h6 align=\"center\">El Santuario de Schoenstatt<\/h6>\n<p>[\/vc_column_text][\/vc_column][\/vc_row][vc_row css=&#8221;.vc_custom_1444765606487{padding-bottom: 40px !important;}&#8221;][vc_column width=&#8221;1\/2&#8243; css=&#8221;.vc_custom_1447857968560{padding-top: 30px !important;}&#8221;][layerslider_vc id=&#8221;3&#8243;][\/vc_column][vc_column width=&#8221;1\/2&#8243; css=&#8221;.vc_custom_1444765839355{padding-top: 30px !important;}&#8221;][vc_column_text]<\/p>\n<p style=\"text-align: justify;\">A 100 a\u00f1os del inicio del movimiento Schoenstatt en el mundo (1914) y 40 a\u00f1os de haber llegado a Quer\u00e9taro (1974); este santuario ubicado en la comunidad de los Olvera, fue consagrado por el se\u00f1or Obispo don Alfonso Tor\u00edz Cobi\u00e1n el 18 de octubre de 1980. El lugar deber\u00eda corresponder al significado en alem\u00e1n del nombre \u201cSchoen- statt\u201d, que en castellano significa \u201chermoso lugar\u201d<\/p>\n<p style=\"text-align: justify;\">Se trata de una r\u00e9plica del Santuario original que se encuentra en Vallendar, Alemania. En torno a este se desarrolla un \u201ccentro internacional y espiritual del movimiento Schoenstatt, presente en m\u00e1s de 110 pa\u00edses\u201d.<\/p>\n<p style=\"text-align: justify;\">Cada fin de semana se reciben miles de peregrinos de toda la rep\u00fablica, quienes pueden disfrutar de sus bellos jardines encontrando paz y tranquilidad.<\/p>\n<p style=\"text-align: justify;\">Cuenta con una amplia cafeter\u00eda, una tienda de recuerdos y se puede tambi\u00e9n visitar el \u201cMuseo de la Nueva Alianza\u201d,<\/p>\n<p style=\"text-align: justify;\"><strong>Domicilio:<\/strong>\u00a0Camino a los Olvera, Corregidora, Qro. , C.P. 76904<\/p>\n<p style=\"text-align: justify;\"><strong>Horario<\/strong><strong>: lunes a domingo de 8:00 a 18:00 hr<br \/>\n<\/strong><strong>Tel:<\/strong>\u00a0(442) 228 1220, (442) 228 14 00<\/p>\n<p>[\/vc_column_text][\/vc_column][\/vc_row][vc_row][vc_column][vc_column_text css_animation=&#8221;fadeInRight&#8221;]<\/p>\n<h6 align=\"center\">Antigua Presidencia<\/h6>\n<p>[\/vc_column_text][\/vc_column][\/vc_row][vc_row css=&#8221;.vc_custom_1444765606487{padding-bottom: 40px !important;}&#8221;][vc_column width=&#8221;1\/2&#8243; css=&#8221;.vc_custom_1447862937083{padding-top: 30px !important;}&#8221;][layerslider_vc id=&#8221;8&#8243;][\/vc_column][vc_column width=&#8221;1\/2&#8243; css=&#8221;.vc_custom_1444765839355{padding-top: 30px !important;}&#8221;][vc_column_text]<\/p>\n<p style=\"text-align: justify;\">En 1897 se construye lo que era el Palacio Municipal por iniciativa de Don Eugenio Tovar, inaugur\u00e1ndose en 1902 por Don Isidro Hern\u00e1ndez. De arquitectura Mexicana, fungi\u00f3 como Palacio Municipal hasta 2002, cuando las oficinas del gobierno municipal de Corregidora fueron cambiadas a las instalaciones de la Ex hacienda el Cerrito iniciando actividades oficiales el 15 de enero del 2002.<\/p>\n<p style=\"text-align: justify;\">Actualmente alberga varias oficinas, entre ellas la de regidores, el INE, para tr\u00e1mite de credencial de elector y correos de M\u00e9xico.<\/p>\n<p style=\"text-align: justify;\"><strong>Domicilio:<\/strong>\u00a0Josefa Ortiz de Dom\u00ednguez esq. Madero, El Pueblito, C.P. 76900, Corregidora, Qro.<br \/>\n<strong>Tel:<\/strong>\u00a0(442) 209 60 00, ext. 2002<br \/>\n<strong>Horarios:<\/strong> lunes a viernes de 8:30 a 16:30 hr<\/p>\n<p>[\/vc_column_text][\/vc_column][\/vc_row][vc_row][vc_column][vc_column_text css_animation=&#8221;fadeInLeftBig&#8221;]<\/p>\n<h6 align=\"center\">Casa de la Cultura<\/h6>\n<p>[\/vc_column_text][\/vc_column][\/vc_row][vc_row css=&#8221;.vc_custom_1444765606487{padding-bottom: 40px !important;}&#8221;][vc_column width=&#8221;1\/2&#8243; css=&#8221;.vc_custom_1447862966748{padding-top: 30px !important;}&#8221;][layerslider_vc id=&#8221;7&#8243;][\/vc_column][vc_column width=&#8221;1\/2&#8243; css=&#8221;.vc_custom_1444765839355{padding-top: 30px !important;}&#8221;][vc_column_text]<\/p>\n<p style=\"text-align: justify;\">Este edificio data del siglo XIX, construido de adobe, cubierta de viguer\u00eda y ladrillo con aplanado. Desde fines del siglo pasado fue la Escuela oficial \u201cValent\u00edn G\u00f3mez Far\u00edas\u201d hasta el a\u00f1o de 1972. Fue remodelado en 1985 y destinado para sede de la Casa de la Cultura, imparti\u00e9ndose actualmente diversas clases de arte, m\u00fasica y danza para ni\u00f1os y adultos.<\/p>\n<p style=\"text-align: justify;\"><strong>Domicilio:<\/strong>\u00a0Sebasti\u00e1n Gallegos No.1, El Pueblito, C.P. 76900, Corregidora, Qro.<br \/>\n<strong>Tel:<\/strong>\u00a0(442) 209 60 00, ext. 2016<br \/>\n<strong>Horarios:<\/strong> lunes a viernes de 9:00 a 20:00<\/p>\n<p>[\/vc_column_text][\/vc_column][\/vc_row][vc_row css=&#8221;.vc_custom_1447127785107{padding-bottom: 40px !important;}&#8221;][vc_column][vc_column_text]<\/p>\n<p style=\"text-align: center;\"><strong>Texto: Dulce Mar\u00eda Ard\u00f3n M. <\/strong><\/p>\n<p style=\"text-align: center;\"><strong>Cronista Municipal.<\/strong><\/p>\n<p>[\/vc_column_text][\/vc_column][\/vc_row]<\/p>\n","protected":false},"excerpt":{"rendered":"<p>[vc_row css=&#8221;.vc_custom_1444765011514{padding-top: 40px !important;}&#8221;][vc_column][vc_column_text css_animation=&#8221;appear&#8221;] El Jard\u00edn principal de\u00a0El Pueblito [\/vc_column_text][\/vc_column][\/vc_row][vc_row][vc_column width=&#8221;1\/2&#8243; css=&#8221;.vc_custom_1447860193326{padding-top: 30px !important;}&#8221;][layerslider_vc id=&#8221;5&#8243;][\/vc_column][vc_column width=&#8221;1\/2&#8243; css=&#8221;.vc_custom_1444765772394{padding-top: 20px !important;}&#8221;][vc_column_text] Se encuentra ubicado frente a la antigua Presidencia Municipal, a un lado del Templo de San Francisco Galileo, en el&#8230;<\/p>\n","protected":false},"author":15,"featured_media":0,"parent":2169,"menu_order":3,"comment_status":"closed","ping_status":"closed","template":"","meta":[],"_links":{"self":[{"href":"https:\/\/corregidora.gob.mx\/portal\/wp-json\/wp\/v2\/pages\/2445"}],"collection":[{"href":"https:\/\/corregidora.gob.mx\/portal\/wp-json\/wp\/v2\/pages"}],"about":[{"href":"https:\/\/corregidora.gob.mx\/portal\/wp-json\/wp\/v2\/types\/page"}],"author":[{"embeddable":true,"href":"https:\/\/corregidora.gob.mx\/portal\/wp-json\/wp\/v2\/users\/15"}],"replies":[{"embeddable":true,"href":"https:\/\/corregidora.gob.mx\/portal\/wp-json\/wp\/v2\/comments?post=2445"}],"version-history":[{"count":30,"href":"https:\/\/corregidora.gob.mx\/portal\/wp-json\/wp\/v2\/pages\/2445\/revisions"}],"predecessor-version":[{"id":35388,"href":"https:\/\/corregidora.gob.mx\/portal\/wp-json\/wp\/v2\/pages\/2445\/revisions\/35388"}],"up":[{"embeddable":true,"href":"https:\/\/corregidora.gob.mx\/portal\/wp-json\/wp\/v2\/pages\/2169"}],"wp:attachment":[{"href":"https:\/\/corregidora.gob.mx\/portal\/wp-json\/wp\/v2\/media?parent=2445"}],"curies":[{"name":"wp","href":"https:\/\/api.w.org\/{rel}","templated":true}]}}