{"id":2443,"date":"2015-09-30T12:40:26","date_gmt":"2015-09-30T17:40:26","guid":{"rendered":"http:\/\/www.corregidora.gob.mx\/portal\/?page_id=2443"},"modified":"2023-10-28T03:51:35","modified_gmt":"2023-10-28T09:51:35","slug":"piramide","status":"publish","type":"page","link":"https:\/\/corregidora.gob.mx\/portal\/turismo\/piramide\/","title":{"rendered":"Pir\u00e1mide"},"content":{"rendered":"<p>[vc_row][vc_column][vc_column_text css=&#8221;.vc_custom_1558642561547{padding-top: 40px !important;}&#8221;]<\/p>\n<h5 style=\"text-align: center;\" align=\"center\">La Zona de Monumentos Arqueol\u00f3gicos \u201cEl Cerrito\u201d<\/h5>\n<p>[\/vc_column_text][\/vc_column][\/vc_row][vc_row][vc_column width=&#8221;1\/2&#8243;][vc_single_image image=&#8221;3057&#8243; img_size=&#8221;large&#8221; alignment=&#8221;right&#8221;][\/vc_column][vc_column width=&#8221;1\/2&#8243;][vc_column_text]<\/p>\n<p align=\"justify\">Est\u00e1 constituida por un Basamento Piramidal, por la Plaza de las Esculturas, la Plaza de la Danza, el Altar de las Obsidianas y el Altar de los Cr\u00e1neos, Palacio de los Cuatro Altares.<\/p>\n<p align=\"justify\">El Cerrito funcion\u00f3 como una \u201cToll\u00e1n\u201d, Centro ceremonial y pol\u00edtico, en ella se han encontrado vestigios Toltecas, Chichimecas, Pur\u00e9pechas y Otom\u00edes.<\/p>\n<p align=\"justify\">La cima de la Pir\u00e1mide fue modificada al realizar una construcci\u00f3n con arquitectura de tipo ecl\u00e9ctico, una casa conocida como el Fort\u00edn que data del a\u00f1o 1887.<\/p>\n<p>[\/vc_column_text][\/vc_column][\/vc_row][vc_row css=&#8221;.vc_custom_1444761171536{padding-top: 20px !important;padding-bottom: 20px !important;}&#8221;][vc_column][vc_separator][\/vc_column][\/vc_row][vc_row css=&#8221;.vc_custom_1444762001867{padding-bottom: 40px !important;}&#8221;][vc_column width=&#8221;1\/4&#8243;][\/vc_column][vc_column width=&#8221;1\/2&#8243;][vc_column_text]<\/p>\n<p style=\"text-align: left;\"><strong>Domicilio:<\/strong> Hidalgo s\/n, Col. El Pueblito, C.P. 76159, Corregidora, Qro.<br \/>\n<strong>Tel:<\/strong> (442) 209 60 00, ext. 2017<br \/>\n<b>Horarios Pir\u00e1mide:<\/b> Mi\u00e9rcoles a domingo de 9:00 a 16:30 horas<\/p>\n<p>[\/vc_column_text][\/vc_column][vc_column width=&#8221;1\/4&#8243;][\/vc_column][\/vc_row]<\/p>\n","protected":false},"excerpt":{"rendered":"<p>[vc_row][vc_column][vc_column_text css=&#8221;.vc_custom_1558642561547{padding-top: 40px !important;}&#8221;] La Zona de Monumentos Arqueol\u00f3gicos \u201cEl Cerrito\u201d [\/vc_column_text][\/vc_column][\/vc_row][vc_row][vc_column width=&#8221;1\/2&#8243;][vc_single_image image=&#8221;3057&#8243; img_size=&#8221;large&#8221; alignment=&#8221;right&#8221;][\/vc_column][vc_column width=&#8221;1\/2&#8243;][vc_column_text] Est\u00e1 constituida por un Basamento Piramidal, por la Plaza de las Esculturas, la Plaza de la Danza, el Altar de las Obsidianas y&#8230;<\/p>\n","protected":false},"author":15,"featured_media":0,"parent":2169,"menu_order":2,"comment_status":"closed","ping_status":"closed","template":"","meta":[],"_links":{"self":[{"href":"https:\/\/corregidora.gob.mx\/portal\/wp-json\/wp\/v2\/pages\/2443"}],"collection":[{"href":"https:\/\/corregidora.gob.mx\/portal\/wp-json\/wp\/v2\/pages"}],"about":[{"href":"https:\/\/corregidora.gob.mx\/portal\/wp-json\/wp\/v2\/types\/page"}],"author":[{"embeddable":true,"href":"https:\/\/corregidora.gob.mx\/portal\/wp-json\/wp\/v2\/users\/15"}],"replies":[{"embeddable":true,"href":"https:\/\/corregidora.gob.mx\/portal\/wp-json\/wp\/v2\/comments?post=2443"}],"version-history":[{"count":18,"href":"https:\/\/corregidora.gob.mx\/portal\/wp-json\/wp\/v2\/pages\/2443\/revisions"}],"predecessor-version":[{"id":35385,"href":"https:\/\/corregidora.gob.mx\/portal\/wp-json\/wp\/v2\/pages\/2443\/revisions\/35385"}],"up":[{"embeddable":true,"href":"https:\/\/corregidora.gob.mx\/portal\/wp-json\/wp\/v2\/pages\/2169"}],"wp:attachment":[{"href":"https:\/\/corregidora.gob.mx\/portal\/wp-json\/wp\/v2\/media?parent=2443"}],"curies":[{"name":"wp","href":"https:\/\/api.w.org\/{rel}","templated":true}]}}