{"id":2439,"date":"2015-09-30T12:39:09","date_gmt":"2015-09-30T17:39:09","guid":{"rendered":"http:\/\/www.corregidora.gob.mx\/portal\/?page_id=2439"},"modified":"2019-05-23T15:14:40","modified_gmt":"2019-05-23T20:14:40","slug":"historia","status":"publish","type":"page","link":"https:\/\/corregidora.gob.mx\/portal\/turismo\/historia\/","title":{"rendered":"Historia"},"content":{"rendered":"<p>[vc_row][vc_column][vc_column_text css=&#8221;.vc_custom_1558642454338{padding-top: 40px !important;}&#8221;]<\/p>\n<h4 style=\"text-align: center;\">S\u00edntesis hist\u00f3rica del Municipio de Corregidora<\/h4>\n<p>[\/vc_column_text][\/vc_column][\/vc_row][vc_row css=&#8221;.vc_custom_1447128588399{padding-bottom: 40px !important;}&#8221;][vc_column width=&#8221;1\/3&#8243;][vc_column_text]<\/p>\n<p style=\"text-align: right;\"><em>Por Dulce Mar\u00eda Ard\u00f3n, Cronista Municipal<\/em><\/p>\n<p>[\/vc_column_text][vc_single_image image=&#8221;3375&#8243; img_size=&#8221;300&#215;220&#8243; alignment=&#8221;right&#8221; style=&#8221;vc_box_shadow_border&#8221; css=&#8221;.vc_custom_1451333489569{padding-top: 80px !important;padding-bottom: 80px !important;}&#8221;][\/vc_column][vc_column width=&#8221;2\/3&#8243;][vc_column_text]<\/p>\n<p style=\"text-align: justify;\">El municipio de Corregidora se ubica al suroeste del estado de Quer\u00e9taro y cuenta con una extensi\u00f3n de 245.8 kil\u00f3metros cuadrados. Limita al norte\u00a0con el municipio de Quer\u00e9taro, al sur y oeste con el estado de Guanajuato y al este con el municipio de\u00a0Huimilpan. Su cabecera es\u00a0El Pueblito, que se encuentra a\u00a0ocho kil\u00f3metros de la capital, formando parte de la zona metropolitana de la ciudad de Quer\u00e9taro.<\/p>\n<p style=\"text-align: justify;\">Aunque territorialmente es uno de los municipios m\u00e1s peque\u00f1os de la entidad, es uno de los m\u00e1s ricos en cuanto a historia, cultura y tradiciones, pues en las inmediaciones de la cabecera se encuentra la zona arqueol\u00f3gica de El Cerrito, considerado como uno de los\u00a0sitios prehisp\u00e1nicos m\u00e1s importante del\u00a0centro de la Rep\u00fablica, por la monumentalidad de la pir\u00e1mide principal, en la que se aprecia influencia de las culturas Teotihuacana y Tolteca.<\/p>\n<p style=\"text-align: justify;\">El origen de El Pueblito data de la \u00e9poca prehisp\u00e1nica, pues los primeros documentos coloniales hablan de que luego de\u00a0que los espa\u00f1oles\u00a0conquistan el pueblo de Quer\u00e9taro, estaban sujetos a \u00e9ste varios pueblos de indios, entre ellos San Francisco <em>Anbanica<\/em>, que\u00a0toma el nombre de Galileo a partir de la congregaci\u00f3n de naturales que se dio en el sitio durante los primeros a\u00f1os del siglo XVII.\u00a0Algunos historiadores sit\u00faan en ese tiempo la fundaci\u00f3n colonial de San Francisco Galileo, con lo que habr\u00eda cumplido hace apenas unos a\u00f1os cuatro siglos de existencia.<br \/>\nAdem\u00e1s, en la cabecera se encuentra el Santuario de la Virgen de El Pueblito, que es venerada no s\u00f3lo por los queretanos sino por los habitantes de varias entidades del pa\u00eds. Su culto se remonta al a\u00f1o de 1632, en que\u00a0como parte de la evangelizaci\u00f3n de los pueblos cercanos que emprendieron los franciscanos, fray Nicol\u00e1s de Zamora, cura de la parroquia de Quer\u00e9taro, coloc\u00f3 una imagen de la Virgen Mar\u00eda en el Misterio de la Pur\u00edsima Concepci\u00f3n -elaborada por fray Sebasti\u00e1n de Gallegos- al pie de la pir\u00e1mide de El Cerrito, donde los naturales practicaban el culto a sus \u00eddolos.<\/p>\n<p style=\"text-align: justify;\">Pronto los ind\u00edgenas abandonaron sus antiguas creencias y aument\u00f3\u00a0la veneraci\u00f3n hacia la sagrada imagen por parte de los ind\u00edgenas, quienes la honraron con sus tradicionales fiestas. El culto aument\u00f3 hasta los pueblos y ciudades de los alrededores, lo que motiv\u00f3 en 1736 la construcci\u00f3n del\u00a0Santuario y a\u00f1os despu\u00e9s la edificaci\u00f3n del convento franciscano.<br \/>\nEn\u00a0el siglo XVII, alrededor del pueblo de Quer\u00e9taro florecieron numerosas estancias\u00a0ganaderas, que en la centuria siguiente se convirtieron en pr\u00f3speras\u00a0haciendas agr\u00edcolas que sustentaron la vida de Quer\u00e9taro durante\u00a0el virreinato.\u00a0Algunas de esas haciendas se ubicaban en los alrededores de El Pueblito como Balvanera, San Juanico, Vanegas, Bat\u00e1n, Bravo y La Cueva, las cuales dieron prosperidad a la regi\u00f3n.\u00a0Sus propietarios eran ricos personajes de la ciudad de Quer\u00e9taro,\u00a0ligados a la econom\u00eda y pol\u00edtica de la capital.<\/p>\n<p style=\"text-align: justify;\">Durante el M\u00e9xico independiente, en que la cabecera cambia su fisonom\u00eda\u00a0con la dotaci\u00f3n de diversas\u00a0obras materiales y servicios,\u00a0el pueblo de San Francisco Galileo nace a la vida institucional con el establecimiento de su primer ayuntamiento en 1820. Con la expedici\u00f3n cinco a\u00f1os despu\u00e9s de la primera Constituci\u00f3n Pol\u00edtica del Estado de Quer\u00e9taro, pasa a formar parte del Distrito de Quer\u00e9taro\u00a0como una de sus municipalidades. En 1833 se convierte en Villa de Santa Mar\u00eda del Pueblito.<\/p>\n<p style=\"text-align: justify;\">Conserva la categor\u00eda pol\u00edtica de municipalidad\u00a0hasta 1916, en que Venustiano Carranza expide la Ley del Municipio Libre. En 1931 se cambia el nombre del municipio por el de Corregidora. Finalmente, luego de algunos cambios que se dan con la desaparici\u00f3n y creaci\u00f3n de municipios por parte de\u00a0diversos gobiernos, a partir del 6 de julio de 1939 se elev\u00f3 definitivamente a la categor\u00eda de municipio, con El Pueblito como su cabecera. Su primer presidente municipal fue el se\u00f1or Pompeyo Herrera Uribe.<\/p>\n<p>[\/vc_column_text][\/vc_column][\/vc_row]<\/p>\n","protected":false},"excerpt":{"rendered":"<p>[vc_row][vc_column][vc_column_text css=&#8221;.vc_custom_1558642454338{padding-top: 40px !important;}&#8221;] S\u00edntesis hist\u00f3rica del Municipio de Corregidora [\/vc_column_text][\/vc_column][\/vc_row][vc_row css=&#8221;.vc_custom_1447128588399{padding-bottom: 40px !important;}&#8221;][vc_column width=&#8221;1\/3&#8243;][vc_column_text] Por Dulce Mar\u00eda Ard\u00f3n, Cronista Municipal [\/vc_column_text][vc_single_image image=&#8221;3375&#8243; img_size=&#8221;300&#215;220&#8243; alignment=&#8221;right&#8221; style=&#8221;vc_box_shadow_border&#8221; css=&#8221;.vc_custom_1451333489569{padding-top: 80px !important;padding-bottom: 80px !important;}&#8221;][\/vc_column][vc_column width=&#8221;2\/3&#8243;][vc_column_text] El municipio de Corregidora se ubica al suroeste&#8230;<\/p>\n","protected":false},"author":15,"featured_media":0,"parent":2169,"menu_order":0,"comment_status":"closed","ping_status":"closed","template":"","meta":[],"_links":{"self":[{"href":"https:\/\/corregidora.gob.mx\/portal\/wp-json\/wp\/v2\/pages\/2439"}],"collection":[{"href":"https:\/\/corregidora.gob.mx\/portal\/wp-json\/wp\/v2\/pages"}],"about":[{"href":"https:\/\/corregidora.gob.mx\/portal\/wp-json\/wp\/v2\/types\/page"}],"author":[{"embeddable":true,"href":"https:\/\/corregidora.gob.mx\/portal\/wp-json\/wp\/v2\/users\/15"}],"replies":[{"embeddable":true,"href":"https:\/\/corregidora.gob.mx\/portal\/wp-json\/wp\/v2\/comments?post=2439"}],"version-history":[{"count":10,"href":"https:\/\/corregidora.gob.mx\/portal\/wp-json\/wp\/v2\/pages\/2439\/revisions"}],"predecessor-version":[{"id":11835,"href":"https:\/\/corregidora.gob.mx\/portal\/wp-json\/wp\/v2\/pages\/2439\/revisions\/11835"}],"up":[{"embeddable":true,"href":"https:\/\/corregidora.gob.mx\/portal\/wp-json\/wp\/v2\/pages\/2169"}],"wp:attachment":[{"href":"https:\/\/corregidora.gob.mx\/portal\/wp-json\/wp\/v2\/media?parent=2439"}],"curies":[{"name":"wp","href":"https:\/\/api.w.org\/{rel}","templated":true}]}}