{"id":19878,"date":"2020-09-01T10:53:29","date_gmt":"2020-09-01T15:53:29","guid":{"rendered":"https:\/\/corregidora.gob.mx\/portal\/?page_id=19878"},"modified":"2020-12-04T17:01:41","modified_gmt":"2020-12-04T23:01:41","slug":"acuerdos-autorizados","status":"publish","type":"page","link":"https:\/\/corregidora.gob.mx\/portal\/covid\/acuerdos-autorizados\/","title":{"rendered":"Acuerdos Autorizados"},"content":{"rendered":"<p>[vc_row][vc_column][vc_single_image image=&#8221;19059&#8243; img_size=&#8221;full&#8221; alignment=&#8221;center&#8221;][\/vc_column][\/vc_row][vc_row][vc_column][vc_column_text css_animation=&#8221;bounceInLeft&#8221;]<\/p>\n<p style=\"text-align: center;\"><strong><a href=\"http:\/\/corregidora.gob.mx\/Documentos\/2018-2021\/archivosweb\/Gaceta4.pdf\" target=\"_blank\" rel=\"noopener noreferrer\">Acuerdo para reforzar las medidas preventivas entorno a la pandemia COVID-19<\/a><\/strong><\/p>\n<p>[\/vc_column_text][vc_column_text css_animation=&#8221;bounceInRight&#8221;]<\/p>\n<p style=\"text-align: center;\"><strong><a href=\"http:\/\/corregidora.gob.mx\/Documentos\/2018-2021\/archivosweb\/Gaceta5.pdf\" target=\"_blank\" rel=\"noopener noreferrer\">Acuerdo de adopci\u00f3n de Recomendaciones Generales aprobadas por la Secretar\u00eda de Seguridad Ciudadana y Consejo Estatal entorno al COVID-19<\/a><\/strong><\/p>\n<p>[\/vc_column_text][vc_column_text css_animation=&#8221;bounceInRight&#8221;]<\/p>\n<p style=\"text-align: center;\"><strong><a href=\"http:\/\/corregidora.gob.mx\/Documentos\/2018-2021\/archivosweb\/predi.pdf\" target=\"_blank\" rel=\"noopener noreferrer\">Certificaci\u00f3n Programa de Reactivaci\u00f3n Econ\u00f3mica para Desarrollos Inmobiliarios PREDI<\/a><\/strong><\/p>\n<p>[\/vc_column_text][vc_column_text css_animation=&#8221;bounceInRight&#8221;]<\/p>\n<p style=\"text-align: center;\"><strong><a href=\"http:\/\/corregidora.gob.mx\/Documentos\/2018-2021\/archivosweb\/gacetalapiramide2020.pdf\" target=\"_blank\" rel=\"noopener noreferrer\">Acuerdo mediante el cual se adoptan las medidas establecidas en el Acuerdo de Colaboraci\u00f3n para establecer Unidades Especiales de Anti-COVID-19, publicado en fecha 27 de noviembre del 2020 en el peri\u00f3dico oficial \u201cLa Sombra de Arteaga\u201d<\/a><\/strong><\/p>\n<p>[\/vc_column_text][\/vc_column][\/vc_row]<\/p>\n","protected":false},"excerpt":{"rendered":"<p>[vc_row][vc_column][vc_single_image image=&#8221;19059&#8243; img_size=&#8221;full&#8221; alignment=&#8221;center&#8221;][\/vc_column][\/vc_row][vc_row][vc_column][vc_column_text css_animation=&#8221;bounceInLeft&#8221;] Acuerdo para reforzar las medidas preventivas entorno a la pandemia COVID-19 [\/vc_column_text][vc_column_text css_animation=&#8221;bounceInRight&#8221;] Acuerdo de adopci\u00f3n de Recomendaciones Generales aprobadas por la Secretar\u00eda de Seguridad Ciudadana y Consejo Estatal entorno al COVID-19 [\/vc_column_text][vc_column_text css_animation=&#8221;bounceInRight&#8221;] Certificaci\u00f3n&#8230;<\/p>\n","protected":false},"author":7,"featured_media":0,"parent":18661,"menu_order":0,"comment_status":"closed","ping_status":"closed","template":"","meta":[],"_links":{"self":[{"href":"https:\/\/corregidora.gob.mx\/portal\/wp-json\/wp\/v2\/pages\/19878"}],"collection":[{"href":"https:\/\/corregidora.gob.mx\/portal\/wp-json\/wp\/v2\/pages"}],"about":[{"href":"https:\/\/corregidora.gob.mx\/portal\/wp-json\/wp\/v2\/types\/page"}],"author":[{"embeddable":true,"href":"https:\/\/corregidora.gob.mx\/portal\/wp-json\/wp\/v2\/users\/7"}],"replies":[{"embeddable":true,"href":"https:\/\/corregidora.gob.mx\/portal\/wp-json\/wp\/v2\/comments?post=19878"}],"version-history":[{"count":15,"href":"https:\/\/corregidora.gob.mx\/portal\/wp-json\/wp\/v2\/pages\/19878\/revisions"}],"predecessor-version":[{"id":23078,"href":"https:\/\/corregidora.gob.mx\/portal\/wp-json\/wp\/v2\/pages\/19878\/revisions\/23078"}],"up":[{"embeddable":true,"href":"https:\/\/corregidora.gob.mx\/portal\/wp-json\/wp\/v2\/pages\/18661"}],"wp:attachment":[{"href":"https:\/\/corregidora.gob.mx\/portal\/wp-json\/wp\/v2\/media?parent=19878"}],"curies":[{"name":"wp","href":"https:\/\/api.w.org\/{rel}","templated":true}]}}