{"id":12928,"date":"2019-09-09T12:00:30","date_gmt":"2019-09-09T17:00:30","guid":{"rendered":"http:\/\/www.corregidora.gob.mx\/portal\/?page_id=12928"},"modified":"2024-12-16T14:53:38","modified_gmt":"2024-12-16T20:53:38","slug":"pmv","status":"publish","type":"page","link":"https:\/\/corregidora.gob.mx\/portal\/pmv\/","title":{"rendered":"TRANSPORTE MOVIVAN"},"content":{"rendered":"<p>[vc_row][vc_column][vc_single_image image=&#8221;39173&#8243; img_size=&#8221;full&#8221; alignment=&#8221;center&#8221;][vc_row_inner][vc_column_inner width=&#8221;1\/2&#8243;][vc_cta h2=&#8221;&#8221; txt_align=&#8221;center&#8221; color=&#8221;white&#8221; add_button=&#8221;bottom&#8221; btn_title=&#8221;BASES DEL PROGRAMA&#8221; btn_style=&#8221;3d&#8221; btn_color=&#8221;sky&#8221; btn_align=&#8221;center&#8221; btn_css_animation=&#8221;bounceInUp&#8221; btn_button_block=&#8221;true&#8221; btn_link=&#8221;url:https%3A%2F%2Fcorregidora.gob.mx%2FDocumentos%2F2018-2021%2Farchivosweb%2FBasesMovivan2024.pdf|target:_blank&#8221;][\/vc_cta][\/vc_column_inner][vc_column_inner width=&#8221;1\/2&#8243;][vc_cta h2=&#8221;&#8221; txt_align=&#8221;center&#8221; color=&#8221;white&#8221; add_button=&#8221;bottom&#8221; btn_title=&#8221;RUTAS DEL PROGRAMA&#8221; btn_style=&#8221;3d&#8221; btn_color=&#8221;blue&#8221; btn_align=&#8221;center&#8221; btn_css_animation=&#8221;bounceInDown&#8221; btn_button_block=&#8221;true&#8221; btn_link=&#8221;url:https%3A%2F%2Fcorregidora.gob.mx%2FDocumentos%2F2021-2024%2Farchivosweb%2FRutasMovivan2024_2.pdf|target:_blank&#8221;][\/vc_cta][\/vc_column_inner][vc_column_inner][vc_cta h2=&#8221;&#8221; txt_align=&#8221;center&#8221; color=&#8221;white&#8221; add_button=&#8221;bottom&#8221; btn_title=&#8221;TRANSPORTE MOVIVAN&#8221; btn_style=&#8221;3d&#8221; btn_color=&#8221;turquoise&#8221; btn_align=&#8221;center&#8221; btn_css_animation=&#8221;bounceInDown&#8221; btn_button_block=&#8221;true&#8221; btn_link=&#8221;url:http%3A%2F%2Fidentificate.corregidora.gob.mx%2Fidentificate%23no-back-button|target:_blank&#8221;][\/vc_cta][\/vc_column_inner][\/vc_row_inner][\/vc_column][\/vc_row][vc_row][vc_column][vc_column_text]<\/p>\n<h4 style=\"text-align: center;\"><strong>Reglamento<\/strong><\/h4>\n<p>[\/vc_column_text][vc_cta h2=&#8221;&#8221; txt_align=&#8221;center&#8221; color=&#8221;white&#8221; add_button=&#8221;bottom&#8221; btn_title=&#8221;REGLAMENTO&#8221; btn_style=&#8221;3d&#8221; btn_color=&#8221;turquoise&#8221; btn_align=&#8221;center&#8221; btn_css_animation=&#8221;bounceInDown&#8221; btn_button_block=&#8221;true&#8221; btn_link=&#8221;url:https%3A%2F%2Fcorregidora.gob.mx%2FDocumentos%2F2018-2021%2Farchivosweb%2Freglamento.pdf|target:_blank&#8221;][\/vc_cta][\/vc_column][\/vc_row][vc_row][vc_column][vc_column_text]<\/p>\n<p style=\"text-align: left;\">El Municipio de Corregidora, Quer\u00e9taro, con domicilio para o\u00edr y recibir notificaciones en calle Ex Hacienda el Cerrito #100, El Pueblito, Corregidora, Quer\u00e9taro, es responsable del tratamiento a sus datos personales en atenci\u00f3n a la finalidad por la que fueron proporcionados.<\/p>\n<p style=\"text-align: left;\">Para mayor informaci\u00f3n sobre el tratamiento a sus datos personales y de los derechos que puede hacer valer, se pone a su disposici\u00f3n el aviso de privacidad integral a trav\u00e9s de la p\u00e1gina de Internet: https:\/\/corregidora.gob.mx\/Transparencia\/aviso-privacidad\/<\/p>\n<p>[\/vc_column_text][\/vc_column][\/vc_row]<\/p>\n","protected":false},"excerpt":{"rendered":"<p>[vc_row][vc_column][vc_single_image image=&#8221;39173&#8243; img_size=&#8221;full&#8221; alignment=&#8221;center&#8221;][vc_row_inner][vc_column_inner width=&#8221;1\/2&#8243;][vc_cta h2=&#8221;&#8221; txt_align=&#8221;center&#8221; color=&#8221;white&#8221; add_button=&#8221;bottom&#8221; btn_title=&#8221;BASES DEL PROGRAMA&#8221; btn_style=&#8221;3d&#8221; btn_color=&#8221;sky&#8221; btn_align=&#8221;center&#8221; btn_css_animation=&#8221;bounceInUp&#8221; btn_button_block=&#8221;true&#8221; btn_link=&#8221;url:https%3A%2F%2Fcorregidora.gob.mx%2FDocumentos%2F2018-2021%2Farchivosweb%2FBasesMovivan2024.pdf|target:_blank&#8221;][\/vc_cta][\/vc_column_inner][vc_column_inner width=&#8221;1\/2&#8243;][vc_cta h2=&#8221;&#8221; txt_align=&#8221;center&#8221; color=&#8221;white&#8221; add_button=&#8221;bottom&#8221; btn_title=&#8221;RUTAS DEL PROGRAMA&#8221; btn_style=&#8221;3d&#8221; btn_color=&#8221;blue&#8221; btn_align=&#8221;center&#8221; btn_css_animation=&#8221;bounceInDown&#8221; btn_button_block=&#8221;true&#8221; btn_link=&#8221;url:https%3A%2F%2Fcorregidora.gob.mx%2FDocumentos%2F2021-2024%2Farchivosweb%2FRutasMovivan2024_2.pdf|target:_blank&#8221;][\/vc_cta][\/vc_column_inner][vc_column_inner][vc_cta h2=&#8221;&#8221; txt_align=&#8221;center&#8221; color=&#8221;white&#8221; add_button=&#8221;bottom&#8221; btn_title=&#8221;TRANSPORTE MOVIVAN&#8221; btn_style=&#8221;3d&#8221; btn_color=&#8221;turquoise&#8221;&#8230;<\/p>\n","protected":false},"author":17,"featured_media":0,"parent":0,"menu_order":0,"comment_status":"closed","ping_status":"closed","template":"","meta":[],"_links":{"self":[{"href":"https:\/\/corregidora.gob.mx\/portal\/wp-json\/wp\/v2\/pages\/12928"}],"collection":[{"href":"https:\/\/corregidora.gob.mx\/portal\/wp-json\/wp\/v2\/pages"}],"about":[{"href":"https:\/\/corregidora.gob.mx\/portal\/wp-json\/wp\/v2\/types\/page"}],"author":[{"embeddable":true,"href":"https:\/\/corregidora.gob.mx\/portal\/wp-json\/wp\/v2\/users\/17"}],"replies":[{"embeddable":true,"href":"https:\/\/corregidora.gob.mx\/portal\/wp-json\/wp\/v2\/comments?post=12928"}],"version-history":[{"count":36,"href":"https:\/\/corregidora.gob.mx\/portal\/wp-json\/wp\/v2\/pages\/12928\/revisions"}],"predecessor-version":[{"id":39170,"href":"https:\/\/corregidora.gob.mx\/portal\/wp-json\/wp\/v2\/pages\/12928\/revisions\/39170"}],"wp:attachment":[{"href":"https:\/\/corregidora.gob.mx\/portal\/wp-json\/wp\/v2\/media?parent=12928"}],"curies":[{"name":"wp","href":"https:\/\/api.w.org\/{rel}","templated":true}]}}