{"id":388,"date":"2025-12-28T22:15:46","date_gmt":"2025-12-29T04:15:46","guid":{"rendered":"https:\/\/corregidora.gob.mx\/emprendimiento\/?page_id=388"},"modified":"2025-12-28T22:19:19","modified_gmt":"2025-12-29T04:19:19","slug":"market-place","status":"publish","type":"page","link":"https:\/\/corregidora.gob.mx\/emprendimiento\/market-place\/","title":{"rendered":"Market Place"},"content":{"rendered":"<div class=\"wpb-content-wrapper\"><p>[vc_row][vc_column]<div  class=\"creativesplanet-element creativesplanet-element-service cspt-element-service-style-1 creativesplanet-element-viewtype-row-column cspt-sortable-no\" data-show=\"24\" data-columns=\"3\" data-loop=\"false\" data-autoplay=\"false\" data-center=\"false\" data-nav=\"false\" data-dots=\"false\" data-autoplayspeed=\"1000\" data-autoplaytimeout=\"4000\" data-margin=\"\" data-show-portion=\"false\"><div class=\"creativesplanet-element-inner\"><div class=\"cspt-ele-header-area\"><\/div><div class=\"cspt-element-posts-wrapper row multi-columns-row\"><div class=\"cspt-ele cspt-service-ele col-md-4 comercios cspt-term-60\"><article class=\"creativesplanet-ele creativesplanet-ele-service cspt-service-style-1\">\r\n\t<div class=\"creativesplanet-post-item\">\t\t\t  \r\n\t\t<div class=\"cspt-featured-wrapper\"><a href=\"https:\/\/corregidora.gob.mx\/emprendimiento\/servicio\/promaps\/\"><img fetchpriority=\"high\" decoding=\"async\" width=\"770\" height=\"500\" src=\"https:\/\/corregidora.gob.mx\/emprendimiento\/wp-content\/uploads\/2026\/01\/Promaps-logo-770x500.jpg\" class=\"attachment-cspt-img-770x500 size-cspt-img-770x500 wp-post-image\" alt=\"\" data-id=\"613\" \/><\/a><\/div>\t\r\n\t\t<div class=\"creativesplanet-box-content\">\t\r\n\t\t\t<div class=\"cspt-service-icon\">\r\n\t\t\t\t<div class=\"cspt-service-icon-wrapper\">\r\n\t\t\t\t\t\t\t\t\t<\/div>\r\n\t\t\t<\/div>\t\t\t\t\t\r\n\t\t\t<div class=\"creativesplanet-box-content-inner\">\r\n\t\t\t\t<h3 class=\"cspt-service-title\"><a href=\"https:\/\/corregidora.gob.mx\/emprendimiento\/servicio\/promaps\/\">ProMaps<\/a><\/h3> \r\n\t\t\t\t\t\t\t\t<div class=\"cspt-service-content\"><p>Publicidad en impresos, impresi\u00f3n de publigraf\u00eda, souvenirs publicitarios, impresos generales, mercadeo.<\/p>\n<\/div>\r\n\t\t\t\t\t\t\t\t<div class=\"cspt-service-btn\"> \r\n\t\t\t\t\t\t<a class=\"vc_general vc_btn3 vc_btn3-size-md vc_btn3-shape-rounded vc_btn3-style-outline vc_btn3-block vc_btn3-icon-right vc_btn3-color-default\" href=\"https:\/\/corregidora.gob.mx\/emprendimiento\/servicio\/promaps\/\">ver m\u00e1s... <i class=\"cspt-base-icon-right-arrow\"><\/i><\/a>\r\n\t\t\t\t<\/div>\r\n\t\t\t<\/div>\r\n\t\t<\/div>\r\n\t<\/div>\r\n<\/article><\/div><div class=\"cspt-ele cspt-service-ele col-md-4 personales cspt-term-61\"><article class=\"creativesplanet-ele creativesplanet-ele-service cspt-service-style-1\">\r\n\t<div class=\"creativesplanet-post-item\">\t\t\t  \r\n\t\t<div class=\"cspt-featured-wrapper\"><a href=\"https:\/\/corregidora.gob.mx\/emprendimiento\/servicio\/la-escuela-de-musica\/\"><img decoding=\"async\" width=\"500\" height=\"500\" src=\"https:\/\/corregidora.gob.mx\/emprendimiento\/wp-content\/uploads\/2026\/01\/Academia-de-musica.jpg\" class=\"attachment-cspt-img-770x500 size-cspt-img-770x500 wp-post-image\" alt=\"\" srcset=\"https:\/\/corregidora.gob.mx\/emprendimiento\/wp-content\/uploads\/2026\/01\/Academia-de-musica.jpg 500w, https:\/\/corregidora.gob.mx\/emprendimiento\/wp-content\/uploads\/2026\/01\/Academia-de-musica-300x300.jpg 300w, https:\/\/corregidora.gob.mx\/emprendimiento\/wp-content\/uploads\/2026\/01\/Academia-de-musica-150x150.jpg 150w, https:\/\/corregidora.gob.mx\/emprendimiento\/wp-content\/uploads\/2026\/01\/Academia-de-musica-270x270.jpg 270w\" sizes=\"(max-width: 500px) 100vw, 500px\" data-id=\"618\" \/><\/a><\/div>\t\r\n\t\t<div class=\"creativesplanet-box-content\">\t\r\n\t\t\t<div class=\"cspt-service-icon\">\r\n\t\t\t\t<div class=\"cspt-service-icon-wrapper\">\r\n\t\t\t\t\t\t\t\t\t<\/div>\r\n\t\t\t<\/div>\t\t\t\t\t\r\n\t\t\t<div class=\"creativesplanet-box-content-inner\">\r\n\t\t\t\t<h3 class=\"cspt-service-title\"><a href=\"https:\/\/corregidora.gob.mx\/emprendimiento\/servicio\/la-escuela-de-musica\/\">La Escuela de M\u00fasica<\/a><\/h3> \r\n\t\t\t\t\t\t\t\t<div class=\"cspt-service-btn\"> \r\n\t\t\t\t\t\t<a class=\"vc_general vc_btn3 vc_btn3-size-md vc_btn3-shape-rounded vc_btn3-style-outline vc_btn3-block vc_btn3-icon-right vc_btn3-color-default\" href=\"https:\/\/corregidora.gob.mx\/emprendimiento\/servicio\/la-escuela-de-musica\/\">ver m\u00e1s... <i class=\"cspt-base-icon-right-arrow\"><\/i><\/a>\r\n\t\t\t\t<\/div>\r\n\t\t\t<\/div>\r\n\t\t<\/div>\r\n\t<\/div>\r\n<\/article><\/div><div class=\"cspt-ele cspt-service-ele col-md-4 turismo cspt-term-58\"><article class=\"creativesplanet-ele creativesplanet-ele-service cspt-service-style-1\">\r\n\t<div class=\"creativesplanet-post-item\">\t\t\t  \r\n\t\t<div class=\"cspt-featured-wrapper\"><a href=\"https:\/\/corregidora.gob.mx\/emprendimiento\/servicio\/esquimalli\/\"><img decoding=\"async\" width=\"770\" height=\"500\" src=\"https:\/\/corregidora.gob.mx\/emprendimiento\/wp-content\/uploads\/2026\/01\/Con-toque-mexicano-imagen-2-770x500.jpg\" class=\"attachment-cspt-img-770x500 size-cspt-img-770x500 wp-post-image\" alt=\"\" data-id=\"639\" \/><\/a><\/div>\t\r\n\t\t<div class=\"creativesplanet-box-content\">\t\r\n\t\t\t<div class=\"cspt-service-icon\">\r\n\t\t\t\t<div class=\"cspt-service-icon-wrapper\">\r\n\t\t\t\t\t\t\t\t\t<\/div>\r\n\t\t\t<\/div>\t\t\t\t\t\r\n\t\t\t<div class=\"creativesplanet-box-content-inner\">\r\n\t\t\t\t<h3 class=\"cspt-service-title\"><a href=\"https:\/\/corregidora.gob.mx\/emprendimiento\/servicio\/esquimalli\/\">Esquimalli<\/a><\/h3> \r\n\t\t\t\t\t\t\t\t<div class=\"cspt-service-content\"><p>Bolis gourmet<\/p>\n<\/div>\r\n\t\t\t\t\t\t\t\t<div class=\"cspt-service-btn\"> \r\n\t\t\t\t\t\t<a class=\"vc_general vc_btn3 vc_btn3-size-md vc_btn3-shape-rounded vc_btn3-style-outline vc_btn3-block vc_btn3-icon-right vc_btn3-color-default\" href=\"https:\/\/corregidora.gob.mx\/emprendimiento\/servicio\/esquimalli\/\">ver m\u00e1s... <i class=\"cspt-base-icon-right-arrow\"><\/i><\/a>\r\n\t\t\t\t<\/div>\r\n\t\t\t<\/div>\r\n\t\t<\/div>\r\n\t<\/div>\r\n<\/article><\/div><div class=\"cspt-ele cspt-service-ele col-md-4 turismo cspt-term-58\"><article class=\"creativesplanet-ele creativesplanet-ele-service cspt-service-style-1\">\r\n\t<div class=\"creativesplanet-post-item\">\t\t\t  \r\n\t\t<div class=\"cspt-featured-wrapper\"><a href=\"https:\/\/corregidora.gob.mx\/emprendimiento\/servicio\/margaretta-doratta\/\"><img loading=\"lazy\" decoding=\"async\" width=\"770\" height=\"500\" src=\"https:\/\/corregidora.gob.mx\/emprendimiento\/wp-content\/uploads\/2025\/12\/MARGARETTA-DORATTA-770x500.jpg\" class=\"attachment-cspt-img-770x500 size-cspt-img-770x500 wp-post-image\" alt=\"\" data-id=\"343\" \/><\/a><\/div>\t\r\n\t\t<div class=\"creativesplanet-box-content\">\t\r\n\t\t\t<div class=\"cspt-service-icon\">\r\n\t\t\t\t<div class=\"cspt-service-icon-wrapper\">\r\n\t\t\t\t\t\t\t\t\t<\/div>\r\n\t\t\t<\/div>\t\t\t\t\t\r\n\t\t\t<div class=\"creativesplanet-box-content-inner\">\r\n\t\t\t\t<h3 class=\"cspt-service-title\"><a href=\"https:\/\/corregidora.gob.mx\/emprendimiento\/servicio\/margaretta-doratta\/\">MARGARETTA DORATTA<\/a><\/h3> \r\n\t\t\t\t\t\t\t\t<div class=\"cspt-service-content\"><p>Pizzas artesanales de masa madre, pastas, ensaladas, cafeter\u00eda.<\/p>\n<\/div>\r\n\t\t\t\t\t\t\t\t<div class=\"cspt-service-btn\"> \r\n\t\t\t\t\t\t<a class=\"vc_general vc_btn3 vc_btn3-size-md vc_btn3-shape-rounded vc_btn3-style-outline vc_btn3-block vc_btn3-icon-right vc_btn3-color-default\" href=\"https:\/\/corregidora.gob.mx\/emprendimiento\/servicio\/margaretta-doratta\/\">ver m\u00e1s... <i class=\"cspt-base-icon-right-arrow\"><\/i><\/a>\r\n\t\t\t\t<\/div>\r\n\t\t\t<\/div>\r\n\t\t<\/div>\r\n\t<\/div>\r\n<\/article><\/div><div class=\"cspt-ele cspt-service-ele col-md-4 comercios cspt-term-60\"><article class=\"creativesplanet-ele creativesplanet-ele-service cspt-service-style-1\">\r\n\t<div class=\"creativesplanet-post-item\">\t\t\t  \r\n\t\t<div class=\"cspt-featured-wrapper\"><a href=\"https:\/\/corregidora.gob.mx\/emprendimiento\/servicio\/kuukum\/\"><img loading=\"lazy\" decoding=\"async\" width=\"512\" height=\"500\" src=\"https:\/\/corregidora.gob.mx\/emprendimiento\/wp-content\/uploads\/2026\/02\/Kuukum-logo-512x500.png\" class=\"attachment-cspt-img-770x500 size-cspt-img-770x500 wp-post-image\" alt=\"\" data-id=\"658\" \/><\/a><\/div>\t\r\n\t\t<div class=\"creativesplanet-box-content\">\t\r\n\t\t\t<div class=\"cspt-service-icon\">\r\n\t\t\t\t<div class=\"cspt-service-icon-wrapper\">\r\n\t\t\t\t\t\t\t\t\t<\/div>\r\n\t\t\t<\/div>\t\t\t\t\t\r\n\t\t\t<div class=\"creativesplanet-box-content-inner\">\r\n\t\t\t\t<h3 class=\"cspt-service-title\"><a href=\"https:\/\/corregidora.gob.mx\/emprendimiento\/servicio\/kuukum\/\">Kuukum<\/a><\/h3> \r\n\t\t\t\t\t\t\t\t<div class=\"cspt-service-content\"><p>Personalizaci\u00f3n de productos<\/p>\n<\/div>\r\n\t\t\t\t\t\t\t\t<div class=\"cspt-service-btn\"> \r\n\t\t\t\t\t\t<a class=\"vc_general vc_btn3 vc_btn3-size-md vc_btn3-shape-rounded vc_btn3-style-outline vc_btn3-block vc_btn3-icon-right vc_btn3-color-default\" href=\"https:\/\/corregidora.gob.mx\/emprendimiento\/servicio\/kuukum\/\">ver m\u00e1s... <i class=\"cspt-base-icon-right-arrow\"><\/i><\/a>\r\n\t\t\t\t<\/div>\r\n\t\t\t<\/div>\r\n\t\t<\/div>\r\n\t<\/div>\r\n<\/article><\/div><div class=\"cspt-ele cspt-service-ele col-md-4 personales cspt-term-61\"><article class=\"creativesplanet-ele creativesplanet-ele-service cspt-service-style-1\">\r\n\t<div class=\"creativesplanet-post-item\">\t\t\t  \r\n\t\t<div class=\"cspt-featured-wrapper\"><a href=\"https:\/\/corregidora.gob.mx\/emprendimiento\/servicio\/physis\/\"><img loading=\"lazy\" decoding=\"async\" width=\"464\" height=\"385\" src=\"https:\/\/corregidora.gob.mx\/emprendimiento\/wp-content\/uploads\/2026\/01\/PHYSIS-logo.png\" class=\"attachment-cspt-img-770x500 size-cspt-img-770x500 wp-post-image\" alt=\"\" srcset=\"https:\/\/corregidora.gob.mx\/emprendimiento\/wp-content\/uploads\/2026\/01\/PHYSIS-logo.png 464w, https:\/\/corregidora.gob.mx\/emprendimiento\/wp-content\/uploads\/2026\/01\/PHYSIS-logo-300x249.png 300w\" sizes=\"(max-width: 464px) 100vw, 464px\" data-id=\"589\" \/><\/a><\/div>\t\r\n\t\t<div class=\"creativesplanet-box-content\">\t\r\n\t\t\t<div class=\"cspt-service-icon\">\r\n\t\t\t\t<div class=\"cspt-service-icon-wrapper\">\r\n\t\t\t\t\t\t\t\t\t<\/div>\r\n\t\t\t<\/div>\t\t\t\t\t\r\n\t\t\t<div class=\"creativesplanet-box-content-inner\">\r\n\t\t\t\t<h3 class=\"cspt-service-title\"><a href=\"https:\/\/corregidora.gob.mx\/emprendimiento\/servicio\/physis\/\">Physis<\/a><\/h3> \r\n\t\t\t\t\t\t\t\t<div class=\"cspt-service-content\"><p>Purificadora de agua<\/p>\n<\/div>\r\n\t\t\t\t\t\t\t\t<div class=\"cspt-service-btn\"> \r\n\t\t\t\t\t\t<a class=\"vc_general vc_btn3 vc_btn3-size-md vc_btn3-shape-rounded vc_btn3-style-outline vc_btn3-block vc_btn3-icon-right vc_btn3-color-default\" href=\"https:\/\/corregidora.gob.mx\/emprendimiento\/servicio\/physis\/\">ver m\u00e1s... <i class=\"cspt-base-icon-right-arrow\"><\/i><\/a>\r\n\t\t\t\t<\/div>\r\n\t\t\t<\/div>\r\n\t\t<\/div>\r\n\t<\/div>\r\n<\/article><\/div><div class=\"cspt-ele cspt-service-ele col-md-4 personales cspt-term-61\"><article class=\"creativesplanet-ele creativesplanet-ele-service cspt-service-style-1\">\r\n\t<div class=\"creativesplanet-post-item\">\t\t\t  \r\n\t\t<div class=\"cspt-featured-wrapper\"><a href=\"https:\/\/corregidora.gob.mx\/emprendimiento\/servicio\/polygon-taller-3d\/\"><img loading=\"lazy\" decoding=\"async\" width=\"240\" height=\"240\" src=\"https:\/\/corregidora.gob.mx\/emprendimiento\/wp-content\/uploads\/2026\/03\/POLYGON-LOGO.webp\" class=\"attachment-cspt-img-770x500 size-cspt-img-770x500 wp-post-image\" alt=\"\" srcset=\"https:\/\/corregidora.gob.mx\/emprendimiento\/wp-content\/uploads\/2026\/03\/POLYGON-LOGO.webp 240w, https:\/\/corregidora.gob.mx\/emprendimiento\/wp-content\/uploads\/2026\/03\/POLYGON-LOGO-150x150.webp 150w\" sizes=\"(max-width: 240px) 100vw, 240px\" data-id=\"756\" \/><\/a><\/div>\t\r\n\t\t<div class=\"creativesplanet-box-content\">\t\r\n\t\t\t<div class=\"cspt-service-icon\">\r\n\t\t\t\t<div class=\"cspt-service-icon-wrapper\">\r\n\t\t\t\t\t\t\t\t\t<\/div>\r\n\t\t\t<\/div>\t\t\t\t\t\r\n\t\t\t<div class=\"creativesplanet-box-content-inner\">\r\n\t\t\t\t<h3 class=\"cspt-service-title\"><a href=\"https:\/\/corregidora.gob.mx\/emprendimiento\/servicio\/polygon-taller-3d\/\">Polygon Taller 3D<\/a><\/h3> \r\n\t\t\t\t\t\t\t\t<div class=\"cspt-service-content\"><p>Impresi\u00f3n 3D de proyectos de ingenier\u00eda, Productos personalizados, Reparaciones personalizadas, Capacitaci\u00f3n para utilizar, impresoras 3D, Reparaci\u00f3n de impresoras 3D<\/p>\n<\/div>\r\n\t\t\t\t\t\t\t\t<div class=\"cspt-service-btn\"> \r\n\t\t\t\t\t\t<a class=\"vc_general vc_btn3 vc_btn3-size-md vc_btn3-shape-rounded vc_btn3-style-outline vc_btn3-block vc_btn3-icon-right vc_btn3-color-default\" href=\"https:\/\/corregidora.gob.mx\/emprendimiento\/servicio\/polygon-taller-3d\/\">ver m\u00e1s... <i class=\"cspt-base-icon-right-arrow\"><\/i><\/a>\r\n\t\t\t\t<\/div>\r\n\t\t\t<\/div>\r\n\t\t<\/div>\r\n\t<\/div>\r\n<\/article><\/div><div class=\"cspt-ele cspt-service-ele col-md-4 comercios cspt-term-60\"><article class=\"creativesplanet-ele creativesplanet-ele-service cspt-service-style-1\">\r\n\t<div class=\"creativesplanet-post-item\">\t\t\t  \r\n\t\t<div class=\"cspt-featured-wrapper\"><a href=\"https:\/\/corregidora.gob.mx\/emprendimiento\/servicio\/papeleria-leon\/\"><img loading=\"lazy\" decoding=\"async\" width=\"331\" height=\"229\" src=\"https:\/\/corregidora.gob.mx\/emprendimiento\/wp-content\/uploads\/2026\/01\/logo-papeleria-leon-1.png\" class=\"attachment-cspt-img-770x500 size-cspt-img-770x500 wp-post-image\" alt=\"\" srcset=\"https:\/\/corregidora.gob.mx\/emprendimiento\/wp-content\/uploads\/2026\/01\/logo-papeleria-leon-1.png 331w, https:\/\/corregidora.gob.mx\/emprendimiento\/wp-content\/uploads\/2026\/01\/logo-papeleria-leon-1-300x208.png 300w\" sizes=\"(max-width: 331px) 100vw, 331px\" data-id=\"645\" \/><\/a><\/div>\t\r\n\t\t<div class=\"creativesplanet-box-content\">\t\r\n\t\t\t<div class=\"cspt-service-icon\">\r\n\t\t\t\t<div class=\"cspt-service-icon-wrapper\">\r\n\t\t\t\t\t\t\t\t\t<\/div>\r\n\t\t\t<\/div>\t\t\t\t\t\r\n\t\t\t<div class=\"creativesplanet-box-content-inner\">\r\n\t\t\t\t<h3 class=\"cspt-service-title\"><a href=\"https:\/\/corregidora.gob.mx\/emprendimiento\/servicio\/papeleria-leon\/\">Papeler\u00eda Le\u00f3n<\/a><\/h3> \r\n\t\t\t\t\t\t\t\t<div class=\"cspt-service-content\"><p>Papeler\u00eda y art\u00edculos de oficina<\/p>\n<\/div>\r\n\t\t\t\t\t\t\t\t<div class=\"cspt-service-btn\"> \r\n\t\t\t\t\t\t<a class=\"vc_general vc_btn3 vc_btn3-size-md vc_btn3-shape-rounded vc_btn3-style-outline vc_btn3-block vc_btn3-icon-right vc_btn3-color-default\" href=\"https:\/\/corregidora.gob.mx\/emprendimiento\/servicio\/papeleria-leon\/\">ver m\u00e1s... <i class=\"cspt-base-icon-right-arrow\"><\/i><\/a>\r\n\t\t\t\t<\/div>\r\n\t\t\t<\/div>\r\n\t\t<\/div>\r\n\t<\/div>\r\n<\/article><\/div><div class=\"cspt-ele cspt-service-ele col-md-4 productos-y-servicios-agroecologicos cspt-term-74\"><article class=\"creativesplanet-ele creativesplanet-ele-service cspt-service-style-1\">\r\n\t<div class=\"creativesplanet-post-item\">\t\t\t  \r\n\t\t<div class=\"cspt-featured-wrapper\"><a href=\"https:\/\/corregidora.gob.mx\/emprendimiento\/servicio\/huertos-m-y-m\/\"><img loading=\"lazy\" decoding=\"async\" width=\"240\" height=\"240\" src=\"https:\/\/corregidora.gob.mx\/emprendimiento\/wp-content\/uploads\/2026\/02\/huertos-mym-logo.webp\" class=\"attachment-cspt-img-770x500 size-cspt-img-770x500 wp-post-image\" alt=\"\" srcset=\"https:\/\/corregidora.gob.mx\/emprendimiento\/wp-content\/uploads\/2026\/02\/huertos-mym-logo.webp 240w, https:\/\/corregidora.gob.mx\/emprendimiento\/wp-content\/uploads\/2026\/02\/huertos-mym-logo-150x150.webp 150w\" sizes=\"(max-width: 240px) 100vw, 240px\" data-id=\"689\" \/><\/a><\/div>\t\r\n\t\t<div class=\"creativesplanet-box-content\">\t\r\n\t\t\t<div class=\"cspt-service-icon\">\r\n\t\t\t\t<div class=\"cspt-service-icon-wrapper\">\r\n\t\t\t\t\t\t\t\t\t<\/div>\r\n\t\t\t<\/div>\t\t\t\t\t\r\n\t\t\t<div class=\"creativesplanet-box-content-inner\">\r\n\t\t\t\t<h3 class=\"cspt-service-title\"><a href=\"https:\/\/corregidora.gob.mx\/emprendimiento\/servicio\/huertos-m-y-m\/\">Huertos MyM<\/a><\/h3> \r\n\t\t\t\t\t\t\t\t<div class=\"cspt-service-content\"><p>Insumos naturales para huertos y jardines <\/p>\n<\/div>\r\n\t\t\t\t\t\t\t\t<div class=\"cspt-service-btn\"> \r\n\t\t\t\t\t\t<a class=\"vc_general vc_btn3 vc_btn3-size-md vc_btn3-shape-rounded vc_btn3-style-outline vc_btn3-block vc_btn3-icon-right vc_btn3-color-default\" href=\"https:\/\/corregidora.gob.mx\/emprendimiento\/servicio\/huertos-m-y-m\/\">ver m\u00e1s... <i class=\"cspt-base-icon-right-arrow\"><\/i><\/a>\r\n\t\t\t\t<\/div>\r\n\t\t\t<\/div>\r\n\t\t<\/div>\r\n\t<\/div>\r\n<\/article><\/div><div class=\"cspt-ele cspt-service-ele col-md-4 comercios cspt-term-60\"><article class=\"creativesplanet-ele creativesplanet-ele-service cspt-service-style-1\">\r\n\t<div class=\"creativesplanet-post-item\">\t\t\t  \r\n\t\t<div class=\"cspt-featured-wrapper\"><a href=\"https:\/\/corregidora.gob.mx\/emprendimiento\/servicio\/tutyendita-crativa\/\"><img loading=\"lazy\" decoding=\"async\" width=\"770\" height=\"500\" src=\"https:\/\/corregidora.gob.mx\/emprendimiento\/wp-content\/uploads\/2025\/12\/tutyendita-creativa-770x500.jpg\" class=\"attachment-cspt-img-770x500 size-cspt-img-770x500 wp-post-image\" alt=\"\" data-id=\"371\" \/><\/a><\/div>\t\r\n\t\t<div class=\"creativesplanet-box-content\">\t\r\n\t\t\t<div class=\"cspt-service-icon\">\r\n\t\t\t\t<div class=\"cspt-service-icon-wrapper\">\r\n\t\t\t\t\t\t\t\t\t<\/div>\r\n\t\t\t<\/div>\t\t\t\t\t\r\n\t\t\t<div class=\"creativesplanet-box-content-inner\">\r\n\t\t\t\t<h3 class=\"cspt-service-title\"><a href=\"https:\/\/corregidora.gob.mx\/emprendimiento\/servicio\/tutyendita-crativa\/\">TUTYendita Creativa<\/a><\/h3> \r\n\t\t\t\t\t\t\t\t<div class=\"cspt-service-content\"><p>Vasos y Termos Personalizados, Playeras y Papeler\u00eda personalizadas<\/p>\n<\/div>\r\n\t\t\t\t\t\t\t\t<div class=\"cspt-service-btn\"> \r\n\t\t\t\t\t\t<a class=\"vc_general vc_btn3 vc_btn3-size-md vc_btn3-shape-rounded vc_btn3-style-outline vc_btn3-block vc_btn3-icon-right vc_btn3-color-default\" href=\"https:\/\/corregidora.gob.mx\/emprendimiento\/servicio\/tutyendita-crativa\/\">ver m\u00e1s... <i class=\"cspt-base-icon-right-arrow\"><\/i><\/a>\r\n\t\t\t\t<\/div>\r\n\t\t\t<\/div>\r\n\t\t<\/div>\r\n\t<\/div>\r\n<\/article><\/div><div class=\"cspt-ele cspt-service-ele col-md-4 turismo cspt-term-58\"><article class=\"creativesplanet-ele creativesplanet-ele-service cspt-service-style-1\">\r\n\t<div class=\"creativesplanet-post-item\">\t\t\t  \r\n\t\t<div class=\"cspt-featured-wrapper\"><a href=\"https:\/\/corregidora.gob.mx\/emprendimiento\/servicio\/sendas-turisticas-agencia-de-viajes\/\"><img loading=\"lazy\" decoding=\"async\" width=\"770\" height=\"242\" src=\"https:\/\/corregidora.gob.mx\/emprendimiento\/wp-content\/uploads\/2026\/01\/Sendas-turisticas-logo-770x242.jpeg\" class=\"attachment-cspt-img-770x500 size-cspt-img-770x500 wp-post-image\" alt=\"\" data-id=\"625\" \/><\/a><\/div>\t\r\n\t\t<div class=\"creativesplanet-box-content\">\t\r\n\t\t\t<div class=\"cspt-service-icon\">\r\n\t\t\t\t<div class=\"cspt-service-icon-wrapper\">\r\n\t\t\t\t\t\t\t\t\t<\/div>\r\n\t\t\t<\/div>\t\t\t\t\t\r\n\t\t\t<div class=\"creativesplanet-box-content-inner\">\r\n\t\t\t\t<h3 class=\"cspt-service-title\"><a href=\"https:\/\/corregidora.gob.mx\/emprendimiento\/servicio\/sendas-turisticas-agencia-de-viajes\/\">Sendas tur\u00edsticas agencia de viajes<\/a><\/h3> \r\n\t\t\t\t\t\t\t\t<div class=\"cspt-service-content\"><p>Agencia de viajes<\/p>\n<\/div>\r\n\t\t\t\t\t\t\t\t<div class=\"cspt-service-btn\"> \r\n\t\t\t\t\t\t<a class=\"vc_general vc_btn3 vc_btn3-size-md vc_btn3-shape-rounded vc_btn3-style-outline vc_btn3-block vc_btn3-icon-right vc_btn3-color-default\" href=\"https:\/\/corregidora.gob.mx\/emprendimiento\/servicio\/sendas-turisticas-agencia-de-viajes\/\">ver m\u00e1s... <i class=\"cspt-base-icon-right-arrow\"><\/i><\/a>\r\n\t\t\t\t<\/div>\r\n\t\t\t<\/div>\r\n\t\t<\/div>\r\n\t<\/div>\r\n<\/article><\/div><div class=\"cspt-ele cspt-service-ele col-md-4 productos-artesanos cspt-term-73 turismo cspt-term-58\"><article class=\"creativesplanet-ele creativesplanet-ele-service cspt-service-style-1\">\r\n\t<div class=\"creativesplanet-post-item\">\t\t\t  \r\n\t\t<div class=\"cspt-featured-wrapper\"><a href=\"https:\/\/corregidora.gob.mx\/emprendimiento\/servicio\/productos-artesanales-gourmet-la-abejita-maya\/\"><img loading=\"lazy\" decoding=\"async\" width=\"770\" height=\"500\" src=\"https:\/\/corregidora.gob.mx\/emprendimiento\/wp-content\/uploads\/2026\/01\/Miel-\ud83c\udf6f-de-abeja-natural_20251114_104817_0000-770x500.png\" class=\"attachment-cspt-img-770x500 size-cspt-img-770x500 wp-post-image\" alt=\"\" data-id=\"598\" \/><\/a><\/div>\t\r\n\t\t<div class=\"creativesplanet-box-content\">\t\r\n\t\t\t<div class=\"cspt-service-icon\">\r\n\t\t\t\t<div class=\"cspt-service-icon-wrapper\">\r\n\t\t\t\t\t\t\t\t\t<\/div>\r\n\t\t\t<\/div>\t\t\t\t\t\r\n\t\t\t<div class=\"creativesplanet-box-content-inner\">\r\n\t\t\t\t<h3 class=\"cspt-service-title\"><a href=\"https:\/\/corregidora.gob.mx\/emprendimiento\/servicio\/productos-artesanales-gourmet-la-abejita-maya\/\">Productos Artesanales Gourmet La Abejita Maya<\/a><\/h3> \r\n\t\t\t\t\t\t\t\t<div class=\"cspt-service-btn\"> \r\n\t\t\t\t\t\t<a class=\"vc_general vc_btn3 vc_btn3-size-md vc_btn3-shape-rounded vc_btn3-style-outline vc_btn3-block vc_btn3-icon-right vc_btn3-color-default\" href=\"https:\/\/corregidora.gob.mx\/emprendimiento\/servicio\/productos-artesanales-gourmet-la-abejita-maya\/\">ver m\u00e1s... <i class=\"cspt-base-icon-right-arrow\"><\/i><\/a>\r\n\t\t\t\t<\/div>\r\n\t\t\t<\/div>\r\n\t\t<\/div>\r\n\t<\/div>\r\n<\/article><\/div><\/div><\/div><!-- .creativesplanet-element-inner -->   <\/div><!-- .creativesplanet-element -->  [\/vc_column][\/vc_row]<\/p>\n<\/div>","protected":false},"excerpt":{"rendered":"<p>[vc_row][vc_column][\/vc_column][\/vc_row]<\/p>\n","protected":false},"author":5,"featured_media":0,"parent":0,"menu_order":19,"comment_status":"closed","ping_status":"closed","template":"","meta":{"_acf_changed":false,"footnotes":""},"class_list":["post-388","page","type-page","status-publish","hentry"],"acf":[],"amp_enabled":true,"_links":{"self":[{"href":"https:\/\/corregidora.gob.mx\/emprendimiento\/wp-json\/wp\/v2\/pages\/388","targetHints":{"allow":["GET"]}}],"collection":[{"href":"https:\/\/corregidora.gob.mx\/emprendimiento\/wp-json\/wp\/v2\/pages"}],"about":[{"href":"https:\/\/corregidora.gob.mx\/emprendimiento\/wp-json\/wp\/v2\/types\/page"}],"author":[{"embeddable":true,"href":"https:\/\/corregidora.gob.mx\/emprendimiento\/wp-json\/wp\/v2\/users\/5"}],"replies":[{"embeddable":true,"href":"https:\/\/corregidora.gob.mx\/emprendimiento\/wp-json\/wp\/v2\/comments?post=388"}],"version-history":[{"count":1,"href":"https:\/\/corregidora.gob.mx\/emprendimiento\/wp-json\/wp\/v2\/pages\/388\/revisions"}],"predecessor-version":[{"id":389,"href":"https:\/\/corregidora.gob.mx\/emprendimiento\/wp-json\/wp\/v2\/pages\/388\/revisions\/389"}],"wp:attachment":[{"href":"https:\/\/corregidora.gob.mx\/emprendimiento\/wp-json\/wp\/v2\/media?parent=388"}],"curies":[{"name":"wp","href":"https:\/\/api.w.org\/{rel}","templated":true}]}}