{"id":30194,"date":"2022-07-01T14:10:15","date_gmt":"2022-07-01T19:10:15","guid":{"rendered":"https:\/\/corregidora.gob.mx\/ecologia\/?page_id=30194"},"modified":"2025-01-03T11:09:02","modified_gmt":"2025-01-03T17:09:02","slug":"autorizacion-ambiental-al-giro","status":"publish","type":"page","link":"https:\/\/corregidora.gob.mx\/ecologia\/autorizacion-ambiental-al-giro\/","title":{"rendered":"Formato \u00danico (Autorizaci\u00f3n Ambiental al Giro)"},"content":{"rendered":"<p>[vc_row full_width=&#8221;stretch_row_content&#8221;][vc_column][vc_single_image image=&#8221;30198&#8243; img_size=&#8221;full&#8221; alignment=&#8221;center&#8221; css_animation=&#8221;fadeInDown&#8221;][\/vc_column][\/vc_row][vc_row][vc_column][vc_column_text css_animation=&#8221;bounceInLeft&#8221;]<\/p>\n<ul>\n<li>\n<h4><span style=\"color: #0271b5;\"><b style=\"color: #0271b5;\">Ahora se trabaja un Formato \u00danico para la Licencia de Funcionamiento, que concentrar\u00e1 tu informaci\u00f3n para Visto Bueno de Protecci\u00f3n Civil y de la <\/b><span style=\"color: #0271b5;\"><b>Autorizaci\u00f3n<\/b><\/span><b style=\"color: #0271b5;\"> Ambiental. El formato lo puedes descargar &#8212;&#8211;&gt; <\/b><span style=\"color: #2ecc71;\"><a style=\"color: #2ecc71;\" href=\"https:\/\/corregidora.gob.mx\/ecologia\/assets\/docs\/5\/solicitud_aaa.pdf\" target=\"_blank\" rel=\"noopener\">AQU\u00cd<\/a><\/span><\/span><\/h4>\n<\/li>\n<\/ul>\n<p>[\/vc_column_text][vc_column_text css_animation=&#8221;bounceInRight&#8221;]<\/p>\n<ul>\n<li>\n<h4><span style=\"color: #0271b5;\"><strong>Apertura, anexar documento en copia simple:<\/strong><\/span><span style=\"color: #0271b5;\"><strong><br \/>\n<\/strong><\/span><\/h4>\n<p><span style=\"color: #0271b5;\"><strong> a) Identificaci\u00f3n oficial del Propietario\/a.<\/strong><\/span><\/li>\n<\/ul>\n<p>[\/vc_column_text][vc_column_text css_animation=&#8221;bounceInRight&#8221;]<\/p>\n<ul>\n<li>\n<h4><span style=\"color: #0271b5;\"><strong>Renovaci\u00f3n, documentos:<\/strong><\/span><span style=\"color: #0271b5;\"><strong><br \/>\n<\/strong><\/span><\/h4>\n<p><span style=\"color: #0271b5;\"><strong> a) Mostrar Autorizaci\u00f3n Ambiental al Giro 2024.<\/strong><\/span><\/li>\n<\/ul>\n<p>[\/vc_column_text][vc_empty_space][vc_column_text css_animation=&#8221;bounceInRight&#8221;]<\/p>\n<h4><span style=\"color: #d35400;\"><strong>IMPORTANTE:<\/strong><\/span><\/h4>\n<p>[\/vc_column_text][vc_column_text css_animation=&#8221;bounceInRight&#8221;]<\/p>\n<ul>\n<li>\n<h4><span style=\"color: #0271b5;\"><strong>En caso de no ser llenado este formato en su totalidad, no se podr\u00e1 dar seguimiento al tramite.<br \/>\n<\/strong><\/span><\/h4>\n<\/li>\n<\/ul>\n<p>[\/vc_column_text][vc_column_text css_animation=&#8221;bounceInRight&#8221;]<\/p>\n<ul>\n<li>\n<h4><span style=\"color: #0271b5;\"><strong>La informaci\u00f3n proporcionada es responsabilidad del Propietaria\/o o Representante Legal y manifiesto que es ver\u00eddica, as\u00ed mismo me comprometo a brindar las facilidades necesarias al personal de Inspecci\u00f3n \u00danica del Municipio, para la verificaci\u00f3n al establecimiento.<\/strong><\/span><\/h4>\n<\/li>\n<\/ul>\n<p>[\/vc_column_text][vc_column_text css_animation=&#8221;bounceInRight&#8221;]<\/p>\n<ul>\n<li>\n<h4><span style=\"color: #0271b5;\"><strong>La respuesta al tr\u00e1mite se debe recoger en un m\u00e1ximo de 3 meses conforme a la fecha de recepci\u00f3n o en caso contrario se cancelar\u00e1 el tr\u00e1mite, debiendo iniciarse nuevamente.<\/strong><\/span><\/h4>\n<\/li>\n<\/ul>\n<p>[\/vc_column_text][vc_empty_space][\/vc_column][\/vc_row][vc_row full_width=&#8221;stretch_row_content&#8221;][vc_column][vc_single_image image=&#8221;30200&#8243; img_size=&#8221;full&#8221; alignment=&#8221;center&#8221; css_animation=&#8221;fadeInUp&#8221;][\/vc_column][\/vc_row][vc_row disable_element=&#8221;yes&#8221;][vc_column][\/vc_column][\/vc_row]<\/p>\n","protected":false},"excerpt":{"rendered":"<p>[vc_row full_width=&#8221;stretch_row_content&#8221;][vc_column][vc_single_image image=&#8221;30198&#8243; img_size=&#8221;full&#8221; alignment=&#8221;center&#8221; css_animation=&#8221;fadeInDown&#8221;][\/vc_column][\/vc_row][vc_row][vc_column][vc_column_text css_animation=&#8221;bounceInLeft&#8221;] Ahora se trabaja un Formato \u00danico para la Licencia de Funcionamiento, que concentrar\u00e1 tu informaci\u00f3n para Visto Bueno de Protecci\u00f3n Civil y de la Autorizaci\u00f3n Ambiental. El formato lo puedes descargar &#8212;&#8211;&gt; AQU\u00cd&#8230;<\/p>\n","protected":false},"author":65,"featured_media":0,"parent":0,"menu_order":0,"comment_status":"closed","ping_status":"closed","template":"","meta":[],"_links":{"self":[{"href":"https:\/\/corregidora.gob.mx\/ecologia\/wp-json\/wp\/v2\/pages\/30194"}],"collection":[{"href":"https:\/\/corregidora.gob.mx\/ecologia\/wp-json\/wp\/v2\/pages"}],"about":[{"href":"https:\/\/corregidora.gob.mx\/ecologia\/wp-json\/wp\/v2\/types\/page"}],"author":[{"embeddable":true,"href":"https:\/\/corregidora.gob.mx\/ecologia\/wp-json\/wp\/v2\/users\/65"}],"replies":[{"embeddable":true,"href":"https:\/\/corregidora.gob.mx\/ecologia\/wp-json\/wp\/v2\/comments?post=30194"}],"version-history":[{"count":10,"href":"https:\/\/corregidora.gob.mx\/ecologia\/wp-json\/wp\/v2\/pages\/30194\/revisions"}],"predecessor-version":[{"id":30352,"href":"https:\/\/corregidora.gob.mx\/ecologia\/wp-json\/wp\/v2\/pages\/30194\/revisions\/30352"}],"wp:attachment":[{"href":"https:\/\/corregidora.gob.mx\/ecologia\/wp-json\/wp\/v2\/media?parent=30194"}],"curies":[{"name":"wp","href":"https:\/\/api.w.org\/{rel}","templated":true}]}}