{"id":30176,"date":"2022-06-30T14:34:00","date_gmt":"2022-06-30T19:34:00","guid":{"rendered":"https:\/\/corregidora.gob.mx\/ecologia\/?page_id=30176"},"modified":"2024-08-29T10:51:48","modified_gmt":"2024-08-29T16:51:48","slug":"documentos-de-interes","status":"publish","type":"page","link":"https:\/\/corregidora.gob.mx\/ecologia\/documentos-de-interes\/","title":{"rendered":"Documentos de Inter\u00e9s"},"content":{"rendered":"<p>[vc_row][vc_column][vc_empty_space][vc_column_text css_animation=&#8221;bounceIn&#8221;]<\/p>\n<h2><span style=\"color: #69a7e4;\"><a style=\"color: #69a7e4;\" href=\"https:\/\/corregidora.gob.mx\/ecologia\/assets\/docs\/5\/diagnosticoambiental.pdf\">Diagn\u00f3stico Ambiental Municipio de Corregidora<\/a><\/span><\/h2>\n<p>[\/vc_column_text][vc_column_text css_animation=&#8221;bounceInDown&#8221;]<\/p>\n<h2 style=\"text-align: left;\"><span style=\"color: #69a7e4;\"><a style=\"color: #69a7e4;\" href=\"https:\/\/corregidora.gob.mx\/ecologia\/assets\/docs\/1\/declaratoria-batan.pdf\">Declaratoria El Bat\u00e1n<\/a><\/span><\/h2>\n<p>[\/vc_column_text][vc_column_text css_animation=&#8221;bounceInLeft&#8221;]<\/p>\n<h2 style=\"text-align: left;\"><span style=\"color: #69a7e4;\"><a style=\"color: #69a7e4;\" href=\"https:\/\/corregidora.gob.mx\/Documentos\/2021-2024\/archivosweb\/PEASC.pdf\">Programa de Educaci\u00f3n Ambiental para la Sustentabilidad del municipio de Corregidora, Quer\u00e9taro<\/a><\/span><\/h2>\n<p>[\/vc_column_text][\/vc_column][\/vc_row][vc_row][vc_column css_animation=&#8221;bounceIn&#8221;][vc_tta_accordion style=&#8221;modern&#8221; color=&#8221;sky&#8221; active_section=&#8221;0&#8243; css_animation=&#8221;bounceInLeft&#8221; no_fill=&#8221;true&#8221; collapsible_all=&#8221;true&#8221;][vc_tta_section title=&#8221;Cat\u00e1logo de vegetaci\u00f3n para el municipio de Corregidora.&#8221; tab_id=&#8221;1724879842297-ccfcb1bb-635b&#8221;][vc_column_text]<\/p>\n<h2><a href=\"https:\/\/corregidora.gob.mx\/ecologia\/assets\/docs\/5\/introduccion.pdf\" target=\"_blank\" rel=\"noopener\">Introducci\u00f3n<\/a><\/h2>\n<p>[\/vc_column_text][vc_column_text]<\/p>\n<h2><a href=\"https:\/\/corregidora.gob.mx\/ecologia\/assets\/docs\/5\/ficha_ornamental.pdf\" target=\"_blank\" rel=\"noopener\">Fichas t\u00e9cnicas de Ornamentales<\/a><\/h2>\n<p>[\/vc_column_text][vc_column_text]<\/p>\n<h2><a href=\"https:\/\/corregidora.gob.mx\/ecologia\/assets\/docs\/5\/ficha_frutal.pdf\" target=\"_blank\" rel=\"noopener\">Fichas t\u00e9cnicas de Frutales<\/a><\/h2>\n<p>[\/vc_column_text][vc_column_text]<\/p>\n<h2><a href=\"https:\/\/corregidora.gob.mx\/ecologia\/assets\/docs\/5\/ficha_cactacea.pdf\" target=\"_blank\" rel=\"noopener\">Fichas t\u00e9cnicas de Cact\u00e1ceas<\/a><\/h2>\n<p>[\/vc_column_text][vc_column_text]<\/p>\n<h2><a href=\"https:\/\/corregidora.gob.mx\/ecologia\/assets\/docs\/5\/ficha_arbusto_nat.pdf\" target=\"_blank\" rel=\"noopener\">Fichas t\u00e9cnicas de Arbustos Nativos<\/a><\/h2>\n<p>[\/vc_column_text][vc_column_text]<\/p>\n<h2><a href=\"https:\/\/corregidora.gob.mx\/ecologia\/assets\/docs\/5\/ficha_arbusto_exo.pdf\" target=\"_blank\" rel=\"noopener\">Fichas t\u00e9cnicas de Arbustos Ex\u00f3ticos<\/a><\/h2>\n<p>[\/vc_column_text][vc_column_text]<\/p>\n<h2><a href=\"https:\/\/corregidora.gob.mx\/ecologia\/assets\/docs\/5\/ficha_arbol_exo.pdf\" target=\"_blank\" rel=\"noopener\">Fichas t\u00e9cnicas de \u00c1rboles Ex\u00f3ticos<\/a><\/h2>\n<p>[\/vc_column_text][vc_column_text]<\/p>\n<h2><a href=\"https:\/\/corregidora.gob.mx\/ecologia\/assets\/docs\/5\/ficha_arbol_nat.pdf\" target=\"_blank\" rel=\"noopener\">Fichas t\u00e9cnicas \u00c1rboles Nativos<\/a><\/h2>\n<p>[\/vc_column_text][\/vc_tta_section][\/vc_tta_accordion][\/vc_column][\/vc_row]<\/p>\n","protected":false},"excerpt":{"rendered":"<p>[vc_row][vc_column][vc_empty_space][vc_column_text css_animation=&#8221;bounceIn&#8221;] Diagn\u00f3stico Ambiental Municipio de Corregidora [\/vc_column_text][vc_column_text css_animation=&#8221;bounceInDown&#8221;] Declaratoria El Bat\u00e1n [\/vc_column_text][vc_column_text css_animation=&#8221;bounceInLeft&#8221;] Programa de Educaci\u00f3n Ambiental para la Sustentabilidad del municipio de Corregidora, Quer\u00e9taro [\/vc_column_text][\/vc_column][\/vc_row][vc_row][vc_column css_animation=&#8221;bounceIn&#8221;][vc_tta_accordion style=&#8221;modern&#8221; color=&#8221;sky&#8221; active_section=&#8221;0&#8243; css_animation=&#8221;bounceInLeft&#8221; no_fill=&#8221;true&#8221; collapsible_all=&#8221;true&#8221;][vc_tta_section title=&#8221;Cat\u00e1logo de vegetaci\u00f3n para el municipio&#8230;<\/p>\n","protected":false},"author":65,"featured_media":0,"parent":0,"menu_order":0,"comment_status":"closed","ping_status":"closed","template":"","meta":[],"_links":{"self":[{"href":"https:\/\/corregidora.gob.mx\/ecologia\/wp-json\/wp\/v2\/pages\/30176"}],"collection":[{"href":"https:\/\/corregidora.gob.mx\/ecologia\/wp-json\/wp\/v2\/pages"}],"about":[{"href":"https:\/\/corregidora.gob.mx\/ecologia\/wp-json\/wp\/v2\/types\/page"}],"author":[{"embeddable":true,"href":"https:\/\/corregidora.gob.mx\/ecologia\/wp-json\/wp\/v2\/users\/65"}],"replies":[{"embeddable":true,"href":"https:\/\/corregidora.gob.mx\/ecologia\/wp-json\/wp\/v2\/comments?post=30176"}],"version-history":[{"count":19,"href":"https:\/\/corregidora.gob.mx\/ecologia\/wp-json\/wp\/v2\/pages\/30176\/revisions"}],"predecessor-version":[{"id":30344,"href":"https:\/\/corregidora.gob.mx\/ecologia\/wp-json\/wp\/v2\/pages\/30176\/revisions\/30344"}],"wp:attachment":[{"href":"https:\/\/corregidora.gob.mx\/ecologia\/wp-json\/wp\/v2\/media?parent=30176"}],"curies":[{"name":"wp","href":"https:\/\/api.w.org\/{rel}","templated":true}]}}