{"id":29826,"date":"2022-01-06T11:19:02","date_gmt":"2022-01-06T17:19:02","guid":{"rendered":"https:\/\/corregidora.gob.mx\/ecologia\/?page_id=29826"},"modified":"2026-01-02T10:52:58","modified_gmt":"2026-01-02T16:52:58","slug":"ecotecnias","status":"publish","type":"page","link":"https:\/\/corregidora.gob.mx\/ecologia\/ecotecnias\/","title":{"rendered":"Ecotecnias 2026"},"content":{"rendered":"<p>[vc_row][vc_column][vc_empty_space][vc_message icon_fontawesome=&#8221;fas fa-file-invoice&#8221; css_animation=&#8221;bounceInLeft&#8221;]<\/p>\n<h3><a href=\"https:\/\/corregidora.gob.mx\/ecologia\/assets\/docs\/5\/acuerdo_ecotecnias.pdf\" target=\"_blank\" rel=\"noopener\">Acuerdo de cabildo<\/a><\/h3>\n<p>[\/vc_message][vc_message icon_fontawesome=&#8221;fas fa-file-invoice&#8221; css_animation=&#8221;bounceInRight&#8221;]<\/p>\n<h3><a href=\"https:\/\/corregidora.gob.mx\/ecologia\/assets\/docs\/5\/ecotecnias_requisitos.pdf\" target=\"_blank\" rel=\"noopener\">Requisitos para el programa<\/a><\/h3>\n<p>[\/vc_message][vc_message icon_fontawesome=&#8221;fas fa-file-invoice&#8221; css_animation=&#8221;bounceInRight&#8221;]<\/p>\n<h3><a href=\"https:\/\/corregidora.gob.mx\/ecologia\/assets\/docs\/5\/MACHOTE_ESCRITO_LIBRE_2026.docx\" target=\"_blank\" rel=\"noopener\">Machote escrito libre<\/a><\/h3>\n<p>[\/vc_message][vc_column_text]<em>El Municipio de Corregidora, Quer\u00e9taro, con domicilio para o\u00edr y recibir notificaciones en calle Ex Hacienda el Cerrito #100, El Pueblito, Corregidora, Quer\u00e9taro, es responsable del tratamiento a sus datos personales en atenci\u00f3n a la finalidad por la que fueron proporcionados.<\/em><\/p>\n<p><em>Para mayor informaci\u00f3n sobre el tratamiento a sus datos personales y de los derechos que puede hacer valer, se pone a su disposici\u00f3n el aviso de privacidad integral a trav\u00e9s de la p\u00e1gina de Internet:\u00a0\u00a0<\/em><a href=\"https:\/\/corregidora.gob.mx\/Transparencia\/aviso-privacidad\/\"><i>aqu\u00ed<\/i><\/a>[\/vc_column_text][\/vc_column][\/vc_row]<\/p>\n","protected":false},"excerpt":{"rendered":"<p>[vc_row][vc_column][vc_empty_space][vc_message icon_fontawesome=&#8221;fas fa-file-invoice&#8221; css_animation=&#8221;bounceInLeft&#8221;] Acuerdo de cabildo [\/vc_message][vc_message icon_fontawesome=&#8221;fas fa-file-invoice&#8221; css_animation=&#8221;bounceInRight&#8221;] Requisitos para el programa [\/vc_message][vc_message icon_fontawesome=&#8221;fas fa-file-invoice&#8221; css_animation=&#8221;bounceInRight&#8221;] Machote escrito libre [\/vc_message][vc_column_text]El Municipio de Corregidora, Quer\u00e9taro, con domicilio para o\u00edr y recibir notificaciones en calle Ex Hacienda el Cerrito&#8230;<\/p>\n","protected":false},"author":7,"featured_media":0,"parent":0,"menu_order":0,"comment_status":"closed","ping_status":"closed","template":"","meta":[],"_links":{"self":[{"href":"https:\/\/corregidora.gob.mx\/ecologia\/wp-json\/wp\/v2\/pages\/29826"}],"collection":[{"href":"https:\/\/corregidora.gob.mx\/ecologia\/wp-json\/wp\/v2\/pages"}],"about":[{"href":"https:\/\/corregidora.gob.mx\/ecologia\/wp-json\/wp\/v2\/types\/page"}],"author":[{"embeddable":true,"href":"https:\/\/corregidora.gob.mx\/ecologia\/wp-json\/wp\/v2\/users\/7"}],"replies":[{"embeddable":true,"href":"https:\/\/corregidora.gob.mx\/ecologia\/wp-json\/wp\/v2\/comments?post=29826"}],"version-history":[{"count":15,"href":"https:\/\/corregidora.gob.mx\/ecologia\/wp-json\/wp\/v2\/pages\/29826\/revisions"}],"predecessor-version":[{"id":30365,"href":"https:\/\/corregidora.gob.mx\/ecologia\/wp-json\/wp\/v2\/pages\/29826\/revisions\/30365"}],"wp:attachment":[{"href":"https:\/\/corregidora.gob.mx\/ecologia\/wp-json\/wp\/v2\/media?parent=29826"}],"curies":[{"name":"wp","href":"https:\/\/api.w.org\/{rel}","templated":true}]}}