{"id":29747,"date":"2021-11-24T15:58:32","date_gmt":"2021-11-24T21:58:32","guid":{"rendered":"https:\/\/corregidora.gob.mx\/ecologia\/?page_id=29747"},"modified":"2024-01-05T14:31:55","modified_gmt":"2024-01-05T20:31:55","slug":"normatividad-municipal","status":"publish","type":"page","link":"https:\/\/corregidora.gob.mx\/ecologia\/normatividad-municipal\/","title":{"rendered":"Normatividad Municipal"},"content":{"rendered":"<p>[vc_row][vc_column][vc_empty_space][\/vc_column][vc_column][vc_column_text css_animation=&#8221;bounceInRight&#8221;]<a href=\"https:\/\/corregidora.gob.mx\/ecologia\/assets\/docs\/5\/reglamento-mpal-de-proteccion-gestion-ambiental-cambio-climatico.pdf\" target=\"_blank\" rel=\"noopener\">Reglamento Municipal de protecci\u00f3n, gesti\u00f3n ambiental y cambio clim\u00e1tico<\/a><\/p>\n<div class=\"c-content-divider c-divider-sm c-right c-theme-bg\"><\/div>\n<p>[\/vc_column_text][vc_separator color=&#8221;blue&#8221;][vc_column_text css_animation=&#8221;bounceInLeft&#8221;]<a href=\"https:\/\/corregidora.gob.mx\/ecologia\/assets\/docs\/5\/reglamento-organico.pdf\" target=\"_blank\" rel=\"noopener\">Reglamento Org\u00e1nico del Municipio de Corregidora, Qro.<\/a><\/p>\n<div class=\"c-content-divider c-divider-sm c-right c-theme-bg\"><\/div>\n<p>[\/vc_column_text][vc_separator color=&#8221;blue&#8221;][vc_column_text css_animation=&#8221;bounceInRight&#8221;]<a href=\"https:\/\/corregidora.gob.mx\/ecologia\/assets\/docs\/5\/reglamento-interior.pdf\" target=\"_blank\" rel=\"noopener\">Reglamento Interior del Instituto Municipal de Ecolog\u00eda de Corregidora, Qro.<\/a><\/p>\n<div class=\"c-content-divider c-divider-sm c-right c-theme-bg\"><\/div>\n<p>[\/vc_column_text][vc_separator color=&#8221;blue&#8221;][vc_column_text css_animation=&#8221;bounceInLeft&#8221;]<a href=\"https:\/\/corregidora.gob.mx\/ecologia\/assets\/docs\/5\/reglamento-servicios.pdf\" target=\"_blank\" rel=\"noopener\">Reglamento Interior de la Secretar\u00eda de Servicios P\u00fablicos Municipales de Corregidora, Quer\u00e9taro.<\/a><\/p>\n<div class=\"c-content-divider c-divider-sm c-right c-theme-bg\"><\/div>\n<p>[\/vc_column_text][vc_separator color=&#8221;blue&#8221;][vc_column_text css_animation=&#8221;bounceInRight&#8221;]<a href=\"https:\/\/corregidora.gob.mx\/ecologia\/assets\/docs\/5\/reglamento-condominios.pdf\" target=\"_blank\" rel=\"noopener\">Reglamento en Materia de Convivencia y Administraci\u00f3n Condominal para el Municipio de Corregidora, Qro.<\/a><\/p>\n<div class=\"c-content-divider c-divider-sm c-right c-theme-bg\"><\/div>\n<p>[\/vc_column_text][vc_separator color=&#8221;blue&#8221;][vc_column_text css_animation=&#8221;bounceInLeft&#8221;]<a href=\"https:\/\/corregidora.gob.mx\/ecologia\/assets\/docs\/5\/reforma-justicia-civica-nov2019.pdf\" target=\"_blank\" rel=\"noopener\">Reforma al reglamento de Justicia C\u00edvica para el Municipio de Corregidora, Qro.<\/a><\/p>\n<div class=\"c-content-divider c-divider-sm c-right c-theme-bg\"><\/div>\n<p>[\/vc_column_text][vc_separator color=&#8221;blue&#8221;][vc_column_text css_animation=&#8221;bounceInRight&#8221;]<a href=\"https:\/\/corregidora.gob.mx\/ecologia\/assets\/docs\/5\/reglamento-proteccion-civil.pdf\" target=\"_blank\" rel=\"noopener\">Reglamento de Protecci\u00f3n Civil para el Municipio de Corregidora, Quer\u00e9taro<\/a><\/p>\n<div class=\"c-content-divider c-divider-sm c-right c-theme-bg\"><\/div>\n<p>[\/vc_column_text][vc_separator color=&#8221;blue&#8221;][vc_column_text css_animation=&#8221;bounceInRight&#8221;]<a href=\"https:\/\/corregidora.gob.mx\/ecologia\/assets\/docs\/5\/LEY_DE_INGRESOS_DE_MUNICIPIO_DE_CORREGIDORA_QRO_2024.pdf\" target=\"_blank\" rel=\"noopener\">Ley de Ingresos para el Municipio de Corregidora, Quer\u00e9taro<\/a><\/p>\n<div class=\"c-content-divider c-divider-sm c-right c-theme-bg\"><\/div>\n<p>[\/vc_column_text][vc_separator color=&#8221;blue&#8221;][\/vc_column][\/vc_row]<\/p>\n","protected":false},"excerpt":{"rendered":"<p>[vc_row][vc_column][vc_empty_space][\/vc_column][vc_column][vc_column_text css_animation=&#8221;bounceInRight&#8221;]Reglamento Municipal de protecci\u00f3n, gesti\u00f3n ambiental y cambio clim\u00e1tico [\/vc_column_text][vc_separator color=&#8221;blue&#8221;][vc_column_text css_animation=&#8221;bounceInLeft&#8221;]Reglamento Org\u00e1nico del Municipio de Corregidora, Qro. [\/vc_column_text][vc_separator color=&#8221;blue&#8221;][vc_column_text css_animation=&#8221;bounceInRight&#8221;]Reglamento Interior del Instituto Municipal de Ecolog\u00eda de Corregidora, Qro. [\/vc_column_text][vc_separator color=&#8221;blue&#8221;][vc_column_text css_animation=&#8221;bounceInLeft&#8221;]Reglamento Interior de la Secretar\u00eda de Servicios&#8230;<\/p>\n","protected":false},"author":65,"featured_media":0,"parent":0,"menu_order":0,"comment_status":"closed","ping_status":"closed","template":"","meta":[],"_links":{"self":[{"href":"https:\/\/corregidora.gob.mx\/ecologia\/wp-json\/wp\/v2\/pages\/29747"}],"collection":[{"href":"https:\/\/corregidora.gob.mx\/ecologia\/wp-json\/wp\/v2\/pages"}],"about":[{"href":"https:\/\/corregidora.gob.mx\/ecologia\/wp-json\/wp\/v2\/types\/page"}],"author":[{"embeddable":true,"href":"https:\/\/corregidora.gob.mx\/ecologia\/wp-json\/wp\/v2\/users\/65"}],"replies":[{"embeddable":true,"href":"https:\/\/corregidora.gob.mx\/ecologia\/wp-json\/wp\/v2\/comments?post=29747"}],"version-history":[{"count":9,"href":"https:\/\/corregidora.gob.mx\/ecologia\/wp-json\/wp\/v2\/pages\/29747\/revisions"}],"predecessor-version":[{"id":30283,"href":"https:\/\/corregidora.gob.mx\/ecologia\/wp-json\/wp\/v2\/pages\/29747\/revisions\/30283"}],"wp:attachment":[{"href":"https:\/\/corregidora.gob.mx\/ecologia\/wp-json\/wp\/v2\/media?parent=29747"}],"curies":[{"name":"wp","href":"https:\/\/api.w.org\/{rel}","templated":true}]}}