{"id":29741,"date":"2021-11-24T15:41:04","date_gmt":"2021-11-24T21:41:04","guid":{"rendered":"https:\/\/corregidora.gob.mx\/ecologia\/?page_id=29741"},"modified":"2024-08-28T12:04:44","modified_gmt":"2024-08-28T18:04:44","slug":"normatividad-estatal","status":"publish","type":"page","link":"https:\/\/corregidora.gob.mx\/ecologia\/normatividad-estatal\/","title":{"rendered":"Normatividad Estatal"},"content":{"rendered":"<p>[vc_row][vc_column][vc_empty_space][\/vc_column][vc_column][vc_column_text css_animation=&#8221;bounceInRight&#8221;]<a href=\"https:\/\/corregidora.gob.mx\/ecologia\/assets\/docs\/5\/poereq.pdf\" target=\"_blank\" rel=\"noopener\">Programa de Ordenamiento Ecol\u00f3gico Regional del Estado de Quer\u00e9taro (POEREQ)<\/a><\/p>\n<div class=\"c-content-divider c-divider-sm c-right c-theme-bg\"><\/div>\n<p>[\/vc_column_text][vc_separator color=&#8221;blue&#8221;][vc_column_text css_animation=&#8221;bounceInRight&#8221;]<a href=\"https:\/\/corregidora.gob.mx\/ecologia\/assets\/docs\/5\/ley-cambiental.pdf\" target=\"_blank\" rel=\"noopener\">C\u00f3digo Ambiental del Estado de Quer\u00e9taro<\/a><\/p>\n<div class=\"c-content-divider c-divider-sm c-right c-theme-bg\"><\/div>\n<p>[\/vc_column_text][vc_separator color=&#8221;blue&#8221;][vc_column_text css_animation=&#8221;bounceInRight&#8221;]<a href=\"https:\/\/corregidora.gob.mx\/ecologia\/assets\/docs\/5\/ley-circular.pdf\" target=\"_blank\" rel=\"noopener\">Ley para la Prevenci\u00f3n, Gesti\u00f3n Integral y Econom\u00eda Circular de los Residuos del Estado de Quer\u00e9taro<\/a>[\/vc_column_text][vc_separator color=&#8221;blue&#8221;][vc_column_text css_animation=&#8221;bounceInRight&#8221;]<a href=\"https:\/\/corregidora.gob.mx\/ecologia\/assets\/docs\/5\/ley-estatal-respeto-vecinal.pdf\" target=\"_blank\" rel=\"noopener\">Ley de Respeto Vecinal para el Estado de Quer\u00e9taro<\/a><\/p>\n<div class=\"c-content-divider c-divider-sm c-right c-theme-bg\"><\/div>\n<p>[\/vc_column_text][vc_separator color=&#8221;blue&#8221;][vc_column_text]<\/p>\n<div class=\"wpb_text_column wpb_content_element wpb_animate_when_almost_visible wpb_bounceInLeft bounceInLeft wpb_start_animation animated\">\n<div class=\"wpb_wrapper\">\n<p><a href=\"https:\/\/corregidora.gob.mx\/ecologia\/assets\/docs\/5\/ley-fomento-apicola-estado-queretaro.pdf\" target=\"_blank\" rel=\"noopener\">Ley de Fomento Ap\u00edcola y Protecci\u00f3n del Proceso de Polinizaci\u00f3n del Estado de Quer\u00e9taro.<\/a><\/p>\n<div class=\"c-content-divider c-divider-sm c-right c-theme-bg\"><\/div>\n<\/div>\n<\/div>\n<div class=\"vc_separator wpb_content_element vc_el_width_100 vc_sep_color_blue\"><\/div>\n<p>[\/vc_column_text][vc_separator color=&#8221;blue&#8221;][vc_column_text css_animation=&#8221;bounceInLeft&#8221;]<a href=\"https:\/\/corregidora.gob.mx\/ecologia\/assets\/docs\/5\/reglamento-estatal-impacto-ambiental.pdf\" target=\"_blank\" rel=\"noopener\">Acuerdo por el que se emiten los criterios a seguir en materia de evaluaci\u00f3n de impacto ambiental por parte de la Secretar\u00eda de Desarrollo Sustentable del Poder Ejecutivo.<\/a><\/p>\n<div class=\"c-content-divider c-divider-sm c-right c-theme-bg\"><\/div>\n<div class=\"c-content-divider c-divider-sm c-right c-theme-bg\"><\/div>\n<p>[\/vc_column_text][vc_separator color=&#8221;blue&#8221;][vc_column_text css_animation=&#8221;bounceInRight&#8221;]<a href=\"https:\/\/corregidora.gob.mx\/ecologia\/assets\/docs\/5\/reglamento-estatal-uso-eficiente-agua.pdf\" target=\"_blank\" rel=\"noopener\">Reglamento para el uso eficiente del agua en las poblaciones del estado de Quer\u00e9taro.<\/a><\/p>\n<div class=\"c-content-divider c-divider-sm c-right c-theme-bg\"><\/div>\n<div class=\"c-content-divider c-divider-sm c-right c-theme-bg\"><\/div>\n<p>[\/vc_column_text][vc_separator color=&#8221;blue&#8221;][vc_column_text css_animation=&#8221;bounceInRight&#8221;]<a href=\"https:\/\/corregidora.gob.mx\/ecologia\/assets\/docs\/5\/x.pdf\" target=\"_blank\" rel=\"noopener\">Norma T\u00e9cnica Ambiental Estatal que establece los criterios y especificaciones t\u00e9cnicas en materia de desmonte y limpieza de terrenos, derribo, poda, trasplante y restituci\u00f3n de vegetaci\u00f3n en zonas urbanas y urbanizables del estado de Quer\u00e9taro.<\/a><\/p>\n<div class=\"c-content-divider c-divider-sm c-right c-theme-bg\"><\/div>\n<div class=\"c-content-divider c-divider-sm c-right c-theme-bg\"><\/div>\n<div class=\"c-content-divider c-divider-sm c-right c-theme-bg\"><\/div>\n<div class=\"c-content-divider c-divider-sm c-right c-theme-bg\"><\/div>\n<p>[\/vc_column_text][vc_separator color=&#8221;blue&#8221;][vc_column_text css_animation=&#8221;bounceInLeft&#8221;]<a href=\"https:\/\/corregidora.gob.mx\/ecologia\/assets\/docs\/6\/inventario-emisiones-gases.pdf\" target=\"_blank\" rel=\"noopener\">Inventario de emisiones de gases de efecto invernadero en el Estado de Quer\u00e9taro a\u00f1o base 2015.<\/a><\/p>\n<div class=\"c-content-divider c-divider-sm c-right c-theme-bg\"><\/div>\n<div class=\"c-content-divider c-divider-sm c-right c-theme-bg\"><\/div>\n<div class=\"c-content-divider c-divider-sm c-right c-theme-bg\"><\/div>\n<div class=\"c-content-divider c-divider-sm c-right c-theme-bg\"><\/div>\n<p>[\/vc_column_text][vc_separator color=&#8221;blue&#8221;][vc_column_text css_animation=&#8221;bounceInRight&#8221;]<a href=\"https:\/\/corregidora.gob.mx\/ecologia\/assets\/docs\/6\/guia.pdf\" target=\"_blank\" rel=\"noopener\">Gu\u00eda para evaluar la congruencia, observancia y vinculaci\u00f3n con el POEREQ.<\/a><\/p>\n<div class=\"c-content-divider c-divider-sm c-right c-theme-bg\"><\/div>\n<div class=\"c-content-divider c-divider-sm c-right c-theme-bg\"><\/div>\n<div class=\"c-content-divider c-divider-sm c-right c-theme-bg\"><\/div>\n<div class=\"c-content-divider c-divider-sm c-right c-theme-bg\"><\/div>\n<p>[\/vc_column_text][vc_separator color=&#8221;blue&#8221;][vc_column_text css_animation=&#8221;bounceInLeft&#8221;]<a href=\"https:\/\/corregidora.gob.mx\/ecologia\/assets\/docs\/6\/inventario-emisiones-criterio.pdf\" target=\"_blank\" rel=\"noopener\">Inventario de Emisiones Criterio del Estado de Quer\u00e9taro, 2015.<\/a><\/p>\n<div class=\"c-content-divider c-divider-sm c-right c-theme-bg\"><\/div>\n<div class=\"c-content-divider c-divider-sm c-right c-theme-bg\"><\/div>\n<div class=\"c-content-divider c-divider-sm c-right c-theme-bg\"><\/div>\n<div class=\"c-content-divider c-divider-sm c-right c-theme-bg\"><\/div>\n<div class=\"c-content-divider c-divider-sm c-right c-theme-bg\"><\/div>\n<p>[\/vc_column_text][vc_separator color=&#8221;blue&#8221;][vc_column_text css_animation=&#8221;bounceInRight&#8221;]<a href=\"http:\/\/www.queretaro.gob.mx\/sedesu\/contenido.aspx?q=q05znG4LZglK+Stt5u4vmrYAD7J3BwYz\" target=\"_blank\" rel=\"noopener\">Registro de Prestadores de Servicios Ambientales.<\/a><\/p>\n<div class=\"c-content-divider c-divider-sm c-right c-theme-bg\"><\/div>\n<div class=\"c-content-divider c-divider-sm c-right c-theme-bg\"><\/div>\n<div class=\"c-content-divider c-divider-sm c-right c-theme-bg\"><\/div>\n<div class=\"c-content-divider c-divider-sm c-right c-theme-bg\"><\/div>\n<div class=\"c-content-divider c-divider-sm c-right c-theme-bg\"><\/div>\n<p>[\/vc_column_text][vc_separator color=&#8221;blue&#8221;][vc_column_text css_animation=&#8221;bounceInLeft&#8221;]<a href=\"http:\/\/www.queretaro.gob.mx\/sedesu\/faq.aspx?q=0P7NpIeTMwyXvOJPEzrasvcBHZEyuHFDz2NaE0wK6\/M=\" target=\"_blank\" rel=\"noopener\">Residuos de Manejo Especial<\/a><\/p>\n<div class=\"c-content-divider c-divider-sm c-right c-theme-bg\"><\/div>\n<div class=\"c-content-divider c-divider-sm c-right c-theme-bg\"><\/div>\n<div class=\"c-content-divider c-divider-sm c-right c-theme-bg\"><\/div>\n<div class=\"c-content-divider c-divider-sm c-right c-theme-bg\"><\/div>\n<div class=\"c-content-divider c-divider-sm c-right c-theme-bg\"><\/div>\n<div class=\"c-content-divider c-divider-sm c-right c-theme-bg\"><\/div>\n<p>[\/vc_column_text][vc_separator color=&#8221;blue&#8221;][vc_column_text css_animation=&#8221;bounceInRight&#8221;]<a href=\"https:\/\/tramites.queretaro.gob.mx\/\" target=\"_blank\" rel=\"noopener\">Tr\u00e1mites en l\u00ednea SEDESU Gobierno del Estado de Quer\u00e9taro<\/a><\/p>\n<div class=\"c-content-divider c-divider-sm c-right c-theme-bg\"><\/div>\n<div class=\"c-content-divider c-divider-sm c-right c-theme-bg\"><\/div>\n<div class=\"c-content-divider c-divider-sm c-right c-theme-bg\"><\/div>\n<div class=\"c-content-divider c-divider-sm c-right c-theme-bg\"><\/div>\n<div class=\"c-content-divider c-divider-sm c-right c-theme-bg\"><\/div>\n<p>[\/vc_column_text][vc_separator color=&#8221;blue&#8221;][vc_column_text css_animation=&#8221;bounceInRight&#8221;]<a href=\"https:\/\/corregidora.gob.mx\/ecologia\/assets\/docs\/5\/acuerdo-prestadores-servicios.pdf\" target=\"_blank\" rel=\"noopener\">ACUERDO General que regula la prestaci\u00f3n de los tr\u00e1mites para el Registro al Padr\u00f3n de Prestadores de Servicios Ambientales (RPPSA) en materia de residuos, Registro al Plan de Manejo de Residuos de manejo especial y Autorizaci\u00f3n del Manejo Integral de Residuos de manejo especial.<\/a><\/p>\n<div class=\"c-content-divider c-divider-sm c-right c-theme-bg\"><\/div>\n<div class=\"c-content-divider c-divider-sm c-right c-theme-bg\"><\/div>\n<div class=\"c-content-divider c-divider-sm c-right c-theme-bg\"><\/div>\n<p>[\/vc_column_text][vc_separator color=&#8221;blue&#8221;][vc_column_text css_animation=&#8221;bounceInRight&#8221;]<a href=\"https:\/\/corregidora.gob.mx\/ecologia\/wp-content\/uploads\/2022\/06\/Ley-Estatal-de-los-Servicios-de-agua-potable-alcantarillado-y-saneamiento.pdf\" rel=\"noopener\">Ley que regula la prestaci\u00f3n de los servicios de agua potable, alcantarillado y saneamiento del Estado de Quer\u00e9taro.<\/a><\/p>\n<div class=\"c-content-divider c-divider-sm c-right c-theme-bg\"><\/div>\n<div class=\"c-content-divider c-divider-sm c-right c-theme-bg\"><\/div>\n<div class=\"c-content-divider c-divider-sm c-right c-theme-bg\"><\/div>\n<p>[\/vc_column_text][\/vc_column][\/vc_row]<\/p>\n","protected":false},"excerpt":{"rendered":"<p>[vc_row][vc_column][vc_empty_space][\/vc_column][vc_column][vc_column_text css_animation=&#8221;bounceInRight&#8221;]Programa de Ordenamiento Ecol\u00f3gico Regional del Estado de Quer\u00e9taro (POEREQ) [\/vc_column_text][vc_separator color=&#8221;blue&#8221;][vc_column_text css_animation=&#8221;bounceInRight&#8221;]C\u00f3digo Ambiental del Estado de Quer\u00e9taro [\/vc_column_text][vc_separator color=&#8221;blue&#8221;][vc_column_text css_animation=&#8221;bounceInRight&#8221;]Ley para la Prevenci\u00f3n, Gesti\u00f3n Integral y Econom\u00eda Circular de los Residuos del Estado de Quer\u00e9taro[\/vc_column_text][vc_separator color=&#8221;blue&#8221;][vc_column_text css_animation=&#8221;bounceInRight&#8221;]Ley de&#8230;<\/p>\n","protected":false},"author":65,"featured_media":0,"parent":0,"menu_order":0,"comment_status":"closed","ping_status":"closed","template":"","meta":[],"_links":{"self":[{"href":"https:\/\/corregidora.gob.mx\/ecologia\/wp-json\/wp\/v2\/pages\/29741"}],"collection":[{"href":"https:\/\/corregidora.gob.mx\/ecologia\/wp-json\/wp\/v2\/pages"}],"about":[{"href":"https:\/\/corregidora.gob.mx\/ecologia\/wp-json\/wp\/v2\/types\/page"}],"author":[{"embeddable":true,"href":"https:\/\/corregidora.gob.mx\/ecologia\/wp-json\/wp\/v2\/users\/65"}],"replies":[{"embeddable":true,"href":"https:\/\/corregidora.gob.mx\/ecologia\/wp-json\/wp\/v2\/comments?post=29741"}],"version-history":[{"count":17,"href":"https:\/\/corregidora.gob.mx\/ecologia\/wp-json\/wp\/v2\/pages\/29741\/revisions"}],"predecessor-version":[{"id":30337,"href":"https:\/\/corregidora.gob.mx\/ecologia\/wp-json\/wp\/v2\/pages\/29741\/revisions\/30337"}],"wp:attachment":[{"href":"https:\/\/corregidora.gob.mx\/ecologia\/wp-json\/wp\/v2\/media?parent=29741"}],"curies":[{"name":"wp","href":"https:\/\/api.w.org\/{rel}","templated":true}]}}