{"id":29734,"date":"2021-11-23T16:27:36","date_gmt":"2021-11-23T22:27:36","guid":{"rendered":"https:\/\/corregidora.gob.mx\/ecologia\/?page_id=29734"},"modified":"2021-11-24T15:58:49","modified_gmt":"2021-11-24T21:58:49","slug":"normatividad-federal-2","status":"publish","type":"page","link":"https:\/\/corregidora.gob.mx\/ecologia\/normatividad-federal-2\/","title":{"rendered":"Normatividad Federal"},"content":{"rendered":"<p>[vc_row][vc_column][vc_empty_space][\/vc_column][vc_column][vc_column_text css_animation=&#8221;bounceInLeft&#8221;]<a href=\"https:\/\/corregidora.gob.mx\/ecologia\/assets\/docs\/5\/ley-general-equilibrio-ecologico.pdf\" target=\"_blank\" rel=\"noopener\">Ley General del Equilibrio Ecol\u00f3gico y la Protecci\u00f3n al Ambiente.<\/a>[\/vc_column_text][vc_separator color=&#8221;blue&#8221;][vc_column_text css_animation=&#8221;bounceInRight&#8221;]<a href=\"https:\/\/corregidora.gob.mx\/ecologia\/assets\/docs\/5\/ley-federal-responsabilidad-ambiental.pdf\" target=\"_blank\" rel=\"noopener\">Ley Federal de Responsabilidad Ambiental.<\/a>[\/vc_column_text][vc_separator color=&#8221;blue&#8221;][vc_column_text css_animation=&#8221;bounceInLeft&#8221;]<a href=\"https:\/\/corregidora.gob.mx\/ecologia\/assets\/docs\/5\/ley-aguas-nacionales.pdf\" target=\"_blank\" rel=\"noopener\">Ley de Aguas Nacionales.<\/a>[\/vc_column_text][vc_separator color=&#8221;blue&#8221;][vc_column_text css_animation=&#8221;bounceInRight&#8221;]<a href=\"https:\/\/corregidora.gob.mx\/ecologia\/assets\/docs\/5\/ley-general-gestion-residuos.pdf\" target=\"_blank\" rel=\"noopener\">Ley General para la Prevenci\u00f3n y Gesti\u00f3n Integral de los Residuos<\/a><\/p>\n<div class=\"c-content-divider c-divider-sm c-right c-theme-bg\"><\/div>\n<p>[\/vc_column_text][vc_separator color=&#8221;blue&#8221;][vc_column_text css_animation=&#8221;bounceInLeft&#8221;]<a href=\"https:\/\/corregidora.gob.mx\/ecologia\/assets\/docs\/5\/reglamento-general-residuos.pdf\" target=\"_blank\" rel=\"noopener\">Reglamento de la Ley General para la Prevenci\u00f3n y Gesti\u00f3n Integral de los Residuos<\/a><\/p>\n<div class=\"c-content-divider c-divider-sm c-right c-theme-bg\"><\/div>\n<div class=\"c-content-divider c-divider-sm c-right c-theme-bg\"><\/div>\n<p>[\/vc_column_text][vc_separator color=&#8221;blue&#8221;][vc_column_text css_animation=&#8221;bounceInLeft&#8221;]<a href=\"https:\/\/corregidora.gob.mx\/ecologia\/assets\/docs\/5\/norma-oficial-161.pdf\" target=\"_blank\" rel=\"noopener\">Norma Oficial Mexicana NOM-161-SEMARNAT-2011<\/a><\/p>\n<div class=\"c-content-divider c-divider-sm c-right c-theme-bg\"><\/div>\n<div class=\"c-content-divider c-divider-sm c-right c-theme-bg\"><\/div>\n<p>[\/vc_column_text][vc_separator color=&#8221;blue&#8221;][vc_column_text css_animation=&#8221;bounceInRight&#8221;]<a href=\"https:\/\/corregidora.gob.mx\/ecologia\/assets\/docs\/5\/norma-oficial-004.pdf\" target=\"_blank\" rel=\"noopener\">Norma Oficial Mexicana NOM-004-SEMARNAT-2002<\/a><\/p>\n<div class=\"c-content-divider c-divider-sm c-right c-theme-bg\"><\/div>\n<div class=\"c-content-divider c-divider-sm c-right c-theme-bg\"><\/div>\n<p>[\/vc_column_text][vc_separator color=&#8221;blue&#8221;][vc_column_text css_animation=&#8221;bounceInLeft&#8221;]<a href=\"https:\/\/corregidora.gob.mx\/ecologia\/assets\/docs\/5\/nom083-2003.pdf\" target=\"_blank\" rel=\"noopener\">Norma Oficial Mexicana NOM-083-SEMARNAT-2003<\/a><\/p>\n<div class=\"c-content-divider c-divider-sm c-right c-theme-bg\"><\/div>\n<div class=\"c-content-divider c-divider-sm c-right c-theme-bg\"><\/div>\n<p>[\/vc_column_text][vc_separator color=&#8221;blue&#8221;][vc_column_text css_animation=&#8221;bounceInLeft&#8221;]<a href=\"https:\/\/corregidora.gob.mx\/ecologia\/assets\/docs\/5\/acuerdo-ruido.pdf\" target=\"_blank\" rel=\"noopener\">ACUERDO por el que se modifica el numeral 5.4 de la Norma Oficial Mexicana NOM-081-SEMARNAT-1994, Que establece los l\u00edmites m\u00e1ximos permisibles de emisi\u00f3n de ruido de las fuentes fijas y su m\u00e9todo de medici\u00f3n.<\/a><\/p>\n<div class=\"c-content-divider c-divider-sm c-right c-theme-bg\"><\/div>\n<div class=\"c-content-divider c-divider-sm c-right c-theme-bg\"><\/div>\n<div class=\"c-content-divider c-divider-sm c-right c-theme-bg\"><\/div>\n<p>[\/vc_column_text][\/vc_column][\/vc_row]<\/p>\n","protected":false},"excerpt":{"rendered":"<p>[vc_row][vc_column][vc_empty_space][\/vc_column][vc_column][vc_column_text css_animation=&#8221;bounceInLeft&#8221;]Ley General del Equilibrio Ecol\u00f3gico y la Protecci\u00f3n al Ambiente.[\/vc_column_text][vc_separator color=&#8221;blue&#8221;][vc_column_text css_animation=&#8221;bounceInRight&#8221;]Ley Federal de Responsabilidad Ambiental.[\/vc_column_text][vc_separator color=&#8221;blue&#8221;][vc_column_text css_animation=&#8221;bounceInLeft&#8221;]Ley de Aguas Nacionales.[\/vc_column_text][vc_separator color=&#8221;blue&#8221;][vc_column_text css_animation=&#8221;bounceInRight&#8221;]Ley General para la Prevenci\u00f3n y Gesti\u00f3n Integral de los Residuos [\/vc_column_text][vc_separator color=&#8221;blue&#8221;][vc_column_text css_animation=&#8221;bounceInLeft&#8221;]Reglamento de la Ley&#8230;<\/p>\n","protected":false},"author":65,"featured_media":0,"parent":0,"menu_order":0,"comment_status":"closed","ping_status":"closed","template":"","meta":[],"_links":{"self":[{"href":"https:\/\/corregidora.gob.mx\/ecologia\/wp-json\/wp\/v2\/pages\/29734"}],"collection":[{"href":"https:\/\/corregidora.gob.mx\/ecologia\/wp-json\/wp\/v2\/pages"}],"about":[{"href":"https:\/\/corregidora.gob.mx\/ecologia\/wp-json\/wp\/v2\/types\/page"}],"author":[{"embeddable":true,"href":"https:\/\/corregidora.gob.mx\/ecologia\/wp-json\/wp\/v2\/users\/65"}],"replies":[{"embeddable":true,"href":"https:\/\/corregidora.gob.mx\/ecologia\/wp-json\/wp\/v2\/comments?post=29734"}],"version-history":[{"count":5,"href":"https:\/\/corregidora.gob.mx\/ecologia\/wp-json\/wp\/v2\/pages\/29734\/revisions"}],"predecessor-version":[{"id":29739,"href":"https:\/\/corregidora.gob.mx\/ecologia\/wp-json\/wp\/v2\/pages\/29734\/revisions\/29739"}],"wp:attachment":[{"href":"https:\/\/corregidora.gob.mx\/ecologia\/wp-json\/wp\/v2\/media?parent=29734"}],"curies":[{"name":"wp","href":"https:\/\/api.w.org\/{rel}","templated":true}]}}