{"id":29695,"date":"2021-09-22T13:55:29","date_gmt":"2021-09-22T18:55:29","guid":{"rendered":"https:\/\/corregidora.gob.mx\/ecologia\/?page_id=29695"},"modified":"2024-02-26T16:11:00","modified_gmt":"2024-02-26T22:11:00","slug":"tala","status":"publish","type":"page","link":"https:\/\/corregidora.gob.mx\/ecologia\/tala\/","title":{"rendered":"Tala"},"content":{"rendered":"<p>[vc_row full_width=&#8221;stretch_row_content&#8221;][vc_column][vc_single_image image=&#8221;29696&#8243; img_size=&#8221;full&#8221; alignment=&#8221;center&#8221; css_animation=&#8221;fadeInDown&#8221;][\/vc_column][\/vc_row][vc_row][vc_column][vc_column_text css_animation=&#8221;bounceInLeft&#8221;]<\/p>\n<ul>\n<li>\n<h4><span style=\"color: #0271b5;\"><strong>Llenar la solicitud. La puedes descargar &#8212;&#8211;&gt; <span style=\"color: #2ecc71;\"><a style=\"color: #2ecc71;\" href=\"https:\/\/corregidora.gob.mx\/ecologia\/assets\/docs\/5\/solicitud_tala.pdf\" target=\"_blank\" rel=\"noopener\">AQU\u00cd<\/a><\/span><\/strong><\/span><\/h4>\n<\/li>\n<\/ul>\n<p>[\/vc_column_text][vc_column_text css_animation=&#8221;bounceInRight&#8221;]<\/p>\n<ul>\n<li>\n<h4><span style=\"color: #0271b5;\"><strong>Presentar comprobante de domicilio e INE.<br \/>\n<\/strong><\/span><\/h4>\n<\/li>\n<\/ul>\n<p>[\/vc_column_text][vc_column_text css_animation=&#8221;bounceInRight&#8221;]<\/p>\n<ul>\n<li>\n<h4><span style=\"color: #0271b5;\"><strong>En caso de \u00e1reas comunes presentar Acta de Asamblea General del Condominio donde se haya acordado.<\/strong><\/span><\/h4>\n<\/li>\n<li>\n<h4><span style=\"color: #0271b5;\"><strong>Dentro o frente a domicilio o empresa, escrito mediante el cual la Asociaci\u00f3n de Colonos manifieste el conocimiento del tr\u00e1mite.<br \/>\n<\/strong><\/span><\/h4>\n<\/li>\n<li>\n<h4><span style=\"color: #0271b5;\"><strong>En caso de que no haya Asociaci\u00f3n, escrito manifestando que se har\u00e1 el tr\u00e1mite, anotando (nombre, #casa y firma) de conocimiento por 3 vecinos.<\/strong><\/span><\/h4>\n<\/li>\n<\/ul>\n<p>[\/vc_column_text][vc_column_text css_animation=&#8221;bounceInRight&#8221;]<\/p>\n<ul>\n<li>\n<h4><span style=\"color: #0271b5;\"><strong>Contar con licencia de construcci\u00f3n, en caso de que la tala sea para edificar en el predio.<\/strong><\/span><\/h4>\n<\/li>\n<\/ul>\n<p>[\/vc_column_text][vc_column_text css_animation=&#8221;bounceInRight&#8221;]<\/p>\n<ul>\n<li>\n<h4><span style=\"color: #0271b5;\"><strong>En caso de que proceda: Autorizaci\u00f3n en Materia de Impacto Ambiental y\/o Programa de Manejo de Vegetaci\u00f3n.<br \/>\n<\/strong><\/span><\/h4>\n<\/li>\n<\/ul>\n<p>[\/vc_column_text][vc_column_text css_animation=&#8221;bounceInRight&#8221;]<\/p>\n<ul>\n<li>\n<h4><span style=\"color: #0271b5;\"><strong>Pagar en ventanilla el dictamen para tala o reubicaci\u00f3n<br \/>\n<\/strong><\/span><\/h4>\n<\/li>\n<\/ul>\n<p>[\/vc_column_text][vc_empty_space][vc_column_text css_animation=&#8221;bounceInRight&#8221;]<\/p>\n<h4><span style=\"color: #d35400;\"><strong>IMPORTANTE:<\/strong><\/span><\/h4>\n<p>[\/vc_column_text][vc_column_text css_animation=&#8221;bounceInRight&#8221;]<\/p>\n<ul>\n<li>\n<h4><span style=\"color: #0271b5;\"><strong>Nuestros inspectores visitar\u00e1n el domicilio donde se llevar\u00e1 a cabo la remoci\u00f3n del \u00e1rbol.<br \/>\n<\/strong><\/span><\/h4>\n<\/li>\n<\/ul>\n<p>[\/vc_column_text][vc_column_text css_animation=&#8221;bounceInRight&#8221;]<\/p>\n<ul>\n<li>\n<h4><span style=\"color: #0271b5;\"><strong>Nos comunicaremos contigo para que te sea entregado el permiso solicitado.<\/strong><\/span><\/h4>\n<\/li>\n<\/ul>\n<p>[\/vc_column_text][vc_column_text css_animation=&#8221;bounceInRight&#8221;]<\/p>\n<ul>\n<li>\n<h4><span style=\"color: #0271b5;\"><strong>La tala o reubicaci\u00f3n de \u00e1rboles corre por cuenta del solicitante.<\/strong><\/span><\/h4>\n<\/li>\n<\/ul>\n<p>[\/vc_column_text][vc_column_text css_animation=&#8221;bounceInRight&#8221;]<\/p>\n<ul>\n<li>\n<h4><span style=\"color: #0271b5;\"><strong>Nuestros inspectores volver\u00e1n al domicilio para darle seguimiento al proceso.<\/strong><\/span><\/h4>\n<\/li>\n<\/ul>\n<p>[\/vc_column_text][vc_empty_space][vc_column_text css_animation=&#8221;bounceInRight&#8221;]<\/p>\n<h4 style=\"text-align: center;\"><span style=\"color: #16a085;\"><strong>RECUERDA: \u00a1POR CADA \u00c1RBOL TALADO HABR\u00c1 UNA COMPENSACI\u00d3N F\u00cdSICA!<\/strong><\/span><\/h4>\n<p>[\/vc_column_text][vc_column_text css_animation=&#8221;bounceInRight&#8221;]<em>El Municipio de Corregidora, Quer\u00e9taro, con domicilio para o\u00edr y recibir notificaciones en calle Ex Hacienda el Cerrito #100, El Pueblito, Corregidora, Quer\u00e9taro, es responsable del tratamiento a sus datos personales en atenci\u00f3n a la finalidad por la que fueron proporcionados.<\/em><\/p>\n<p><em>Para mayor informaci\u00f3n sobre el tratamiento a sus datos personales y de los derechos que puede hacer valer, se pone a su disposici\u00f3n el aviso de privacidad integral a trav\u00e9s de la p\u00e1gina de Internet:\u00a0 <a href=\"https:\/\/corregidora.gob.mx\/Transparencia\/aviso-privacidad\/\">aqu\u00ed<\/a><\/em><\/p>\n<h4><span style=\"color: #0271b5;\"><strong>.<\/strong><\/span><\/h4>\n<p>[\/vc_column_text][\/vc_column][\/vc_row][vc_row full_width=&#8221;stretch_row_content&#8221;][vc_column][vc_single_image image=&#8221;29821&#8243; img_size=&#8221;full&#8221; alignment=&#8221;center&#8221; css_animation=&#8221;fadeInUp&#8221;][\/vc_column][\/vc_row][vc_row][vc_column][\/vc_column][\/vc_row]<\/p>\n","protected":false},"excerpt":{"rendered":"<p>[vc_row full_width=&#8221;stretch_row_content&#8221;][vc_column][vc_single_image image=&#8221;29696&#8243; img_size=&#8221;full&#8221; alignment=&#8221;center&#8221; css_animation=&#8221;fadeInDown&#8221;][\/vc_column][\/vc_row][vc_row][vc_column][vc_column_text css_animation=&#8221;bounceInLeft&#8221;] Llenar la solicitud. La puedes descargar &#8212;&#8211;&gt; AQU\u00cd [\/vc_column_text][vc_column_text css_animation=&#8221;bounceInRight&#8221;] Presentar comprobante de domicilio e INE. [\/vc_column_text][vc_column_text css_animation=&#8221;bounceInRight&#8221;] En caso de \u00e1reas comunes presentar Acta de Asamblea General del Condominio donde se haya&#8230;<\/p>\n","protected":false},"author":65,"featured_media":0,"parent":0,"menu_order":0,"comment_status":"closed","ping_status":"closed","template":"","meta":[],"_links":{"self":[{"href":"https:\/\/corregidora.gob.mx\/ecologia\/wp-json\/wp\/v2\/pages\/29695"}],"collection":[{"href":"https:\/\/corregidora.gob.mx\/ecologia\/wp-json\/wp\/v2\/pages"}],"about":[{"href":"https:\/\/corregidora.gob.mx\/ecologia\/wp-json\/wp\/v2\/types\/page"}],"author":[{"embeddable":true,"href":"https:\/\/corregidora.gob.mx\/ecologia\/wp-json\/wp\/v2\/users\/65"}],"replies":[{"embeddable":true,"href":"https:\/\/corregidora.gob.mx\/ecologia\/wp-json\/wp\/v2\/comments?post=29695"}],"version-history":[{"count":21,"href":"https:\/\/corregidora.gob.mx\/ecologia\/wp-json\/wp\/v2\/pages\/29695\/revisions"}],"predecessor-version":[{"id":30298,"href":"https:\/\/corregidora.gob.mx\/ecologia\/wp-json\/wp\/v2\/pages\/29695\/revisions\/30298"}],"wp:attachment":[{"href":"https:\/\/corregidora.gob.mx\/ecologia\/wp-json\/wp\/v2\/media?parent=29695"}],"curies":[{"name":"wp","href":"https:\/\/api.w.org\/{rel}","templated":true}]}}