{"id":29541,"date":"2021-08-31T15:36:14","date_gmt":"2021-08-31T20:36:14","guid":{"rendered":"https:\/\/corregidora.gob.mx\/ecologia\/?page_id=29541"},"modified":"2025-01-09T12:08:42","modified_gmt":"2025-01-09T18:08:42","slug":"ecologia","status":"publish","type":"page","link":"https:\/\/corregidora.gob.mx\/ecologia\/","title":{"rendered":"Principalecologia"},"content":{"rendered":"<p>[vc_row disable_element=&#8221;yes&#8221; css=&#8221;.vc_custom_1736446121009{padding-top: 5px !important;padding-bottom: 5px !important;}&#8221;][vc_column][layerslider_vc id=&#8221;21&#8243;][vc_empty_space][\/vc_column][\/vc_row][vc_row full_width=&#8221;stretch_row_content&#8221; gap=&#8221;1&#8243; parallax=&#8221;content-moving&#8221; parallax_image=&#8221;30063&#8243;][vc_column][vc_empty_space][vc_text_separator title=&#8221;Sabes de un posible da\u00f1o al ambiente:&#8221; color=&#8221;black&#8221; border_width=&#8221;4&#8243;][\/vc_column][vc_column][vc_row_inner][vc_column_inner width=&#8221;1\/2&#8243;][vc_column_text]<\/p>\n<h6 style=\"text-align: center;\"><span style=\"color: #003300;\"><strong>\u00bfA d\u00f3nde debo acudir, <\/strong><strong>seg\u00fan competencias?<\/strong><\/span><\/h6>\n<p>[\/vc_column_text][vc_single_image image=&#8221;30038&#8243; alignment=&#8221;center&#8221; onclick=&#8221;custom_link&#8221; link=&#8221;https:\/\/www.profepa.gob.mx\/innovaportal\/v\/386\/1\/mx.wap\/que_hacemos__.html&#8221;][vc_single_image image=&#8221;30040&#8243; alignment=&#8221;center&#8221; onclick=&#8221;custom_link&#8221; link=&#8221;https:\/\/procuraduriaambientalqueretaro.com\/competencias-estatales\/&#8221;][vc_single_image image=&#8221;30314&#8243; alignment=&#8221;center&#8221;][vc_column_text]<\/p>\n<h6 style=\"text-align: center;\"><strong><span style=\"color: #000000;\">Direcci\u00f3n de Inspecci\u00f3n \u00danica<\/span><\/strong><br \/>\n<span style=\"color: #000000;\"><b>Fracs.<\/b><\/span><strong><span style=\"color: #000000;\">\u00a0IX, X, XI, XII del Art. 31\u00b0del Reglamento Org\u00e1nico<\/span><\/strong><br \/>\n<strong><span style=\"color: #000000;\"> Municipal de <\/span><\/strong><strong><span style=\"color: #000000;\">Corregidora, Quer\u00e9taro.\u00a0<\/span><\/strong><\/h6>\n<p>[\/vc_column_text][\/vc_column_inner][vc_column_inner width=&#8221;1\/2&#8243;][vc_column_text]<\/p>\n<h6 style=\"text-align: center;\"><strong><span style=\"color: #003300;\">\u00bfQuieres hacer una denuncia por un posible il\u00edcito en materia ambiental?<\/span><\/strong><\/h6>\n<p>[\/vc_column_text][vc_single_image image=&#8221;30038&#8243; alignment=&#8221;center&#8221; onclick=&#8221;custom_link&#8221; link=&#8221;https:\/\/www.profepa.gob.mx\/innovaportal\/v\/4991\/1\/mx.wap\/31_como_puedes_denunciar.html?fbclid=IwAR3OOQ1U3Qp1tySF2QKbMTcEPOl4_KACxqlsVB4JD1q8AdpQYO52vQqKc0M&#8221;][vc_single_image image=&#8221;30040&#8243; alignment=&#8221;center&#8221; onclick=&#8221;custom_link&#8221; link=&#8221;https:\/\/procuraduriaambientalqueretaro.com\/quejasydenuncias\/&#8221;][vc_single_image image=&#8221;30314&#8243; alignment=&#8221;center&#8221;][vc_column_text]<\/p>\n<pre class=\"styled-subtitle title-h2 title-h6\" style=\"text-align: center;\"><span style=\"color: #000000;\"><b>Secretar\u00eda de Gobierno<\/b><\/span>\r\n<strong><span style=\"color: #000000;\">Direcci\u00f3n de Inspecci\u00f3n \u00danica\u00a0<\/span><\/strong>\r\n<strong><span style=\"color: #000000;\"> Tel. 4422096000 ext. 7570 y 7566<\/span><\/strong><\/pre>\n<p>[\/vc_column_text][\/vc_column_inner][\/vc_row_inner][\/vc_column][\/vc_row][vc_row][vc_column][vc_empty_space][vc_row_inner equal_height=&#8221;yes&#8221; disable_element=&#8221;yes&#8221;][vc_column_inner width=&#8221;1\/3&#8243;][vc_single_image image=&#8221;30146&#8243; img_size=&#8221;370&#215;560&#8243; alignment=&#8221;center&#8221; onclick=&#8221;custom_link&#8221; link=&#8221;https:\/\/corregidora.gob.mx\/ecologia\/wp-content\/uploads\/2022\/06\/17-objetivos.pdf&#8221;][\/vc_column_inner][vc_column_inner width=&#8221;1\/3&#8243;][vc_images_carousel images=&#8221;30149,30152,30151&#8243; img_size=&#8221;370&#215;560&#8243; speed=&#8221;15000&#8243;][\/vc_column_inner][vc_column_inner width=&#8221;1\/3&#8243;][vc_hoverbox image=&#8221;29900&#8243; primary_title=&#8221;&#8221; hover_title=&#8221;&#8221;]El aumento de las temperaturas c\u00e1lidas no es la \u00fanica consecuencia del cambio clim\u00e1tico, sino que tambi\u00e9n se perciben afectaciones en los ciclos de lluvia, cosechas, gases de efecto invernadero e incluso.<\/p>\n<p>&nbsp;<\/p>\n<p>&nbsp;<\/p>\n<p>El Programa Estatal de Acci\u00f3n ante el Cambio Clim\u00e1tico de Quer\u00e9taro (PEACC) 2021-2050 contempla por ahora cinco estrategias: mitigaci\u00f3n de gases de efecto invernadero, adaptaci\u00f3n, educaci\u00f3n y difusi\u00f3n, pol\u00edticas p\u00fablicas y fortalecimiento institucional e investigaci\u00f3n y financiamiento.<\/p>\n<p>[\/vc_hoverbox][\/vc_column_inner][\/vc_row_inner][\/vc_column][\/vc_row][vc_row][vc_column][vc_empty_space][vc_row_inner equal_height=&#8221;yes&#8221; disable_element=&#8221;yes&#8221;][vc_column_inner width=&#8221;1\/3&#8243;][vc_hoverbox image=&#8221;29882&#8243; primary_title=&#8221;&#8221; hover_title=&#8221;&#8221;]<\/p>\n<p>&nbsp;<\/p>\n<p>Tipos de ahorro:<\/p>\n<ul>\n<li>Revisa con frecuencia las llaves y tuber\u00edas para detectar fugas.<\/li>\n<li>Usa cubetas con agua para lavar coches y banquetas en vez de usar manguera.<\/li>\n<li>Capta el agua de lluvia.<\/li>\n<li>Instala sistemas para el reuso de aguas grises.<\/li>\n<li>Usa solo el agua necesaria para lavarte las manos.<\/li>\n<\/ul>\n<p>&nbsp;<\/p>\n<p>&nbsp;<\/p>\n<p>[\/vc_hoverbox][\/vc_column_inner][vc_column_inner width=&#8221;1\/3&#8243;][vc_images_carousel images=&#8221;30156,30155&#8243; img_size=&#8221;370&#215;560&#8243; speed=&#8221;15000&#8243;][\/vc_column_inner][vc_column_inner width=&#8221;1\/3&#8243;][vc_hoverbox image=&#8221;29881&#8243; primary_title=&#8221;&#8221; hover_title=&#8221;&#8221;]<em>Si bien la vegetaci\u00f3n natural que se encuentra dentro y la que rodea a la Ciudad no est\u00e1 constituida por \u00e1rboles de una gran altura y un amplio follaje y nuestra vegetaci\u00f3n no est\u00e1 formada por lo que tradicionalmente consideramos como bosque, desde el punto de vista t\u00e9cnico y biol\u00f3gico, nuestra vegetaci\u00f3n es clasificada por los especialistas como Selva Baja Caducifolia y Matorral xer\u00f3fito. La mezcla de huizaches, mezquites, palo bobo, burseras, cactus, matorrales espinosos, plantas rastreras, arbustivas y la fauna silvestre propia de esta zona conforman Nuestra Selva.<\/em><\/p>\n<p><strong><em>Fuente: Am\u00e9rica Vizca\u00edno y Emilia Pizarro, Publicado por Ecologistas de Juriquilla, AC<\/em><\/strong>[\/vc_hoverbox][\/vc_column_inner][\/vc_row_inner][\/vc_column][\/vc_row][vc_row][vc_column][vc_row_inner disable_element=&#8221;yes&#8221;][vc_column_inner width=&#8221;1\/3&#8243;][vc_images_carousel images=&#8221;30159,30160,30191&#8243; img_size=&#8221;370&#215;560&#8243; speed=&#8221;15000&#8243;][\/vc_column_inner][vc_column_inner width=&#8221;1\/3&#8243;][vc_images_carousel images=&#8221;29860,30163&#8243; img_size=&#8221;370&#215;560&#8243;][\/vc_column_inner][vc_column_inner width=&#8221;1\/3&#8243;][vc_images_carousel images=&#8221;30166,30164,30165&#8243; img_size=&#8221;370&#215;560&#8243;][\/vc_column_inner][\/vc_row_inner][vc_empty_space][vc_text_separator title=&#8221;Juegos interactivos.&#8221; color=&#8221;green&#8221; border_width=&#8221;4&#8243;][vc_column_text]<\/p>\n<p style=\"text-align: center;\"><b>Prueba tus conocimientos sobre el medio ambiente.<\/b><\/p>\n<p style=\"text-align: center;\"><b>Da clic sobre cada imagen<\/b><\/p>\n<p>[\/vc_column_text][\/vc_column][\/vc_row][vc_row][vc_column width=&#8221;1\/5&#8243;][vc_single_image image=&#8221;30130&#8243; alignment=&#8221;center&#8221; onclick=&#8221;custom_link&#8221; link=&#8221;https:\/\/docs.google.com\/forms\/d\/e\/1FAIpQLSe9GlJcdjNuwMhYynbHvYzKGj7qHzVktLB0dQw3sRbiy_W5tA\/viewform?usp=sf_link&#8221;][\/vc_column][vc_column width=&#8221;1\/5&#8243;][vc_images_carousel images=&#8221;30188,30125&#8243;][\/vc_column][vc_column width=&#8221;1\/5&#8243;][vc_images_carousel images=&#8221;30187,30129&#8243;][\/vc_column][vc_column width=&#8221;1\/5&#8243;][vc_images_carousel images=&#8221;30126&#8243;][\/vc_column][vc_column width=&#8221;1\/5&#8243;][vc_empty_space][vc_single_image image=&#8221;30145&#8243; alignment=&#8221;center&#8221; onclick=&#8221;custom_link&#8221; link=&#8221;https:\/\/www.footprintcalculator.org\/home\/en&#8221;][\/vc_column][\/vc_row][vc_row disable_element=&#8221;yes&#8221;][vc_column][vc_empty_space][vc_text_separator title=&#8221;Calendario de algunas fechas ambientales 2022&#8243; color=&#8221;green&#8221; border_width=&#8221;5&#8243;][vc_single_image image=&#8221;29943&#8243; img_size=&#8221;full&#8221; alignment=&#8221;center&#8221; onclick=&#8221;custom_link&#8221; css=&#8221;.vc_custom_1653320911864{padding-bottom: 20px !important;}&#8221; link=&#8221;https:\/\/corregidora.gob.mx\/ecologia\/wp-content\/uploads\/2022\/05\/Calendario-Ambiental-por-mes-4.pdf&#8221;][vc_cta h2=&#8221;\u00bfConoces alguna otra celebraci\u00f3n ambiental?&#8221; txt_align=&#8221;center&#8221; add_button=&#8221;bottom&#8221; btn_title=&#8221;Comp\u00e1rtenos&#8221; btn_color=&#8221;pink&#8221; btn_align=&#8221;center&#8221; btn_css_animation=&#8221;bounceInUp&#8221; btn_button_block=&#8221;true&#8221; btn_link=&#8221;url:https%3A%2F%2Fcorregidora.gob.mx%2Fecologia%2Fcontacto%2F|title:Contacto|target:_blank&#8221;][\/vc_cta][\/vc_column][\/vc_row][vc_row][vc_column]<div class=\"fullwidth-block clearfix\" style=\"background-position: center center;background-attachment: fixed;padding-top: 30px;padding-bottom: 30px;padding-left: 25px;padding-right: 25px;\"><div class=\"container\">[vc_single_image image=&#8221;30314&#8243; alignment=&#8221;center&#8221; css_animation=&#8221;bounceIn&#8221;][vc_btn title=&#8221;Conoce nuestro Plan Municipal de Desarrollo 2021 &#8211; 2024&#8243; color=&#8221;warning&#8221; size=&#8221;lg&#8221; align=&#8221;center&#8221; css_animation=&#8221;none&#8221; link=&#8221;url:https%3A%2F%2Fcorregidora.gob.mx%2Fecologia%2Fwp-content%2Fuploads%2F2022%2F05%2FPDM21_24.pdf&#8221; el_class=&#8221;bold&#8221;]<\/div><\/div>[\/vc_column][\/vc_row][vc_row][vc_column][vc_single_image image=&#8221;29545&#8243; img_size=&#8221;medium&#8221; alignment=&#8221;center&#8221;][vc_column_text]<\/p>\n<div class=\"c-content-box c-size-md\">\n<div class=\"container\">\n<div class=\"c-content-bar-1 c-opt-1 c-bordered c-theme-border c-shadow\">\n<p class=\"c-font-uppercase\" style=\"text-align: center;\">EL CENTRO DE MONITOREO DE LA CALIDAD DEL AIRE DEL ESTADO DE QUER\u00c9TARO\u00a0<strong>(CEMCAQ)\u00a0<\/strong>ES LA ENTIDAD ENCARGADA DE MONITOREAR LA PRESENCIA DE CONTAMINANTES AMBIENTALES EN EL AIRE DE LA CIUDAD DE QUER\u00c9TARO, SU \u00c1REA CONURBADA Y SITIOS ESPEC\u00cdFICOS DEL ESTADO.<\/p>\n<p style=\"text-align: center;\">\n<\/div>\n<\/div>\n<\/div>\n<div class=\"c-content-box c-size-md \" style=\"text-align: center;\">\n<div class=\"container\">\n<div class=\"row\" data-auto-height=\"true\">\n<div class=\"col-md-12 c-margin-b-30 wow animate fadeInDown\">\n<div class=\"imagecontour effect2\"><\/div>\n<\/div>\n<\/div>\n<\/div>\n<\/div>\n<p>[\/vc_column_text]<div class=\"sc-button-with-separator\"><div class=\"sc-button-sep-holder\"><div class=\"sc-button-separator sc-button-separator-double\" style=\"border-color: #eaf8ff;\"><\/div><\/div><div class=\"sc-button-sep-button\"><div class=\"centered-box\"><a class=\"sc-button \"  href=\"http:\/\/aire.cemcaq.mx\/\" target=\"_self\" style=\"color: #7099bf;background-color: #eaf8ff;\">VISITAR SITIO<\/a><\/div><\/div><div class=\"sc-button-sep-holder\"><div class=\"sc-button-separator sc-button-separator-double\" style=\"border-color: #eaf8ff;\"><\/div><\/div><\/div>[\/vc_column][\/vc_row][vc_row disable_element=&#8221;yes&#8221;][vc_column][vc_separator color=&#8221;blue&#8221; border_width=&#8221;3&#8243;][\/vc_column][\/vc_row][vc_row disable_element=&#8221;yes&#8221;][vc_column][vc_text_separator title=&#8221;Documentos de Inter\u00e9s.&#8221; color=&#8221;green&#8221; border_width=&#8221;4&#8243;][\/vc_column][vc_column width=&#8221;1\/3&#8243;][vc_single_image image=&#8221;29626&#8243; img_size=&#8221;full&#8221; alignment=&#8221;center&#8221; onclick=&#8221;link_image&#8221;][vc_column_text]<\/p>\n<p style=\"text-align: center;\"><a href=\"https:\/\/corregidora.gob.mx\/ecologia\/assets\/docs\/1\/declaratoria-batan.pdf\">Declaratoria El Bat\u00e1n<\/a><\/p>\n<p>[\/vc_column_text][vc_column_text]<\/p>\n<p style=\"text-align: center;\"><a href=\"https:\/\/corregidora.gob.mx\/ecologia\/assets\/docs\/1\/resumen-programa-manejo-batan.pdf\">Programa de manejo<\/a><\/p>\n<p>[\/vc_column_text][\/vc_column][vc_column width=&#8221;1\/3&#8243;][vc_single_image image=&#8221;29624&#8243; img_size=&#8221;full&#8221; alignment=&#8221;center&#8221; onclick=&#8221;link_image&#8221;][vc_column_text]<\/p>\n<p style=\"text-align: center;\"><a href=\"https:\/\/corregidora.gob.mx\/ecologia\/assets\/docs\/5\/programa-proteccion.pdf\">Programa Municipal de Protecci\u00f3n Ambiental de Corregidora<\/a><\/p>\n<p>[\/vc_column_text][\/vc_column][vc_column width=&#8221;1\/3&#8243;][vc_single_image image=&#8221;29622&#8243; img_size=&#8221;full&#8221; alignment=&#8221;center&#8221; onclick=&#8221;link_image&#8221;][vc_column_text]<\/p>\n<p style=\"text-align: center;\"><a href=\"https:\/\/corregidora.gob.mx\/ecologia\/assets\/docs\/5\/diagnosticoambiental.pdf\">Diagn\u00f3stico Ambiental Municipio de Corregidora<\/a><\/p>\n<p>[\/vc_column_text][\/vc_column][\/vc_row][vc_row disable_element=&#8221;yes&#8221;][vc_column][vc_text_separator title=&#8221;Tr\u00e1mites&#8221; color=&#8221;blue&#8221; border_width=&#8221;4&#8243;][vc_column_text]<\/p>\n<p style=\"text-align: center;\"><span style=\"color: #3366ff;\"><a style=\"color: #3366ff;\" href=\"https:\/\/corregidora.gob.mx\/ecologia\/assets\/docs\/5\/solicitud_aaa.pdf\" target=\"_blank\" rel=\"noopener\"><b>&#8211; &#8211; Solicitud de Autorizaci\u00f3n Ambiental al Giro &#8211; &#8211;<\/b><\/a><\/span><\/p>\n<p style=\"text-align: center;\"><span style=\"color: #3366ff;\"><a style=\"color: #3366ff;\" href=\"https:\/\/corregidora.gob.mx\/ecologia\/assets\/docs\/5\/solicitud_tala.pdf\" target=\"_blank\" rel=\"noopener\"><b>&#8211; &#8211; Solicitud de Tala o Reubicaci\u00f3n &#8211; &#8211;<\/b><\/a><\/span><\/p>\n<p style=\"text-align: center;\">Para realizar ambos tr\u00e1mites deber\u00e1n imprimir y completar con bol\u00edgrafo el formato correspondiente y anexar los requisitos que se especifican en cada uno de ellos, acudir al CAM (El Pueblito) o al CAM Candiles y realizar el pago conforme lo especifica la Ley del Ingresos del Ejercicio Fiscal 2022.<\/p>\n<p>[\/vc_column_text][\/vc_column][\/vc_row]<\/p>\n","protected":false},"excerpt":{"rendered":"<p>[vc_row disable_element=&#8221;yes&#8221; css=&#8221;.vc_custom_1736446121009{padding-top: 5px !important;padding-bottom: 5px !important;}&#8221;][vc_column][layerslider_vc id=&#8221;21&#8243;][vc_empty_space][\/vc_column][\/vc_row][vc_row full_width=&#8221;stretch_row_content&#8221; gap=&#8221;1&#8243; parallax=&#8221;content-moving&#8221; parallax_image=&#8221;30063&#8243;][vc_column][vc_empty_space][vc_text_separator title=&#8221;Sabes de un posible da\u00f1o al ambiente:&#8221; color=&#8221;black&#8221; border_width=&#8221;4&#8243;][\/vc_column][vc_column][vc_row_inner][vc_column_inner width=&#8221;1\/2&#8243;][vc_column_text] \u00bfA d\u00f3nde debo acudir, seg\u00fan competencias? [\/vc_column_text][vc_single_image image=&#8221;30038&#8243; alignment=&#8221;center&#8221; onclick=&#8221;custom_link&#8221; link=&#8221;https:\/\/www.profepa.gob.mx\/innovaportal\/v\/386\/1\/mx.wap\/que_hacemos__.html&#8221;][vc_single_image image=&#8221;30040&#8243; alignment=&#8221;center&#8221; onclick=&#8221;custom_link&#8221; link=&#8221;https:\/\/procuraduriaambientalqueretaro.com\/competencias-estatales\/&#8221;][vc_single_image image=&#8221;30314&#8243; alignment=&#8221;center&#8221;][vc_column_text] Direcci\u00f3n&#8230;<\/p>\n","protected":false},"author":65,"featured_media":0,"parent":0,"menu_order":0,"comment_status":"closed","ping_status":"closed","template":"","meta":[],"_links":{"self":[{"href":"https:\/\/corregidora.gob.mx\/ecologia\/wp-json\/wp\/v2\/pages\/29541"}],"collection":[{"href":"https:\/\/corregidora.gob.mx\/ecologia\/wp-json\/wp\/v2\/pages"}],"about":[{"href":"https:\/\/corregidora.gob.mx\/ecologia\/wp-json\/wp\/v2\/types\/page"}],"author":[{"embeddable":true,"href":"https:\/\/corregidora.gob.mx\/ecologia\/wp-json\/wp\/v2\/users\/65"}],"replies":[{"embeddable":true,"href":"https:\/\/corregidora.gob.mx\/ecologia\/wp-json\/wp\/v2\/comments?post=29541"}],"version-history":[{"count":134,"href":"https:\/\/corregidora.gob.mx\/ecologia\/wp-json\/wp\/v2\/pages\/29541\/revisions"}],"predecessor-version":[{"id":30353,"href":"https:\/\/corregidora.gob.mx\/ecologia\/wp-json\/wp\/v2\/pages\/29541\/revisions\/30353"}],"wp:attachment":[{"href":"https:\/\/corregidora.gob.mx\/ecologia\/wp-json\/wp\/v2\/media?parent=29541"}],"curies":[{"name":"wp","href":"https:\/\/api.w.org\/{rel}","templated":true}]}}