{"id":3974,"date":"2022-11-18T19:44:01","date_gmt":"2022-11-18T19:44:01","guid":{"rendered":"https:\/\/www.corregidora.gob.mx\/unmertest\/?page_id=3974"},"modified":"2022-11-18T21:00:11","modified_gmt":"2022-11-18T21:00:11","slug":"acuerdo-simplificacion","status":"publish","type":"page","link":"https:\/\/corregidora.gob.mx\/cmmer\/acuerdo-simplificacion\/","title":{"rendered":"Acuerdo de simplificaci\u00f3n"},"content":{"rendered":"[vc_row][vc_column][vc_separator color=\u00bbwhite\u00bb][\/vc_column][\/vc_row][vc_row][vc_column][vc_column_text]\n<h4 style=\"text-align: center;\">El presente Acuerdo tiene por objeto establecer las acciones y lineamientos que deber\u00e1n seguir las dependencias de la Administraci\u00f3n P\u00fablica Municipal, para integrar los resultados del Programa de Simplificaci\u00f3n de Cargas en el Programa de Mejora Regulatoria en el Municipio de Corregidora.<\/h4>\n[\/vc_column_text][\/vc_column][\/vc_row][vc_row][vc_column width=\u00bb1\/2&#8243;][vc_btn title=\u00bbAcuerdo de Simplificaci\u00f3n\u00bb color=\u00bbinfo\u00bb size=\u00bblg\u00bb align=\u00bbcenter\u00bb css_animation=\u00bbbounceInDown\u00bb link=\u00bburl:https%3A%2F%2Fwww.corregidora.gob.mx%2FDocumentos%2F2015-2018%2Funmer%2Fsimplifica%2FAcuerdo_SIMPLIFICA_Corregidora.pdf|target:_blank\u00bb][\/vc_column][vc_column width=\u00bb1\/2&#8243;][vc_btn title=\u00bbLista de Tramites\u00bb color=\u00bbwarning\u00bb size=\u00bblg\u00bb align=\u00bbcenter\u00bb css_animation=\u00bbbounceInDown\u00bb link=\u00bburl:https%3A%2F%2Fwww.corregidora.gob.mx%2FDocumentos%2F2015-2018%2Funmer%2Fsimplifica%2FAnexo_1_Acuerdo_SIMPLIFICA_Corregidora.pdf|target:_blank\u00bb][\/vc_column][\/vc_row][vc_row][vc_column width=\u00bb1\/2&#8243;][vc_btn title=\u00bbFichas de Tramites\u00bb color=\u00bbpeacoc\u00bb size=\u00bblg\u00bb align=\u00bbcenter\u00bb css_animation=\u00bbbounceInDown\u00bb link=\u00bbtarget:_blank\u00bb][\/vc_column][vc_column width=\u00bb1\/2&#8243;][vc_btn title=\u00bbCalendario de Actividades\u00bb color=\u00bbdanger\u00bb size=\u00bblg\u00bb align=\u00bbcenter\u00bb css_animation=\u00bbbounceInDown\u00bb link=\u00bburl:https%3A%2F%2Fwww.corregidora.gob.mx%2FDocumentos%2F2015-2018%2Funmer%2Fsimplifica%2FAnexo_3_Acuerdo_SIMPLIFICA_Corregidora.pdf|target:_blank\u00bb][\/vc_column][\/vc_row][vc_row][vc_column][vc_separator color=\u00bbwhite\u00bb][\/vc_column][\/vc_row]\n","protected":false},"excerpt":{"rendered":"<p>[vc_row][vc_column][vc_separator color=\u00bbwhite\u00bb][\/vc_column][\/vc_row][vc_row][vc_column][vc_column_text] El presente Acuerdo tiene por objeto establecer las acciones y lineamientos que deber\u00e1n seguir las dependencias de la Administraci\u00f3n P\u00fablica Municipal, para integrar los resultados del Programa de Simplificaci\u00f3n de Cargas en el Programa de Mejora Regulatoria en el Municipio de Corregidora. [\/vc_column_text][\/vc_column][\/vc_row][vc_row][vc_column width=\u00bb1\/2&#8243;][vc_btn title=\u00bbAcuerdo de Simplificaci\u00f3n\u00bb color=\u00bbinfo\u00bb size=\u00bblg\u00bb align=\u00bbcenter\u00bb css_animation=\u00bbbounceInDown\u00bb link=\u00bburl:https%3A%2F%2Fwww.corregidora.gob.mx%2FDocumentos%2F2015-2018%2Funmer%2Fsimplifica%2FAcuerdo_SIMPLIFICA_Corregidora.pdf|target:_blank\u00bb][\/vc_column][vc_column width=\u00bb1\/2&#8243;][vc_btn [&hellip;]<\/p>\n","protected":false},"author":2,"featured_media":0,"parent":0,"menu_order":0,"comment_status":"closed","ping_status":"closed","template":"template-fullwidth.php","meta":{"_bbp_topic_count":0,"_bbp_reply_count":0,"_bbp_total_topic_count":0,"_bbp_total_reply_count":0,"_bbp_voice_count":0,"_bbp_anonymous_reply_count":0,"_bbp_topic_count_hidden":0,"_bbp_reply_count_hidden":0,"_bbp_forum_subforum_count":0,"footnotes":""},"class_list":["post-3974","page","type-page","status-publish","hentry"],"_links":{"self":[{"href":"https:\/\/corregidora.gob.mx\/cmmer\/wp-json\/wp\/v2\/pages\/3974","targetHints":{"allow":["GET"]}}],"collection":[{"href":"https:\/\/corregidora.gob.mx\/cmmer\/wp-json\/wp\/v2\/pages"}],"about":[{"href":"https:\/\/corregidora.gob.mx\/cmmer\/wp-json\/wp\/v2\/types\/page"}],"author":[{"embeddable":true,"href":"https:\/\/corregidora.gob.mx\/cmmer\/wp-json\/wp\/v2\/users\/2"}],"replies":[{"embeddable":true,"href":"https:\/\/corregidora.gob.mx\/cmmer\/wp-json\/wp\/v2\/comments?post=3974"}],"version-history":[{"count":7,"href":"https:\/\/corregidora.gob.mx\/cmmer\/wp-json\/wp\/v2\/pages\/3974\/revisions"}],"predecessor-version":[{"id":3982,"href":"https:\/\/corregidora.gob.mx\/cmmer\/wp-json\/wp\/v2\/pages\/3974\/revisions\/3982"}],"wp:attachment":[{"href":"https:\/\/corregidora.gob.mx\/cmmer\/wp-json\/wp\/v2\/media?parent=3974"}],"curies":[{"name":"wp","href":"https:\/\/api.w.org\/{rel}","templated":true}]}}