{"id":3948,"date":"2022-11-17T21:01:32","date_gmt":"2022-11-17T21:01:32","guid":{"rendered":"https:\/\/www.corregidora.gob.mx\/unmertest\/?page_id=3948"},"modified":"2025-10-03T10:41:39","modified_gmt":"2025-10-03T16:41:39","slug":"sare","status":"publish","type":"page","link":"https:\/\/corregidora.gob.mx\/cmmer\/sare\/","title":{"rendered":"Sistema de Apertura R\u00e1pida para Empresas"},"content":{"rendered":"[vc_row gap=\u00bb60&#8243;][vc_column width=\u00bb1\/2&#8243;][vc_row_inner css=\u00bb.vc_custom_1596642331268{background-color: #ffffff !important;}\u00bb][vc_column_inner][vc_column_text]\n<h4 style=\"color: #002ed8; text-align: center;\"><strong>\u00abApertura tu Empresa en m\u00e1ximo 3 d\u00edas\u00bb<\/strong><\/h4>\n[\/vc_column_text][\/vc_column_inner][\/vc_row_inner][vc_row_inner css=\u00bb.vc_custom_1596642403251{background-color: #ffffff !important;}\u00bb][vc_column_inner][vc_column_text]\n<ul>\n<li>Licencia Municipal de Funcionamiento solo para actividades econ\u00f3micas de bajo impacto pertenecientes al <strong>cat\u00e1logo SCIAN y SARE \u201cUbica tu giro<\/strong>\u201d.<\/li>\n<li>Y ahora tambi\u00e9n realiza tu tr\u00e1mite en l\u00ednea<\/li>\n<\/ul>\n[\/vc_column_text][\/vc_column_inner][\/vc_row_inner][vc_row_inner css=\u00bb.vc_custom_1596642883052{background-color: #ffffff !important;}\u00bb][vc_column_inner][vc_cta h2=\u00bb\u00bb txt_align=\u00bbcenter\u00bb style=\u00bbcustom\u00bb add_button=\u00bbbottom\u00bb btn_title=\u00bbHazlo Aqu\u00ed\u00bb btn_color=\u00bbprimary\u00bb btn_size=\u00bblg\u00bb btn_align=\u00bbcenter\u00bb custom_background=\u00bb#ffffff\u00bb btn_link=\u00bburl:https%3A%2F%2Fwww.corregidoraenlinea.gob.mx%2F%23%2Fportal%2Fdetail%3Fformality%3D13||target:%20_blank|\u00bb][\/vc_cta][\/vc_column_inner][\/vc_row_inner][\/vc_column][vc_column width=\u00bb1\/2&#8243;][vc_row_inner css=\u00bb.vc_custom_1596642331268{background-color: #ffffff !important;}\u00bb][vc_column_inner][vc_column_text]\n<h4 style=\"color: #002ed8; text-align: center;\"><strong>Sistema de Apertura <\/strong><strong>R\u00e1pida de Empresas <\/strong><strong>SARE<\/strong><\/h4>\n[\/vc_column_text][\/vc_column_inner][\/vc_row_inner][vc_row_inner css=\u00bb.vc_custom_1596642331268{background-color: #ffffff !important;}\u00bb][vc_column_inner][vc_column_text]Sistema para micro, peque\u00f1as y medianas empresas de hasta 100 m2 con un giro de bajo impacto en materia de medio ambiente, seguridad y salud; que te permite obtener tu Licencia Municipal de Funcionamiento e Iniciar operaciones en 3 d\u00edas h\u00e1biles.[\/vc_column_text][\/vc_column_inner][\/vc_row_inner][\/vc_column][\/vc_row][vc_row][vc_column][vc_single_image image=\u00bb3949&#8243; img_size=\u00bblarge\u00bb alignment=\u00bbcenter\u00bb][\/vc_column][\/vc_row][vc_row][vc_column width=\u00bb1\/2&#8243;][vc_btn title=\u00bbCertificado PROSARE (Programa reconocimiento y operaci\u00f3n del SARE)\u00bb color=\u00bbprimary\u00bb size=\u00bblg\u00bb align=\u00bbcenter\u00bb css_animation=\u00bbnone\u00bb button_block=\u00bbtrue\u00bb link=\u00bburl:https%3A%2F%2Fcorregidora.gob.mx%2FDocumentos%2F2018-2021%2Funmer%2FSARE%2FCNMR-22006-PS-03.pdf||target:%20_blank|\u00bb][\/vc_column][vc_column width=\u00bb1\/2&#8243;][vc_btn title=\u00bbRegistro Municipal de Tr\u00e1mites y Servicios\u00bb color=\u00bbprimary\u00bb size=\u00bblg\u00bb align=\u00bbcenter\u00bb css_animation=\u00bbnone\u00bb button_block=\u00bbtrue\u00bb custom_onclick=\u00bbtrue\u00bb link=\u00bburl:http%3A%2F%2Fcorregidora.gob.mx%2Funmer%2Frmts%2F|title:Ir%20a%20RMTS|target:%20_blank|\u00bb custom_onclick_code=\u00bbdownload\u00bb][\/vc_column][\/vc_row][vc_row][vc_column][vc_column_text css=\u00bb.vc_custom_1528998362898{margin-bottom: 30px !important;}\u00bb]\n<h3>Descargar Archivos<\/h3>\n[\/vc_column_text][vc_row_inner][vc_column_inner width=\u00bb1\/3&#8243;][vc_btn title=\u00bbCat\u00e1logo SCIAN y SARE \u201cUbica tu giro\u00ab\u00bb color=\u00bbinfo\u00bb size=\u00bblg\u00bb align=\u00bbleft\u00bb i_icon_fontawesome=\u00bbfas fa-book\u00bb button_block=\u00bbtrue\u00bb add_icon=\u00bbtrue\u00bb custom_onclick=\u00bbtrue\u00bb link=\u00bburl:http%3A%2F%2Fwww.corregidora.gob.mx%2FDocumentos%2F2021-2024%2Fcmmer%2FSARE%2FCATALOGO_DE_GIROS_SCIAN_Y_SARE_Ubica_tu_giro.pdf|title:Descargar|target:_blank\u00bb custom_onclick_code=\u00bbdownload\u00bb][\/vc_column_inner][vc_column_inner width=\u00bb1\/3&#8243;][vc_btn title=\u00bbRequisitos e informaci\u00f3n SARE\u00bb color=\u00bbinfo\u00bb size=\u00bblg\u00bb align=\u00bbleft\u00bb i_icon_fontawesome=\u00bbfar fa-file-alt\u00bb button_block=\u00bbtrue\u00bb add_icon=\u00bbtrue\u00bb link=\u00bburl:https%3A%2F%2Fcorregidora.gob.mx%2Fcmmer%2Fbwl-knowledge-base%2Fgeneral%2Flicencia-de-funcionamiento-tipo-sare%2F|title:Descargar|target:_blank\u00bb][\/vc_column_inner][vc_column_inner width=\u00bb1\/3&#8243;][vc_btn title=\u00bbSolicitud SARE (Formato \u00danico)\u00bb color=\u00bbinfo\u00bb size=\u00bblg\u00bb align=\u00bbleft\u00bb i_icon_fontawesome=\u00bbfar fa-edit\u00bb button_block=\u00bbtrue\u00bb add_icon=\u00bbtrue\u00bb link=\u00bburl:https%3A%2F%2Fwww.corregidora.gob.mx%2FDocumentos%2F2021-2024%2Fcmmer%2FSARE%2FFormato_Unico_Licencia_de_Funcionamiento.pdf|title:Descargar|target:_blank\u00bb][\/vc_column_inner][\/vc_row_inner][vc_row_inner][vc_column_inner width=\u00bb1\/3&#8243;][vc_btn title=\u00bbDiagrama de procedimiento en l\u00ednea SARE\u00bb color=\u00bbinfo\u00bb size=\u00bblg\u00bb align=\u00bbleft\u00bb i_icon_fontawesome=\u00bbfas fa-project-diagram\u00bb button_block=\u00bbtrue\u00bb add_icon=\u00bbtrue\u00bb custom_onclick=\u00bbtrue\u00bb link=\u00bburl:http%3A%2F%2Fwww.corregidora.gob.mx%2FDocumentos%2F2021-2024%2Fcmmer%2FSARE%2FPR-1130-02_Diagrama_de_procedimiento_en_linea.pdf|title:Descargar|target:_blank\u00bb custom_onclick_code=\u00bbdownload\u00bb][\/vc_column_inner][vc_column_inner width=\u00bb1\/3&#8243;][vc_btn title=\u00bbDia. de procedimiento presencial SARE\u00bb color=\u00bbinfo\u00bb size=\u00bblg\u00bb align=\u00bbleft\u00bb i_icon_fontawesome=\u00bbfas fa-chart-pie\u00bb button_block=\u00bbtrue\u00bb add_icon=\u00bbtrue\u00bb custom_onclick=\u00bbtrue\u00bb link=\u00bburl:http%3A%2F%2Fwww.corregidora.gob.mx%2FDocumentos%2F2021-2024%2Fcmmer%2FSARE%2FPR-1130-01_Diagrama_de_procedimiento_presencial.pdf|title:Descargar|target:_blank\u00bb custom_onclick_code=\u00bbdownload\u00bb][\/vc_column_inner][vc_column_inner width=\u00bb1\/3&#8243;][vc_btn title=\u00bbManual (SARE)\u00bb color=\u00bbinfo\u00bb size=\u00bblg\u00bb align=\u00bbleft\u00bb i_icon_fontawesome=\u00bbfas fa-book-reader\u00bb button_block=\u00bbtrue\u00bb add_icon=\u00bbtrue\u00bb custom_onclick=\u00bbtrue\u00bb link=\u00bburl:http%3A%2F%2Fwww.corregidora.gob.mx%2FDocumentos%2F2021-2024%2Fcmmer%2FSARE%2FManual_de_Operacion_SARE.pdf|title:Descargar|target:_blank\u00bb custom_onclick_code=\u00bbdownload\u00bb][\/vc_column_inner][\/vc_row_inner][\/vc_column][\/vc_row]\n","protected":false},"excerpt":{"rendered":"<p>[vc_row gap=\u00bb60&#8243;][vc_column width=\u00bb1\/2&#8243;][vc_row_inner css=\u00bb.vc_custom_1596642331268{background-color: #ffffff !important;}\u00bb][vc_column_inner][vc_column_text] \u00abApertura tu Empresa en m\u00e1ximo 3 d\u00edas\u00bb [\/vc_column_text][\/vc_column_inner][\/vc_row_inner][vc_row_inner css=\u00bb.vc_custom_1596642403251{background-color: #ffffff !important;}\u00bb][vc_column_inner][vc_column_text] Licencia Municipal de Funcionamiento solo para actividades econ\u00f3micas de bajo impacto pertenecientes al cat\u00e1logo SCIAN y SARE \u201cUbica tu giro\u201d. Y ahora tambi\u00e9n realiza tu tr\u00e1mite en l\u00ednea [\/vc_column_text][\/vc_column_inner][\/vc_row_inner][vc_row_inner css=\u00bb.vc_custom_1596642883052{background-color: #ffffff !important;}\u00bb][vc_column_inner][vc_cta h2=\u00bb\u00bb txt_align=\u00bbcenter\u00bb style=\u00bbcustom\u00bb add_button=\u00bbbottom\u00bb btn_title=\u00bbHazlo Aqu\u00ed\u00bb [&hellip;]<\/p>\n","protected":false},"author":2,"featured_media":0,"parent":0,"menu_order":0,"comment_status":"closed","ping_status":"closed","template":"template-fullwidth.php","meta":{"_bbp_topic_count":0,"_bbp_reply_count":0,"_bbp_total_topic_count":0,"_bbp_total_reply_count":0,"_bbp_voice_count":0,"_bbp_anonymous_reply_count":0,"_bbp_topic_count_hidden":0,"_bbp_reply_count_hidden":0,"_bbp_forum_subforum_count":0,"footnotes":""},"class_list":["post-3948","page","type-page","status-publish","hentry"],"_links":{"self":[{"href":"https:\/\/corregidora.gob.mx\/cmmer\/wp-json\/wp\/v2\/pages\/3948","targetHints":{"allow":["GET"]}}],"collection":[{"href":"https:\/\/corregidora.gob.mx\/cmmer\/wp-json\/wp\/v2\/pages"}],"about":[{"href":"https:\/\/corregidora.gob.mx\/cmmer\/wp-json\/wp\/v2\/types\/page"}],"author":[{"embeddable":true,"href":"https:\/\/corregidora.gob.mx\/cmmer\/wp-json\/wp\/v2\/users\/2"}],"replies":[{"embeddable":true,"href":"https:\/\/corregidora.gob.mx\/cmmer\/wp-json\/wp\/v2\/comments?post=3948"}],"version-history":[{"count":5,"href":"https:\/\/corregidora.gob.mx\/cmmer\/wp-json\/wp\/v2\/pages\/3948\/revisions"}],"predecessor-version":[{"id":7090,"href":"https:\/\/corregidora.gob.mx\/cmmer\/wp-json\/wp\/v2\/pages\/3948\/revisions\/7090"}],"wp:attachment":[{"href":"https:\/\/corregidora.gob.mx\/cmmer\/wp-json\/wp\/v2\/media?parent=3948"}],"curies":[{"name":"wp","href":"https:\/\/api.w.org\/{rel}","templated":true}]}}