{"id":3855,"date":"2022-11-08T21:09:20","date_gmt":"2022-11-08T21:09:20","guid":{"rendered":"https:\/\/www.corregidora.gob.mx\/unmertest\/?page_id=3855"},"modified":"2022-11-10T21:30:00","modified_gmt":"2022-11-10T21:30:00","slug":"facultades","status":"publish","type":"page","link":"https:\/\/corregidora.gob.mx\/cmmer\/facultades\/","title":{"rendered":"FACULTADES"},"content":{"rendered":"[vc_row][vc_column][vc_column_text]\n<div class=\"wpb_text_column_1 wpb_text_column wpb_content_element vc_custom_1528926804528\">\n<div class=\"wpb_wrapper\">\n<h2><span style=\"color: #000000;\">Consejo<\/span><\/h2>\n<\/div>\n<\/div>\n<div class=\"wpb_text_column_2 wpb_text_column wpb_content_element vc_custom_1528926990484\">\n<div class=\"wpb_wrapper\">\n<h4><span style=\"color: #000000;\">Emite opiniones no vinculantes, sobre temas relevantes en las materias de mejora regulatoria, opina sobre la adopci\u00f3n de pol\u00edticas p\u00fablicas de otros entes p\u00fablicos y privados, que sean exitosas y fomenten la mejora regulatoria, analiza y propone la ejecuci\u00f3n de programas, proyectos y acciones relacionadas con la materia de mejora regulatoria, emite los lineamientos que regular\u00e1n su actividad.<\/span><\/h4>\n<\/div>\n<\/div>\n[\/vc_column_text][\/vc_column][\/vc_row][vc_row][vc_column][vc_separator color=\u00bbwhite\u00bb][\/vc_column][\/vc_row][vc_row css=\u00bb.vc_custom_1668115099508{background-color: #0066bf !important;}\u00bb][vc_column][vc_column_text]\n<div class=\"wpb_text_column_1 wpb_text_column wpb_content_element vc_custom_1528926804528\">\n<div class=\"wpb_wrapper\">\n<div class=\"wpb_text_column_3 wpb_text_column wpb_content_element vc_custom_1528928361292\">\n<div class=\"wpb_wrapper\">\n<h2 style=\"text-align: center;\"><span style=\"color: #ffffff;\">Presidente del consejo<\/span><\/h2>\n<div class=\"wpb_column vc_column_container vc_col-sm-6 vc_column_container_636d673bd530e344269528\">\n<div class=\"vc_column-inner \">\n<div class=\"wpb_wrapper\">\n<div class=\"b_icon_list\">\n<ul>\n<li><span style=\"color: #ffffff;\">Representar al Consejo<\/span><\/li>\n<\/ul>\n<\/div>\n<div class=\"b_icon_list\">\n<ul>\n<li><span style=\"color: #ffffff;\">Proponer la Orden del d\u00eda<\/span><\/li>\n<\/ul>\n<\/div>\n<div class=\"b_icon_list\">\n<ul>\n<li><span style=\"color: #ffffff;\">Convocar por conducto del Secretario T\u00e9cnico a las sesiones del Consejo, declarar su apertura, dirigir, coordinar su desarrollo y clausurarlas en los t\u00e9rminos del presente ordenamiento; as\u00ed como dirigirlas cuidando que se desarrollen conforme al orden del d\u00eda<\/span><\/li>\n<\/ul>\n<\/div>\n<\/div>\n<\/div>\n<\/div>\n<div class=\"wpb_column vc_column_container vc_col-sm-6 vc_column_container_636d673bd59aa396459455\">\n<div class=\"vc_column-inner \">\n<div class=\"wpb_wrapper\">\n<div class=\"b_icon_list\">\n<ul>\n<li><span style=\"color: #ffffff;\">Firmar las actas de las sesiones del Consejo<\/span><\/li>\n<\/ul>\n<\/div>\n<div class=\"b_icon_list\">\n<ul>\n<li><span style=\"color: #ffffff;\">Rendir al Ayuntamiento un informe semestral por escrito sobre las actividades del Consejo<\/span><\/li>\n<\/ul>\n<\/div>\n<div class=\"b_icon_list\">\n<ul>\n<li><span style=\"color: #ffffff;\">Vigilar el cumplimiento de los acuerdos, lineamientos y criterios emitidos por el Consejo<\/span><\/li>\n<\/ul>\n<\/div>\n<div class=\"b_icon_list\">\n<ul>\n<li><span style=\"color: #ffffff;\">Contar con voz y voto de calidad en las sesiones<\/span><\/li>\n<\/ul>\n<\/div>\n<\/div>\n<\/div>\n<\/div>\n<\/div>\n<\/div>\n<\/div>\n<\/div>\n[\/vc_column_text][\/vc_column][\/vc_row][vc_row][vc_column][vc_separator color=\u00bbwhite\u00bb border_width=\u00bb2&#8243;][\/vc_column][\/vc_row][vc_row full_width=\u00bbstretch_row_content\u00bb gap=\u00bb1&#8243;][vc_column width=\u00bb1\/2&#8243;][vc_column_text css=\u00bb.vc_custom_1668114839998{background-color: #2a9eaf !important;}\u00bb]\n<div class=\"wpb_text_column_4 wpb_text_column wpb_content_element vc_custom_1528928992655\">\n<div class=\"wpb_wrapper\">\n<h2 style=\"text-align: center;\"><span style=\"color: #ffffff;\">Secretario T\u00e9cnico<\/span><\/h2>\n<\/div>\n<\/div>\n<div class=\"b_icon_list\">\n<p>&nbsp;<\/p>\n<ul>\n<li><span style=\"color: #ffffff;\">Convocar oportunamente y en conjunto con el Presidente del Consejo a las sesiones, enviando las convocatorias, junto con el orden del d\u00eda y la documentaci\u00f3n correspondiente<\/span><\/li>\n<li><span style=\"color: #ffffff;\">Conceder el uso de la palabra a los integrantes del Consejo o a quienes hayan sido invitados<\/span><\/li>\n<li><span style=\"color: #ffffff;\">Cuidar que durante la sesi\u00f3n los espectadores guarden orden y silencio<\/span><\/li>\n<li><span style=\"color: #ffffff;\">Estar presente en todas las sesiones<\/span><\/li>\n<li><span style=\"color: #ffffff;\">Elaborar y rubricar las actas de las sesiones del Consejo, cuidando que contengan el nombre de quienes participaron, el sentido de la votaci\u00f3n, las horas de apertura y clausura, las observaciones, correcciones, lectura y aprobaci\u00f3n del acta anterior, as\u00ed como una relaci\u00f3n sucinta, ordenada y clara de cuanto se trat\u00f3 y resolvi\u00f3 en las sesiones<\/span><\/li>\n<li><span style=\"color: #ffffff;\">Informar a los miembros del Consejo, el sentido de la votaci\u00f3n emitida respecto de los Acuerdos o puntos de resoluci\u00f3n que se tomen<\/span><\/li>\n<li><span style=\"color: #ffffff;\">Pasar lista de asistencia a los integrantes del Consejo y comprobar que existe el qu\u00f3rum legal requerido<\/span><\/li>\n<li><span style=\"color: #ffffff;\">Publicar en el portal del municipio las acciones tomadas por el Consejo<\/span><\/li>\n<li><span style=\"color: #ffffff;\">Ejecutar y dar seguimiento a los acuerdos del Consejo<\/span><\/li>\n<\/ul>\n<\/div>\n[\/vc_column_text][\/vc_column][vc_column width=\u00bb1\/2&#8243;][vc_column_text css=\u00bb.vc_custom_1668114847571{background-color: #2a9eaf !important;}\u00bb]\n<div class=\"wpb_text_column_5 wpb_text_column wpb_content_element vc_custom_1528929011609\">\n<div class=\"wpb_wrapper\">\n<h2 style=\"text-align: center;\"><span style=\"color: #ffffff;\">Vocales<\/span><\/h2>\n<\/div>\n<\/div>\n<div class=\"vc_row wpb_row vc_inner vc_row-fluid vc_column-gap-30 vc_row-636d673bd7e6c059872205\">\n<div class=\"wpb_column vc_column_container vc_col-sm-12 vc_column_container_636d673bd8193643432819\">\n<div class=\"vc_column-inner \">\n<div class=\"wpb_wrapper\">\n<div class=\"b_icon_list\">\n<p>&nbsp;<\/p>\n<ul>\n<li><span style=\"color: #ffffff;\">Asistir con puntualidad a todas las sesiones del Consejo con voz y voto; debiendo permanecer en ellas hasta el t\u00e9rmino de las mismas<\/span><\/li>\n<li><span style=\"color: #ffffff;\">Analizar el orden del d\u00eda y los documentos de los asuntos a tratar, a efecto de opinar y votar sobre \u00e9stos en la sesi\u00f3n<\/span><\/li>\n<li><span style=\"color: #ffffff;\">Guardar el orden y respeto a los dem\u00e1s miembros del Consejo<\/span><\/li>\n<li><span style=\"color: #ffffff;\">Solicitar al Presidente del Consejo, durante las sesiones, el uso de la voz, esperando el turno para su intervenci\u00f3n<\/span><\/li>\n<li><span style=\"color: #ffffff;\">Realizar los comentarios que procedan a los proyectos de actas del Consejo<\/span><\/li>\n<li><span style=\"color: #ffffff;\">Firmar las actas de las sesiones en las que participe<\/span><\/li>\n<li><span style=\"color: #ffffff;\">Solicitar al Secretario T\u00e9cnico la informaci\u00f3n que requieran para el cumplimiento de sus funciones<\/span><\/li>\n<\/ul>\n<\/div>\n<\/div>\n<\/div>\n<\/div>\n<\/div>\n[\/vc_column_text][\/vc_column][\/vc_row]\n","protected":false},"excerpt":{"rendered":"<p>[vc_row][vc_column][vc_column_text] Consejo Emite opiniones no vinculantes, sobre temas relevantes en las materias de mejora regulatoria, opina sobre la adopci\u00f3n de pol\u00edticas p\u00fablicas de otros entes p\u00fablicos y privados, que sean exitosas y fomenten la mejora regulatoria, analiza y propone la ejecuci\u00f3n de programas, proyectos y acciones relacionadas con la materia de mejora regulatoria, emite los [&hellip;]<\/p>\n","protected":false},"author":2,"featured_media":0,"parent":0,"menu_order":0,"comment_status":"closed","ping_status":"closed","template":"template-fullwidth.php","meta":{"_bbp_topic_count":0,"_bbp_reply_count":0,"_bbp_total_topic_count":0,"_bbp_total_reply_count":0,"_bbp_voice_count":0,"_bbp_anonymous_reply_count":0,"_bbp_topic_count_hidden":0,"_bbp_reply_count_hidden":0,"_bbp_forum_subforum_count":0,"footnotes":""},"class_list":["post-3855","page","type-page","status-publish","hentry"],"_links":{"self":[{"href":"https:\/\/corregidora.gob.mx\/cmmer\/wp-json\/wp\/v2\/pages\/3855","targetHints":{"allow":["GET"]}}],"collection":[{"href":"https:\/\/corregidora.gob.mx\/cmmer\/wp-json\/wp\/v2\/pages"}],"about":[{"href":"https:\/\/corregidora.gob.mx\/cmmer\/wp-json\/wp\/v2\/types\/page"}],"author":[{"embeddable":true,"href":"https:\/\/corregidora.gob.mx\/cmmer\/wp-json\/wp\/v2\/users\/2"}],"replies":[{"embeddable":true,"href":"https:\/\/corregidora.gob.mx\/cmmer\/wp-json\/wp\/v2\/comments?post=3855"}],"version-history":[{"count":15,"href":"https:\/\/corregidora.gob.mx\/cmmer\/wp-json\/wp\/v2\/pages\/3855\/revisions"}],"predecessor-version":[{"id":3874,"href":"https:\/\/corregidora.gob.mx\/cmmer\/wp-json\/wp\/v2\/pages\/3855\/revisions\/3874"}],"wp:attachment":[{"href":"https:\/\/corregidora.gob.mx\/cmmer\/wp-json\/wp\/v2\/media?parent=3855"}],"curies":[{"name":"wp","href":"https:\/\/api.w.org\/{rel}","templated":true}]}}