{"id":3806,"date":"2022-11-04T17:36:01","date_gmt":"2022-11-04T17:36:01","guid":{"rendered":"https:\/\/www.corregidora.gob.mx\/unmertest\/?page_id=3806"},"modified":"2022-11-04T17:36:01","modified_gmt":"2022-11-04T17:36:01","slug":"marco-juridico","status":"publish","type":"page","link":"https:\/\/corregidora.gob.mx\/cmmer\/marco-juridico\/","title":{"rendered":"Marco Juridico"},"content":{"rendered":"[vc_row][vc_column][vc_separator color=\u00bbpeacoc\u00bb border_width=\u00bb2&#8243;][\/vc_column][\/vc_row][vc_row][vc_column][vc_message icon_type=\u00bbpixelicons\u00bb icon_pixelicons=\u00bbvc_pixel_icon vc_pixel_icon-tick\u00bb]La Constituci\u00f3n Pol\u00edtica de los Estados Unidos Mexicanos[\/vc_message][vc_message icon_type=\u00bbpixelicons\u00bb icon_pixelicons=\u00bbvc_pixel_icon vc_pixel_icon-tick\u00bb]La Constituci\u00f3n Pol\u00edtica del Estado de Quer\u00e9taro[\/vc_message][vc_message icon_type=\u00bbpixelicons\u00bb icon_pixelicons=\u00bbvc_pixel_icon vc_pixel_icon-tick\u00bb]Ley General de Mejora Regulatoria[\/vc_message][vc_message icon_type=\u00bbpixelicons\u00bb icon_pixelicons=\u00bbvc_pixel_icon vc_pixel_icon-tick\u00bb]Ley Org\u00e1nica municipal del Estado de Quer\u00e9taro[\/vc_message][vc_message icon_type=\u00bbpixelicons\u00bb icon_pixelicons=\u00bbvc_pixel_icon vc_pixel_icon-tick\u00bb]Reglamento Org\u00e1nico de la Administraci\u00f3n P\u00fablica de Corregidora[\/vc_message][vc_message icon_type=\u00bbpixelicons\u00bb icon_pixelicons=\u00bbvc_pixel_icon vc_pixel_icon-tick\u00bb]Ley de Mejora Regulatoria del Estado de Quer\u00e9taro[\/vc_message][vc_message icon_type=\u00bbpixelicons\u00bb icon_pixelicons=\u00bbvc_pixel_icon vc_pixel_icon-tick\u00bb]Reglamento de Mejora Regulatoria del Municipio Corregidora Quer\u00e9taro[\/vc_message][\/vc_column][\/vc_row]\n","protected":false},"excerpt":{"rendered":"<p>[vc_row][vc_column][vc_separator color=\u00bbpeacoc\u00bb border_width=\u00bb2&#8243;][\/vc_column][\/vc_row][vc_row][vc_column][vc_message icon_type=\u00bbpixelicons\u00bb icon_pixelicons=\u00bbvc_pixel_icon vc_pixel_icon-tick\u00bb]La Constituci\u00f3n Pol\u00edtica de los Estados Unidos Mexicanos[\/vc_message][vc_message icon_type=\u00bbpixelicons\u00bb icon_pixelicons=\u00bbvc_pixel_icon vc_pixel_icon-tick\u00bb]La Constituci\u00f3n Pol\u00edtica del Estado de Quer\u00e9taro[\/vc_message][vc_message icon_type=\u00bbpixelicons\u00bb icon_pixelicons=\u00bbvc_pixel_icon vc_pixel_icon-tick\u00bb]Ley General de Mejora Regulatoria[\/vc_message][vc_message icon_type=\u00bbpixelicons\u00bb icon_pixelicons=\u00bbvc_pixel_icon vc_pixel_icon-tick\u00bb]Ley Org\u00e1nica municipal del Estado de Quer\u00e9taro[\/vc_message][vc_message icon_type=\u00bbpixelicons\u00bb icon_pixelicons=\u00bbvc_pixel_icon vc_pixel_icon-tick\u00bb]Reglamento Org\u00e1nico de la Administraci\u00f3n P\u00fablica de Corregidora[\/vc_message][vc_message icon_type=\u00bbpixelicons\u00bb icon_pixelicons=\u00bbvc_pixel_icon vc_pixel_icon-tick\u00bb]Ley de Mejora Regulatoria del [&hellip;]<\/p>\n","protected":false},"author":2,"featured_media":0,"parent":0,"menu_order":0,"comment_status":"closed","ping_status":"closed","template":"template-fullwidth.php","meta":{"_bbp_topic_count":0,"_bbp_reply_count":0,"_bbp_total_topic_count":0,"_bbp_total_reply_count":0,"_bbp_voice_count":0,"_bbp_anonymous_reply_count":0,"_bbp_topic_count_hidden":0,"_bbp_reply_count_hidden":0,"_bbp_forum_subforum_count":0,"footnotes":""},"class_list":["post-3806","page","type-page","status-publish","hentry"],"_links":{"self":[{"href":"https:\/\/corregidora.gob.mx\/cmmer\/wp-json\/wp\/v2\/pages\/3806","targetHints":{"allow":["GET"]}}],"collection":[{"href":"https:\/\/corregidora.gob.mx\/cmmer\/wp-json\/wp\/v2\/pages"}],"about":[{"href":"https:\/\/corregidora.gob.mx\/cmmer\/wp-json\/wp\/v2\/types\/page"}],"author":[{"embeddable":true,"href":"https:\/\/corregidora.gob.mx\/cmmer\/wp-json\/wp\/v2\/users\/2"}],"replies":[{"embeddable":true,"href":"https:\/\/corregidora.gob.mx\/cmmer\/wp-json\/wp\/v2\/comments?post=3806"}],"version-history":[{"count":1,"href":"https:\/\/corregidora.gob.mx\/cmmer\/wp-json\/wp\/v2\/pages\/3806\/revisions"}],"predecessor-version":[{"id":3808,"href":"https:\/\/corregidora.gob.mx\/cmmer\/wp-json\/wp\/v2\/pages\/3806\/revisions\/3808"}],"wp:attachment":[{"href":"https:\/\/corregidora.gob.mx\/cmmer\/wp-json\/wp\/v2\/media?parent=3806"}],"curies":[{"name":"wp","href":"https:\/\/api.w.org\/{rel}","templated":true}]}}