{"id":3802,"date":"2022-11-04T17:31:16","date_gmt":"2022-11-04T17:31:16","guid":{"rendered":"https:\/\/www.corregidora.gob.mx\/unmertest\/?page_id=3802"},"modified":"2022-11-04T17:31:16","modified_gmt":"2022-11-04T17:31:16","slug":"nosotros","status":"publish","type":"page","link":"https:\/\/corregidora.gob.mx\/cmmer\/nosotros\/","title":{"rendered":"NOSOTROS"},"content":{"rendered":"[vc_row][vc_column][vc_separator color=\u00bbpeacoc\u00bb border_width=\u00bb2&#8243;][\/vc_column][\/vc_row][vc_row][vc_column][vc_column_text]\n<h1 style=\"text-align: center;\">Misi\u00f3n , Visi\u00f3n y Objetivos<\/h1>\n[\/vc_column_text][\/vc_column][\/vc_row][vc_row][vc_column][vc_separator color=\u00bbwhite\u00bb][\/vc_column][\/vc_row][vc_row][vc_column][vc_column_text css_animation=\u00bbbounceInUp\u00bb]\n<div class=\"wpb_text_column_1 wpb_text_column wpb_content_element vc_custom_1528907899954\">\n<div class=\"wpb_wrapper\">\n<h1 style=\"text-align: center;\">Misi\u00f3n<\/h1>\n<\/div>\n<\/div>\n<div class=\"wpb_text_column_2 wpb_text_column wpb_content_element vc_custom_1528906992489\">\n<div class=\"wpb_wrapper\">\n<h4 style=\"text-align: center;\">Incentivar la gobernabilidad eficiente para as\u00ed lograr una mejora continua en los procedimientos y mayor competitividad en los tres niveles de gobierno.<\/h4>\n<\/div>\n<\/div>\n[\/vc_column_text][\/vc_column][\/vc_row][vc_row][vc_column][vc_separator color=\u00bbwhite\u00bb][\/vc_column][\/vc_row][vc_row][vc_column][vc_column_text css_animation=\u00bbfadeInLeft\u00bb]\n<div class=\"wpb_text_column_1 wpb_text_column wpb_content_element vc_custom_1528907899954\">\n<div class=\"wpb_wrapper\">\n<div class=\"wpb_text_column_3 wpb_text_column wpb_content_element vc_custom_1528907908700\">\n<div class=\"wpb_wrapper\">\n<h1 style=\"text-align: center;\">Visi\u00f3n<\/h1>\n<\/div>\n<\/div>\n<div class=\"wpb_text_column_4 wpb_text_column wpb_content_element \">\n<div class=\"wpb_wrapper\">\n<h4 style=\"text-align: center;\">Ser un \u00f3rgano municipal que garantice la implementaci\u00f3n de la mejora regulatoria, y velar que sus principios se practiquen en el d\u00eda a d\u00eda, para as\u00ed incentivar la competitividad del Municipio<\/h4>\n<\/div>\n<\/div>\n<\/div>\n<\/div>\n[\/vc_column_text][\/vc_column][\/vc_row][vc_row][vc_column][vc_separator color=\u00bbwhite\u00bb][\/vc_column][\/vc_row][vc_row][vc_column][vc_column_text css_animation=\u00bbfadeInDownBig\u00bb]\n<div class=\"wpb_text_column_1 wpb_text_column wpb_content_element vc_custom_1528907899954\">\n<div class=\"wpb_wrapper\">\n<div class=\"wpb_text_column_3 wpb_text_column wpb_content_element vc_custom_1528907908700\">\n<div class=\"wpb_wrapper\">\n<h1 style=\"text-align: center;\">Objetivos<\/h1>\n<\/div>\n<\/div>\n<\/div>\n<\/div>\n[\/vc_column_text][\/vc_column][\/vc_row][vc_row][vc_column width=\u00bb1\/3&#8243;][vc_message icon_type=\u00bbpixelicons\u00bb icon_pixelicons=\u00bbvc_pixel_icon vc_pixel_icon-asterisk\u00bb]\n<h5 class=\"icon_title\">Consolidar la pol\u00edtica p\u00fablica de Mejora Regulatoria y la simplificaci\u00f3n administrativa<\/h5>\n[\/vc_message][\/vc_column][vc_column width=\u00bb1\/3&#8243;][vc_message icon_type=\u00bbpixelicons\u00bb icon_pixelicons=\u00bbvc_pixel_icon vc_pixel_icon-asterisk\u00bb]\n<h5 class=\"icon_title\">Promover el uso y desarrollo de las Tecnolog\u00edas de la Informaci\u00f3n en los tr\u00e1mites y servicios que ofrece la administraci\u00f3n municipal<\/h5>\n[\/vc_message][\/vc_column][vc_column width=\u00bb1\/3&#8243;][vc_message icon_type=\u00bbpixelicons\u00bb icon_pixelicons=\u00bbvc_pixel_icon vc_pixel_icon-asterisk\u00bb]\n<h5 class=\"icon_title\">Agilizar y hacer eficientes los procedimientos de la administraci\u00f3n p\u00fablica<\/h5>\n[\/vc_message][\/vc_column][\/vc_row]\n","protected":false},"excerpt":{"rendered":"<p>[vc_row][vc_column][vc_separator color=\u00bbpeacoc\u00bb border_width=\u00bb2&#8243;][\/vc_column][\/vc_row][vc_row][vc_column][vc_column_text] Misi\u00f3n , Visi\u00f3n y Objetivos [\/vc_column_text][\/vc_column][\/vc_row][vc_row][vc_column][vc_separator color=\u00bbwhite\u00bb][\/vc_column][\/vc_row][vc_row][vc_column][vc_column_text css_animation=\u00bbbounceInUp\u00bb] Misi\u00f3n Incentivar la gobernabilidad eficiente para as\u00ed lograr una mejora continua en los procedimientos y mayor competitividad en los tres niveles de gobierno. [\/vc_column_text][\/vc_column][\/vc_row][vc_row][vc_column][vc_separator color=\u00bbwhite\u00bb][\/vc_column][\/vc_row][vc_row][vc_column][vc_column_text css_animation=\u00bbfadeInLeft\u00bb] Visi\u00f3n Ser un \u00f3rgano municipal que garantice la implementaci\u00f3n de la mejora regulatoria, y velar que sus principios [&hellip;]<\/p>\n","protected":false},"author":2,"featured_media":0,"parent":0,"menu_order":0,"comment_status":"closed","ping_status":"closed","template":"template-fullwidth.php","meta":{"_bbp_topic_count":0,"_bbp_reply_count":0,"_bbp_total_topic_count":0,"_bbp_total_reply_count":0,"_bbp_voice_count":0,"_bbp_anonymous_reply_count":0,"_bbp_topic_count_hidden":0,"_bbp_reply_count_hidden":0,"_bbp_forum_subforum_count":0,"footnotes":""},"class_list":["post-3802","page","type-page","status-publish","hentry"],"_links":{"self":[{"href":"https:\/\/corregidora.gob.mx\/cmmer\/wp-json\/wp\/v2\/pages\/3802","targetHints":{"allow":["GET"]}}],"collection":[{"href":"https:\/\/corregidora.gob.mx\/cmmer\/wp-json\/wp\/v2\/pages"}],"about":[{"href":"https:\/\/corregidora.gob.mx\/cmmer\/wp-json\/wp\/v2\/types\/page"}],"author":[{"embeddable":true,"href":"https:\/\/corregidora.gob.mx\/cmmer\/wp-json\/wp\/v2\/users\/2"}],"replies":[{"embeddable":true,"href":"https:\/\/corregidora.gob.mx\/cmmer\/wp-json\/wp\/v2\/comments?post=3802"}],"version-history":[{"count":1,"href":"https:\/\/corregidora.gob.mx\/cmmer\/wp-json\/wp\/v2\/pages\/3802\/revisions"}],"predecessor-version":[{"id":3804,"href":"https:\/\/corregidora.gob.mx\/cmmer\/wp-json\/wp\/v2\/pages\/3802\/revisions\/3804"}],"wp:attachment":[{"href":"https:\/\/corregidora.gob.mx\/cmmer\/wp-json\/wp\/v2\/media?parent=3802"}],"curies":[{"name":"wp","href":"https:\/\/api.w.org\/{rel}","templated":true}]}}