{"id":3798,"date":"2022-11-04T17:25:16","date_gmt":"2022-11-04T17:25:16","guid":{"rendered":"https:\/\/www.corregidora.gob.mx\/unmertest\/?page_id=3798"},"modified":"2022-11-04T17:25:16","modified_gmt":"2022-11-04T17:25:16","slug":"principios","status":"publish","type":"page","link":"https:\/\/corregidora.gob.mx\/cmmer\/principios\/","title":{"rendered":"PRINCIPIOS"},"content":{"rendered":"[vc_row][vc_column][vc_separator color=\u00bbpeacoc\u00bb border_width=\u00bb2&#8243;][\/vc_column][\/vc_row][vc_row][vc_column][vc_message icon_type=\u00bbpixelicons\u00bb icon_pixelicons=\u00bbvc_pixel_icon vc_pixel_icon-tick\u00bb]Seguridad jur\u00eddica que propicie la certidumbre de los derechos y obligaciones[\/vc_message][vc_message icon_type=\u00bbpixelicons\u00bb icon_pixelicons=\u00bbvc_pixel_icon vc_pixel_icon-tick\u00bb]Focalizaci\u00f3n a objetivos claros, concretos y bien definidos[\/vc_message][vc_message icon_type=\u00bbpixelicons\u00bb icon_pixelicons=\u00bbvc_pixel_icon vc_pixel_icon-tick\u00bb]Coherencia y armonizaci\u00f3n de las disposiciones que integran el marco regulatorio[\/vc_message][vc_message icon_type=\u00bbpixelicons\u00bb icon_pixelicons=\u00bbvc_pixel_icon vc_pixel_icon-tick\u00bb]Simplificaci\u00f3n, mejora y no duplicidad en la emisi\u00f3n de Regulaciones, Tr\u00e1mites y Servicios[\/vc_message][vc_message icon_type=\u00bbpixelicons\u00bb icon_pixelicons=\u00bbvc_pixel_icon vc_pixel_icon-tick\u00bb]Accesibilidad Tecnol\u00f3gica[\/vc_message][vc_message icon_type=\u00bbpixelicons\u00bb icon_pixelicons=\u00bbvc_pixel_icon vc_pixel_icon-tick\u00bb]Proporcionalidad, prevenci\u00f3n razonable y gesti\u00f3n de riesgos[\/vc_message][vc_message icon_type=\u00bbpixelicons\u00bb icon_pixelicons=\u00bbvc_pixel_icon vc_pixel_icon-tick\u00bb]Fomento a la competitividad y el empleo[\/vc_message][vc_message icon_type=\u00bbpixelicons\u00bb icon_pixelicons=\u00bbvc_pixel_icon vc_pixel_icon-tick\u00bb]Promoci\u00f3n de la libre concurrencia y competencia econ\u00f3mica[\/vc_message][vc_message icon_type=\u00bbpixelicons\u00bb icon_pixelicons=\u00bbvc_pixel_icon vc_pixel_icon-tick\u00bb]Reconocimiento de asimetr\u00edas en el cumplimiento regulatorio[\/vc_message][\/vc_column][\/vc_row]\n","protected":false},"excerpt":{"rendered":"<p>[vc_row][vc_column][vc_separator color=\u00bbpeacoc\u00bb border_width=\u00bb2&#8243;][\/vc_column][\/vc_row][vc_row][vc_column][vc_message icon_type=\u00bbpixelicons\u00bb icon_pixelicons=\u00bbvc_pixel_icon vc_pixel_icon-tick\u00bb]Seguridad jur\u00eddica que propicie la certidumbre de los derechos y obligaciones[\/vc_message][vc_message icon_type=\u00bbpixelicons\u00bb icon_pixelicons=\u00bbvc_pixel_icon vc_pixel_icon-tick\u00bb]Focalizaci\u00f3n a objetivos claros, concretos y bien definidos[\/vc_message][vc_message icon_type=\u00bbpixelicons\u00bb icon_pixelicons=\u00bbvc_pixel_icon vc_pixel_icon-tick\u00bb]Coherencia y armonizaci\u00f3n de las disposiciones que integran el marco regulatorio[\/vc_message][vc_message icon_type=\u00bbpixelicons\u00bb icon_pixelicons=\u00bbvc_pixel_icon vc_pixel_icon-tick\u00bb]Simplificaci\u00f3n, mejora y no duplicidad en la emisi\u00f3n de Regulaciones, Tr\u00e1mites y Servicios[\/vc_message][vc_message icon_type=\u00bbpixelicons\u00bb [&hellip;]<\/p>\n","protected":false},"author":2,"featured_media":0,"parent":0,"menu_order":0,"comment_status":"closed","ping_status":"closed","template":"template-fullwidth.php","meta":{"_bbp_topic_count":0,"_bbp_reply_count":0,"_bbp_total_topic_count":0,"_bbp_total_reply_count":0,"_bbp_voice_count":0,"_bbp_anonymous_reply_count":0,"_bbp_topic_count_hidden":0,"_bbp_reply_count_hidden":0,"_bbp_forum_subforum_count":0,"footnotes":""},"class_list":["post-3798","page","type-page","status-publish","hentry"],"_links":{"self":[{"href":"https:\/\/corregidora.gob.mx\/cmmer\/wp-json\/wp\/v2\/pages\/3798","targetHints":{"allow":["GET"]}}],"collection":[{"href":"https:\/\/corregidora.gob.mx\/cmmer\/wp-json\/wp\/v2\/pages"}],"about":[{"href":"https:\/\/corregidora.gob.mx\/cmmer\/wp-json\/wp\/v2\/types\/page"}],"author":[{"embeddable":true,"href":"https:\/\/corregidora.gob.mx\/cmmer\/wp-json\/wp\/v2\/users\/2"}],"replies":[{"embeddable":true,"href":"https:\/\/corregidora.gob.mx\/cmmer\/wp-json\/wp\/v2\/comments?post=3798"}],"version-history":[{"count":1,"href":"https:\/\/corregidora.gob.mx\/cmmer\/wp-json\/wp\/v2\/pages\/3798\/revisions"}],"predecessor-version":[{"id":3800,"href":"https:\/\/corregidora.gob.mx\/cmmer\/wp-json\/wp\/v2\/pages\/3798\/revisions\/3800"}],"wp:attachment":[{"href":"https:\/\/corregidora.gob.mx\/cmmer\/wp-json\/wp\/v2\/media?parent=3798"}],"curies":[{"name":"wp","href":"https:\/\/api.w.org\/{rel}","templated":true}]}}