{"id":13570,"date":"2025-08-14T16:17:10","date_gmt":"2025-08-14T22:17:10","guid":{"rendered":"https:\/\/corregidora.gob.mx\/anticorrupcion\/?page_id=13570"},"modified":"2025-08-15T12:43:46","modified_gmt":"2025-08-15T18:43:46","slug":"indice-delictivo","status":"publish","type":"page","link":"https:\/\/corregidora.gob.mx\/anticorrupcion\/datos_abiertos\/seguridad\/indice-delictivo\/","title":{"rendered":"Indice delictivo"},"content":{"rendered":"<div class=\"wpb-content-wrapper\"><p>[vc_row][vc_column][vc_column_text css=\u00bb\u00bb]La informaci\u00f3n se refiere a los presuntos delitos registrados en el municipio de Corregidora, Quer\u00e9taro.<\/p>\n<h6>Responsable: <strong>Secretar\u00eda de Seguridad P\u00fablica<\/strong><\/h6>\n<h6>Fecha de actualizaci\u00f3n: Junio 2025<\/h6>\n<p>[\/vc_column_text][\/vc_column][vc_column][vc_separator color=\u00bbpeacoc\u00bb][\/vc_column][\/vc_row][vc_row][vc_column width=\u00bb1\/2&#8243;][vc_column_text css_animation=\u00bbbounceInLeft\u00bb css=\u00bb\u00bb]<\/p>\n<h6 style=\"text-align: center;\">\u00cdndice Delictivo\u00a0 &#8211; 2025<\/h6>\n<p>[\/vc_column_text][\/vc_column][vc_column width=\u00bb1\/2&#8243;][vc_btn title=\u00bbVER\u00bb color=\u00bbblue\u00bb size=\u00bblg\u00bb align=\u00bbcenter\u00bb i_icon_fontawesome=\u00bb\u00bb css_animation=\u00bbbounceInRight\u00bb css=\u00bb\u00bb button_block=\u00bbtrue\u00bb add_icon=\u00bbtrue\u00bb link=\u00bburl:https%3A%2F%2Fwww.corregidora.gob.mx%2FDocumentos%2F2024-2027%2Fanticorrupcion%2Fdatosabiertos%2Fseguridad%2Findicedelictivo2025.xlsx|target:_blank\u00bb][\/vc_column][\/vc_row][vc_row][vc_column width=\u00bb1\/2&#8243;][vc_column_text css_animation=\u00bbbounceInLeft\u00bb css=\u00bb\u00bb]<\/p>\n<h6 style=\"text-align: center;\">\u00cdndice Delictivo &#8211; 2024<\/h6>\n<p>[\/vc_column_text][\/vc_column][vc_column width=\u00bb1\/2&#8243;][vc_btn title=\u00bbVER\u00bb color=\u00bbblue\u00bb size=\u00bblg\u00bb align=\u00bbcenter\u00bb i_icon_fontawesome=\u00bb\u00bb css_animation=\u00bbbounceInRight\u00bb css=\u00bb\u00bb button_block=\u00bbtrue\u00bb add_icon=\u00bbtrue\u00bb link=\u00bburl:https%3A%2F%2Fwww.corregidora.gob.mx%2FDocumentos%2F2024-2027%2Fanticorrupcion%2Fdatosabiertos%2Fseguridad%2Findicedelictivo2024.xlsx|target:_blank\u00bb][\/vc_column][\/vc_row][vc_row][vc_column width=\u00bb1\/2&#8243;][vc_column_text css_animation=\u00bbbounceInLeft\u00bb css=\u00bb\u00bb]<\/p>\n<h6 style=\"text-align: center;\">\u00cdndice Delictivo &#8211; 2023<\/h6>\n<p>[\/vc_column_text][\/vc_column][vc_column width=\u00bb1\/2&#8243;][vc_btn title=\u00bbVER\u00bb color=\u00bbblue\u00bb size=\u00bblg\u00bb align=\u00bbcenter\u00bb i_icon_fontawesome=\u00bb\u00bb css_animation=\u00bbbounceInRight\u00bb css=\u00bb\u00bb button_block=\u00bbtrue\u00bb add_icon=\u00bbtrue\u00bb link=\u00bburl:https%3A%2F%2Fwww.corregidora.gob.mx%2FDocumentos%2F2024-2027%2Fanticorrupcion%2Fdatosabiertos%2Fseguridad%2Findicedelictivo2023.xlsx|target:_blank\u00bb][\/vc_column][\/vc_row][vc_row][vc_column width=\u00bb1\/2&#8243;][vc_column_text css_animation=\u00bbbounceInLeft\u00bb css=\u00bb\u00bb]<\/p>\n<h6 style=\"text-align: center;\">\u00cdndice Delictivo &#8211; 2022<\/h6>\n<p>[\/vc_column_text][\/vc_column][vc_column width=\u00bb1\/2&#8243;][vc_btn title=\u00bbVER\u00bb color=\u00bbblue\u00bb size=\u00bblg\u00bb align=\u00bbcenter\u00bb i_icon_fontawesome=\u00bb\u00bb css_animation=\u00bbbounceInRight\u00bb css=\u00bb\u00bb button_block=\u00bbtrue\u00bb add_icon=\u00bbtrue\u00bb link=\u00bburl:https%3A%2F%2Fwww.corregidora.gob.mx%2FDocumentos%2F2024-2027%2Fanticorrupcion%2Fdatosabiertos%2Fseguridad%2Findicedelictivo2022.xlsx|target:_blank\u00bb][\/vc_column][\/vc_row][vc_row][vc_column width=\u00bb1\/2&#8243;][vc_column_text css_animation=\u00bbbounceInLeft\u00bb css=\u00bb\u00bb]<\/p>\n<h6 style=\"text-align: center;\">\u00cdndice Delictivo &#8211; 2021<\/h6>\n<p>[\/vc_column_text][\/vc_column][vc_column width=\u00bb1\/2&#8243;][vc_btn title=\u00bbVER\u00bb color=\u00bbblue\u00bb size=\u00bblg\u00bb align=\u00bbcenter\u00bb i_icon_fontawesome=\u00bb\u00bb css_animation=\u00bbbounceInRight\u00bb css=\u00bb\u00bb button_block=\u00bbtrue\u00bb add_icon=\u00bbtrue\u00bb link=\u00bburl:https%3A%2F%2Fwww.corregidora.gob.mx%2FDocumentos%2F2024-2027%2Fanticorrupcion%2Fdatosabiertos%2Fseguridad%2Findicedelictivo2021.xlsx|target:_blank\u00bb][\/vc_column][\/vc_row][vc_column width=\u00bb1\/6&#8243;][\/vc_column]<\/p>\n<\/div>","protected":false},"excerpt":{"rendered":"<p>[vc_row][vc_column][vc_column_text css=\u00bb\u00bb]La informaci\u00f3n se refiere a los presuntos delitos registrados en el municipio de Corregidora, Quer\u00e9taro. Responsable: Secretar\u00eda de Seguridad P\u00fablica Fecha de actualizaci\u00f3n: Junio 2025 [\/vc_column_text][\/vc_column][vc_column][vc_separator color=\u00bbpeacoc\u00bb][\/vc_column][\/vc_row][vc_row][vc_column width=\u00bb1\/2&#8243;][vc_column_text css_animation=\u00bbbounceInLeft\u00bb css=\u00bb\u00bb] \u00cdndice Delictivo\u00a0 &#8211; 2025 [\/vc_column_text][\/vc_column][vc_column width=\u00bb1\/2&#8243;][vc_btn title=\u00bbVER\u00bb color=\u00bbblue\u00bb size=\u00bblg\u00bb align=\u00bbcenter\u00bb i_icon_fontawesome=\u00bb\u00bb css_animation=\u00bbbounceInRight\u00bb css=\u00bb\u00bb button_block=\u00bbtrue\u00bb add_icon=\u00bbtrue\u00bb link=\u00bburl:https%3A%2F%2Fwww.corregidora.gob.mx%2FDocumentos%2F2024-2027%2Fanticorrupcion%2Fdatosabiertos%2Fseguridad%2Findicedelictivo2025.xlsx|target:_blank\u00bb][\/vc_column][\/vc_row][vc_row][vc_column width=\u00bb1\/2&#8243;][vc_column_text css_animation=\u00bbbounceInLeft\u00bb css=\u00bb\u00bb]&#8230;<\/p>\n","protected":false},"author":1,"featured_media":0,"parent":13162,"menu_order":0,"comment_status":"closed","ping_status":"closed","template":"","meta":{"footnotes":""},"class_list":["post-13570","page","type-page","status-publish","hentry"],"_links":{"self":[{"href":"https:\/\/corregidora.gob.mx\/anticorrupcion\/wp-json\/wp\/v2\/pages\/13570","targetHints":{"allow":["GET"]}}],"collection":[{"href":"https:\/\/corregidora.gob.mx\/anticorrupcion\/wp-json\/wp\/v2\/pages"}],"about":[{"href":"https:\/\/corregidora.gob.mx\/anticorrupcion\/wp-json\/wp\/v2\/types\/page"}],"author":[{"embeddable":true,"href":"https:\/\/corregidora.gob.mx\/anticorrupcion\/wp-json\/wp\/v2\/users\/1"}],"replies":[{"embeddable":true,"href":"https:\/\/corregidora.gob.mx\/anticorrupcion\/wp-json\/wp\/v2\/comments?post=13570"}],"version-history":[{"count":7,"href":"https:\/\/corregidora.gob.mx\/anticorrupcion\/wp-json\/wp\/v2\/pages\/13570\/revisions"}],"predecessor-version":[{"id":13597,"href":"https:\/\/corregidora.gob.mx\/anticorrupcion\/wp-json\/wp\/v2\/pages\/13570\/revisions\/13597"}],"up":[{"embeddable":true,"href":"https:\/\/corregidora.gob.mx\/anticorrupcion\/wp-json\/wp\/v2\/pages\/13162"}],"wp:attachment":[{"href":"https:\/\/corregidora.gob.mx\/anticorrupcion\/wp-json\/wp\/v2\/media?parent=13570"}],"curies":[{"name":"wp","href":"https:\/\/api.w.org\/{rel}","templated":true}]}}