{"id":13511,"date":"2025-08-13T09:18:17","date_gmt":"2025-08-13T15:18:17","guid":{"rendered":"https:\/\/corregidora.gob.mx\/anticorrupcion\/?page_id=13511"},"modified":"2025-10-09T14:54:04","modified_gmt":"2025-10-09T20:54:04","slug":"funciones","status":"publish","type":"page","link":"https:\/\/corregidora.gob.mx\/anticorrupcion\/comite-cs\/funciones\/","title":{"rendered":"Funciones"},"content":{"rendered":"<div class=\"wpb-content-wrapper\"><p>[vc_row][vc_column][vc_cta h2=\u00bb\u00bb add_button=\u00bbbottom\u00bb btn_title=\u00bbEncuesta\u00bb btn_color=\u00bbinfo\u00bb btn_size=\u00bblg\u00bb btn_align=\u00bbcenter\u00bb btn_css_animation=\u00bbfadeInRight\u00bb css=\u00bb\u00bb btn_button_block=\u00bbtrue\u00bb btn_link=\u00bburl:https%3A%2F%2Fforms.gle%2Fgwt7nCkCYRrJ4moE6|target:_blank\u00bb][\/vc_cta][\/vc_column][\/vc_row][vc_row][vc_column][vc_column_text css=\u00bb\u00bb]<\/p>\n<p style=\"text-align: center;\"><strong>COMIT\u00c9S DE CONTRALOR\u00cdA SOCIAL DEL MUNICIPIO DE CORREGIDORA, QUER\u00c9TARO<\/strong><\/p>\n<p>La <strong>Contralor\u00eda Social<\/strong> es una herramienta que permite a los ciudadanos beneficiarios de obras o programas del gobierno, participar organizadamente para vigilar el cumplimiento de las metas y la correcta aplicaci\u00f3n de los recursos p\u00fablicos asignados. Su prop\u00f3sito es fortalecer la relaci\u00f3n entre el gobierno y la ciudadan\u00eda.<\/p>\n<p style=\"text-align: center;\"><strong>\u00bfCU\u00c1L ES SU OBJETIVO?<\/strong><\/p>\n<p>Establecer las bases conforme a las cuales se promover\u00e1n, operar\u00e1n y coordinar\u00e1n las acciones necesarias para la integraci\u00f3n de los Comit\u00e9s de Contralor\u00eda Social para Obra o Programas de Desarrollo Social Municipal.<\/p>\n<p style=\"text-align: center;\"><strong>\u00bfC\u00d3MO SE CONFORMAN ESTOS COMIT\u00c9S?<\/strong><\/p>\n<p>El proceso se divide en tres etapas principales:<\/p>\n<ol>\n<li><strong>INTEGRACI\u00d3N Y CAPACITACI\u00d3N;<\/strong><\/li>\n<li><strong>VERIFICACI\u00d3N O INSPECCI\u00d3N, <\/strong><\/li>\n<li><strong>CIERRE O SEGUIMIENTO DE RESULTADOS.<\/strong><\/li>\n<\/ol>\n<p><strong>INTEGRACI\u00d3N DE LOS COMIT\u00c9S:<\/strong> Los beneficiarios convocados a la Reuni\u00f3n de Integraci\u00f3n eligen a los miembros del comit\u00e9 por votaci\u00f3n. El <strong>comit\u00e9 debe tener entre 3 y 5 integrantes<\/strong>, con los siguientes cargos: <strong>presidente\/a<\/strong>, <strong>secretario\/a<\/strong>, <strong>tesorero\/a<\/strong> (obligatorios) y <strong>vocales<\/strong> (opcionales).<\/p>\n<p style=\"text-align: center;\"><strong>P\u00c9RDIDA DE LA CONDICI\u00d3N DE INTEGRANTE DEL COMIT\u00c9:<\/strong><\/p>\n<p>Los integrantes del comit\u00e9 pueden perder su condici\u00f3n como miembro, por muerte, por decidir voluntariamente dejar de serlo, por acuerdo de los dem\u00e1s miembros del Comit\u00e9 o por acuerdo de la mayor\u00eda de los beneficiarios. En estos casos, el comit\u00e9 elegir\u00e1 a un sustituto, quien ser\u00e1 validado por la Unidad de Contralor\u00eda Social.<\/p>\n<p style=\"text-align: center;\"><strong>FUNCIONES GENERALES DEL COMIT\u00c9 DE CONTRALOR\u00cdA SOCIAL:<\/strong><\/p>\n<p>Los principales deberes del Comit\u00e9 incluyen:<\/p>\n<ul>\n<li><strong>Vigilancia de la Obra o Programa:<\/strong> Asegurarse de que la obra o programa se realice conforme a lo pactado con los beneficiarios.<\/li>\n<li><strong>Supervisi\u00f3n del Uso de Recursos P\u00fablicos:<\/strong> Garantizar que los recursos sean utilizados de manera legal, honesta y eficiente.<\/li>\n<li><strong>Prevenir el Uso Indebido de la Obra:<\/strong> Evitar que la obra se utilice con fines pol\u00edticos o de lucro personal.<\/li>\n<li><strong>Promoci\u00f3n de la Transparencia y Equidad:<\/strong> Asegurar que la obra sea accesible para todos los beneficiarios sin distinci\u00f3n y que se difunda informaci\u00f3n suficiente sobre su progreso.<\/li>\n<\/ul>\n<p style=\"text-align: center;\"><strong>FUNCIONES ESPEC\u00cdFICAS DE LOS MIEMBROS DEL COMIT\u00c9:<\/strong><\/p>\n<p>Cada cargo dentro del comit\u00e9 tiene responsabilidades espec\u00edficas:<\/p>\n<ul>\n<li><strong>PRESIDENTE\/A:<\/strong> Coordina y representa al comit\u00e9.<\/li>\n<li><strong>SECRETARIO\/A:<\/strong> Lleva los registros de las reuniones y gestiona los documentos oficiales.<\/li>\n<li><strong>TESORERO\/A:<\/strong> Se encarga de la gesti\u00f3n financiera y el control de recursos.<\/li>\n<li><strong>VOCALES:<\/strong> Ayudan en las actividades operativas y en la vigilancia de la obra.<\/li>\n<\/ul>\n<p>&nbsp;<\/p>\n<p style=\"text-align: center;\"><strong>RESPONSABILIDADES DE LA DEPENDENCIA EJECUTORA:<\/strong><\/p>\n<p>La dependencia ejecutora de la obra debe:<\/p>\n<ul>\n<li>Informar a los beneficiarios sobre detalles como montos de inversi\u00f3n, metas, n\u00famero de beneficiarios, plazos de ejecuci\u00f3n y fuentes de inversi\u00f3n.<\/li>\n<li>Responder a las quejas y solicitudes del Comit\u00e9 de Contralor\u00eda Social.<\/li>\n<\/ul>\n<p style=\"text-align: center;\"><strong>CAPACITACI\u00d3N Y HERRAMIENTAS PARA LOS INTEGRANTES DEL COMIT\u00c9:<\/strong><\/p>\n<p>Los miembros del comit\u00e9 recibir\u00e1n capacitaci\u00f3n y herramientas como:<\/p>\n<ul>\n<li><strong>MINUTAS DE REUNI\u00d3N: <\/strong>Registros de las reuniones del comit\u00e9.<\/li>\n<li><strong>FICHAS T\u00c9CNICAS DE OBRA<\/strong>: Informaci\u00f3n detallada sobre las obras.<\/li>\n<li><strong>FORMATO DE QUEJAS CIUDADANAS:<\/strong> Para registrar y dar seguimiento a quejas de los beneficiarios.<\/li>\n<li><strong>SOLICITUD DE VERIFICACI\u00d3N<\/strong>: Para asegurarse de que las obras cumplen con lo prometido.<\/li>\n<\/ul>\n<p><strong>\u00a0<\/strong><\/p>\n<p style=\"text-align: center;\"><strong>\u00bfQU\u00c9 PASA SI NO HAY BENEFICIARIOS O NO SE LOGRA FORMAR UN COMIT\u00c9?<\/strong><\/p>\n<p>Si no es posible integrar un comit\u00e9 por falta de asistencia de beneficiarios, se levantar\u00e1 un acta y se convocar\u00e1 por segunda ocasi\u00f3n a los ciudadanos, en caso de que nuevamente no se den las condiciones para la integraci\u00f3n, se levantar\u00e1 el acta de no integraci\u00f3n correspondiente que ser\u00e1 firmada por los servidores p\u00fablicos correspondientes, de la Unidad de Contralor\u00eda Social, la dependencia ejecutora y la Secretar\u00eda de Desarrollo Social.<\/p>\n<p style=\"text-align: center;\"><strong>CIERRE DEL COMIT\u00c9<\/strong><\/p>\n<p>El comit\u00e9 concluye sus funciones una vez que la obra o el programa haya terminado, y no existan quejas o inconformidades pendientes de atender.<\/p>\n<p><strong>NO SE REALIZAR\u00c1 integraci\u00f3n y\/o<\/strong> cierre durante el periodo de VEDA ELECTORAL, CONTINGENCIA SANITARIA o cuando EL PERIODO DE EJECUCI\u00d3N SEA MENOR A 30 D\u00cdAS NATURALES.[\/vc_column_text][\/vc_column][\/vc_row][vc_row][vc_column][vc_column_text css=\u00bb\u00bb]<\/p>\n<p style=\"text-align: center;\"><div class=\"real3dflipbook\" id=\"3_69d635633af23\" style=\"position:absolute;\" data-flipbook-options=\"{&quot;mode&quot;:&quot;normal&quot;,&quot;viewMode&quot;:&quot;webgl&quot;,&quot;zoomMin&quot;:&quot;1&quot;,&quot;zoomStep&quot;:&quot;2&quot;,&quot;singlePageMode&quot;:&quot;false&quot;,&quot;pageFlipDuration&quot;:&quot;1&quot;,&quot;sound&quot;:&quot;true&quot;,&quot;startPage&quot;:&quot;1&quot;,&quot;deeplinking&quot;:{&quot;enabled&quot;:&quot;false&quot;,&quot;prefix&quot;:&quot;&quot;},&quot;responsiveView&quot;:&quot;true&quot;,&quot;responsiveViewTreshold&quot;:&quot;768&quot;,&quot;pageTextureSize&quot;:&quot;2048&quot;,&quot;pageTextureSizeSmall&quot;:&quot;&quot;,&quot;textLayer&quot;:&quot;false&quot;,&quot;pdfPageScale&quot;:&quot;&quot;,&quot;aspectRatio&quot;:&quot;2&quot;,&quot;thumbnailsOnStart&quot;:&quot;false&quot;,&quot;contentOnStart&quot;:&quot;false&quot;,&quot;tableOfContentCloseOnClick&quot;:&quot;true&quot;,&quot;thumbsCloseOnClick&quot;:&quot;true&quot;,&quot;autoplayOnStart&quot;:&quot;false&quot;,&quot;autoplayInterval&quot;:&quot;3000&quot;,&quot;autoplayStartPage&quot;:&quot;1&quot;,&quot;autoplayLoop&quot;:&quot;true&quot;,&quot;rightToLeft&quot;:&quot;false&quot;,&quot;thumbSize&quot;:&quot;130&quot;,&quot;logoImg&quot;:&quot;&quot;,&quot;logoUrl&quot;:&quot;&quot;,&quot;logoCSS&quot;:&quot;&quot;,&quot;menuSelector&quot;:&quot;&quot;,&quot;zIndex&quot;:&quot;auto&quot;,&quot;preloaderText&quot;:&quot;&quot;,&quot;googleAnalyticsTrackingCode&quot;:&quot;&quot;,&quot;pdfBrowserViewerIfIE&quot;:&quot;false&quot;,&quot;arrowsAlwaysEnabledForNavigation&quot;:&quot;false&quot;,&quot;viewModeMobile&quot;:&quot;&quot;,&quot;pageTextureSizeMobile&quot;:&quot;&quot;,&quot;aspectRatioMobile&quot;:&quot;&quot;,&quot;singlePageModeIfMobile&quot;:&quot;false&quot;,&quot;pdfBrowserViewerIfMobile&quot;:&quot;false&quot;,&quot;pdfBrowserViewerFullscreen&quot;:&quot;true&quot;,&quot;pdfBrowserViewerFullscreenTarget&quot;:&quot;_blank&quot;,&quot;mobile&quot;:{&quot;contentOnStart&quot;:&quot;false&quot;,&quot;thumbnailsOnStart&quot;:&quot;false&quot;},&quot;btnTocIfMobile&quot;:&quot;true&quot;,&quot;btnThumbsIfMobile&quot;:&quot;true&quot;,&quot;btnShareIfMobile&quot;:&quot;false&quot;,&quot;btnDownloadPagesIfMobile&quot;:&quot;true&quot;,&quot;btnDownloadPdfIfMobile&quot;:&quot;true&quot;,&quot;btnSoundIfMobile&quot;:&quot;false&quot;,&quot;btnExpandIfMobile&quot;:&quot;true&quot;,&quot;btnPrintIfMobile&quot;:&quot;false&quot;,&quot;logoHideOnMobile&quot;:&quot;false&quot;,&quot;lightboxBackground&quot;:&quot;rgb(81, 85, 88)&quot;,&quot;lightboxContainerCSS&quot;:&quot;&quot;,&quot;lightboxThumbnailHeight&quot;:&quot;150&quot;,&quot;lightboxThumbnailUrlCSS&quot;:&quot;&quot;,&quot;lightboxThumbnailInfo&quot;:&quot;false&quot;,&quot;lightboxThumbnailInfoText&quot;:&quot;&quot;,&quot;lightboxThumbnailInfoCSS&quot;:&quot;&quot;,&quot;lightboxTextCSS&quot;:&quot;&quot;,&quot;lightboxTextPosition&quot;:&quot;top&quot;,&quot;lightBoxOpened&quot;:&quot;false&quot;,&quot;lightBoxFullscreen&quot;:&quot;false&quot;,&quot;lightboxCloseOnClick&quot;:&quot;false&quot;,&quot;lightboxMarginV&quot;:&quot;0&quot;,&quot;lightboxMarginH&quot;:&quot;0&quot;,&quot;lights&quot;:&quot;true&quot;,&quot;lightPositionX&quot;:&quot;0&quot;,&quot;lightPositionY&quot;:&quot;150&quot;,&quot;lightPositionZ&quot;:&quot;1400&quot;,&quot;lightIntensity&quot;:&quot;0.6&quot;,&quot;shadows&quot;:&quot;true&quot;,&quot;shadowOpacity&quot;:&quot;0.2&quot;,&quot;pageHardness&quot;:&quot;2&quot;,&quot;coverHardness&quot;:&quot;2&quot;,&quot;pageRoughness&quot;:&quot;1&quot;,&quot;pageMetalness&quot;:&quot;0&quot;,&quot;pageSegmentsW&quot;:&quot;6&quot;,&quot;pageMiddleShadowSize&quot;:&quot;2&quot;,&quot;pageMiddleShadowColorL&quot;:&quot;#999999&quot;,&quot;pageMiddleShadowColorR&quot;:&quot;#777777&quot;,&quot;antialias&quot;:&quot;false&quot;,&quot;pan&quot;:&quot;0&quot;,&quot;tilt&quot;:&quot;0&quot;,&quot;rotateCameraOnMouseDrag&quot;:&quot;true&quot;,&quot;panMax&quot;:&quot;20&quot;,&quot;panMin&quot;:&quot;-20&quot;,&quot;tiltMax&quot;:&quot;0&quot;,&quot;tiltMin&quot;:&quot;-60&quot;,&quot;currentPage&quot;:{&quot;enabled&quot;:&quot;true&quot;,&quot;title&quot;:&quot;Current page&quot;,&quot;vAlign&quot;:&quot;top&quot;,&quot;hAlign&quot;:&quot;left&quot;,&quot;order&quot;:&quot;&quot;},&quot;btnFirst&quot;:{&quot;enabled&quot;:&quot;false&quot;,&quot;title&quot;:&quot;First Page&quot;,&quot;vAlign&quot;:&quot;&quot;,&quot;hAlign&quot;:&quot;&quot;,&quot;order&quot;:&quot;&quot;,&quot;icon&quot;:&quot;fa-angle-double-left&quot;,&quot;icon2&quot;:&quot;first_page&quot;},&quot;btnPrev&quot;:{&quot;enabled&quot;:&quot;true&quot;,&quot;title&quot;:&quot;Previous Page&quot;,&quot;vAlign&quot;:&quot;&quot;,&quot;hAlign&quot;:&quot;&quot;,&quot;order&quot;:&quot;&quot;,&quot;icon&quot;:&quot;fa-chevron-left&quot;,&quot;icon2&quot;:&quot;chevron_left&quot;},&quot;btnNext&quot;:{&quot;enabled&quot;:&quot;true&quot;,&quot;title&quot;:&quot;Next Page&quot;,&quot;vAlign&quot;:&quot;&quot;,&quot;hAlign&quot;:&quot;&quot;,&quot;order&quot;:&quot;&quot;,&quot;icon&quot;:&quot;fa-chevron-right&quot;,&quot;icon2&quot;:&quot;chevron_right&quot;},&quot;btnLast&quot;:{&quot;enabled&quot;:&quot;false&quot;,&quot;title&quot;:&quot;Last Page&quot;,&quot;vAlign&quot;:&quot;&quot;,&quot;hAlign&quot;:&quot;&quot;,&quot;order&quot;:&quot;&quot;,&quot;icon&quot;:&quot;fa-angle-double-right&quot;,&quot;icon2&quot;:&quot;last_page&quot;},&quot;btnAutoplay&quot;:{&quot;enabled&quot;:&quot;true&quot;,&quot;title&quot;:&quot;Autoplay&quot;,&quot;vAlign&quot;:&quot;&quot;,&quot;hAlign&quot;:&quot;&quot;,&quot;order&quot;:&quot;&quot;,&quot;icon&quot;:&quot;fa-play&quot;,&quot;iconAlt&quot;:&quot;fa-pause&quot;,&quot;icon2&quot;:&quot;play_arrow&quot;,&quot;iconAlt2&quot;:&quot;pause&quot;},&quot;btnZoomIn&quot;:{&quot;enabled&quot;:&quot;true&quot;,&quot;title&quot;:&quot;Zoom in&quot;,&quot;vAlign&quot;:&quot;&quot;,&quot;hAlign&quot;:&quot;&quot;,&quot;order&quot;:&quot;&quot;,&quot;icon&quot;:&quot;fa-plus&quot;,&quot;icon2&quot;:&quot;zoom_in&quot;},&quot;btnZoomOut&quot;:{&quot;enabled&quot;:&quot;true&quot;,&quot;title&quot;:&quot;Zoom out&quot;,&quot;vAlign&quot;:&quot;&quot;,&quot;hAlign&quot;:&quot;&quot;,&quot;order&quot;:&quot;&quot;,&quot;icon&quot;:&quot;fa-minus&quot;,&quot;icon2&quot;:&quot;zoom_out&quot;},&quot;btnToc&quot;:{&quot;enabled&quot;:&quot;true&quot;,&quot;title&quot;:&quot;Table of Contents&quot;,&quot;vAlign&quot;:&quot;&quot;,&quot;hAlign&quot;:&quot;&quot;,&quot;order&quot;:&quot;&quot;,&quot;icon&quot;:&quot;fa-list-ol&quot;,&quot;icon2&quot;:&quot;toc&quot;},&quot;btnThumbs&quot;:{&quot;enabled&quot;:&quot;true&quot;,&quot;title&quot;:&quot;Pages&quot;,&quot;vAlign&quot;:&quot;&quot;,&quot;hAlign&quot;:&quot;&quot;,&quot;order&quot;:&quot;&quot;,&quot;icon&quot;:&quot;fa-th-large&quot;,&quot;icon2&quot;:&quot;view_module&quot;},&quot;btnShare&quot;:{&quot;enabled&quot;:&quot;true&quot;,&quot;title&quot;:&quot;Share&quot;,&quot;vAlign&quot;:&quot;&quot;,&quot;hAlign&quot;:&quot;&quot;,&quot;order&quot;:&quot;&quot;,&quot;icon&quot;:&quot;fa-share-alt&quot;,&quot;icon2&quot;:&quot;share&quot;},&quot;btnPrint&quot;:{&quot;enabled&quot;:&quot;true&quot;,&quot;title&quot;:&quot;Print&quot;,&quot;vAlign&quot;:&quot;&quot;,&quot;hAlign&quot;:&quot;&quot;,&quot;order&quot;:&quot;&quot;,&quot;icon&quot;:&quot;fa-print&quot;,&quot;icon2&quot;:&quot;print&quot;},&quot;btnDownloadPages&quot;:{&quot;enabled&quot;:&quot;false&quot;,&quot;title&quot;:&quot;Download pages&quot;,&quot;vAlign&quot;:&quot;&quot;,&quot;hAlign&quot;:&quot;&quot;,&quot;order&quot;:&quot;&quot;,&quot;icon&quot;:&quot;fa-download&quot;,&quot;icon2&quot;:&quot;file_download&quot;},&quot;btnDownloadPdf&quot;:{&quot;enabled&quot;:&quot;false&quot;,&quot;title&quot;:&quot;Download PDF&quot;,&quot;vAlign&quot;:&quot;&quot;,&quot;hAlign&quot;:&quot;&quot;,&quot;order&quot;:&quot;&quot;,&quot;icon&quot;:&quot;fa-file&quot;,&quot;icon2&quot;:&quot;picture_as_pdf&quot;},&quot;btnSound&quot;:{&quot;enabled&quot;:&quot;true&quot;,&quot;title&quot;:&quot;Sound&quot;,&quot;vAlign&quot;:&quot;&quot;,&quot;hAlign&quot;:&quot;&quot;,&quot;order&quot;:&quot;&quot;,&quot;icon&quot;:&quot;fa-volume-up&quot;,&quot;iconAlt&quot;:&quot;fa-volume-off&quot;,&quot;icon2&quot;:&quot;volume_up&quot;,&quot;iconAlt2&quot;:&quot;volume_mute&quot;},&quot;btnExpand&quot;:{&quot;enabled&quot;:&quot;true&quot;,&quot;title&quot;:&quot;Toggle fullscreen&quot;,&quot;vAlign&quot;:&quot;&quot;,&quot;hAlign&quot;:&quot;&quot;,&quot;order&quot;:&quot;&quot;,&quot;icon&quot;:&quot;fa-expand&quot;,&quot;iconAlt&quot;:&quot;fa-compress&quot;,&quot;icon2&quot;:&quot;fullscreen&quot;,&quot;iconAlt2&quot;:&quot;fullscreen_exit&quot;},&quot;btnSelect&quot;:{&quot;enabled&quot;:&quot;true&quot;,&quot;title&quot;:&quot;Select tool&quot;,&quot;vAlign&quot;:&quot;&quot;,&quot;hAlign&quot;:&quot;&quot;,&quot;order&quot;:&quot;&quot;,&quot;icon&quot;:&quot;fas fa-i-cursor&quot;,&quot;icon2&quot;:&quot;text_format&quot;},&quot;btnSearch&quot;:{&quot;enabled&quot;:&quot;false&quot;,&quot;title&quot;:&quot;Search&quot;,&quot;vAlign&quot;:&quot;&quot;,&quot;hAlign&quot;:&quot;&quot;,&quot;order&quot;:&quot;&quot;,&quot;icon&quot;:&quot;fas fa-search&quot;,&quot;icon2&quot;:&quot;search&quot;},&quot;btnBookmark&quot;:{&quot;enabled&quot;:&quot;false&quot;,&quot;title&quot;:&quot;Bookmark&quot;,&quot;vAlign&quot;:&quot;&quot;,&quot;hAlign&quot;:&quot;&quot;,&quot;order&quot;:&quot;&quot;,&quot;icon&quot;:&quot;fas fa-bookmark&quot;,&quot;icon2&quot;:&quot;bookmark&quot;},&quot;google_plus&quot;:{&quot;enabled&quot;:&quot;true&quot;,&quot;url&quot;:&quot;&quot;},&quot;twitter&quot;:{&quot;enabled&quot;:&quot;true&quot;,&quot;url&quot;:&quot;&quot;,&quot;description&quot;:&quot;&quot;},&quot;facebook&quot;:{&quot;enabled&quot;:&quot;true&quot;,&quot;url&quot;:&quot;&quot;,&quot;description&quot;:&quot;&quot;,&quot;title&quot;:&quot;&quot;,&quot;image&quot;:&quot;&quot;,&quot;caption&quot;:&quot;&quot;},&quot;pinterest&quot;:{&quot;enabled&quot;:&quot;true&quot;,&quot;url&quot;:&quot;&quot;,&quot;image&quot;:&quot;&quot;,&quot;description&quot;:&quot;&quot;},&quot;email&quot;:{&quot;enabled&quot;:&quot;true&quot;,&quot;url&quot;:&quot;&quot;,&quot;description&quot;:&quot;&quot;},&quot;layout&quot;:&quot;1&quot;,&quot;skin&quot;:&quot;light&quot;,&quot;icons&quot;:&quot;font awesome&quot;,&quot;useFontAwesome5&quot;:&quot;true&quot;,&quot;skinColor&quot;:&quot;&quot;,&quot;skinBackground&quot;:&quot;&quot;,&quot;backgroundColor&quot;:&quot;rgb(81, 85, 88)&quot;,&quot;backgroundPattern&quot;:&quot;&quot;,&quot;backgroundTransparent&quot;:&quot;false&quot;,&quot;menu2Background&quot;:&quot;&quot;,&quot;menu2Shadow&quot;:&quot;&quot;,&quot;menu2Margin&quot;:&quot;0&quot;,&quot;menu2Padding&quot;:&quot;0&quot;,&quot;menu2OverBook&quot;:&quot;true&quot;,&quot;menu2Transparent&quot;:&quot;true&quot;,&quot;menu2Floating&quot;:&quot;false&quot;,&quot;menuBackground&quot;:&quot;&quot;,&quot;menuShadow&quot;:&quot;&quot;,&quot;menuMargin&quot;:&quot;0&quot;,&quot;menuPadding&quot;:&quot;0&quot;,&quot;menuOverBook&quot;:&quot;false&quot;,&quot;menuTransparent&quot;:&quot;false&quot;,&quot;menuFloating&quot;:&quot;false&quot;,&quot;hideMenu&quot;:&quot;false&quot;,&quot;btnColor&quot;:&quot;&quot;,&quot;btnBackground&quot;:&quot;none&quot;,&quot;btnRadius&quot;:&quot;0&quot;,&quot;btnMargin&quot;:&quot;0&quot;,&quot;btnSize&quot;:&quot;14&quot;,&quot;btnPaddingV&quot;:&quot;10&quot;,&quot;btnPaddingH&quot;:&quot;10&quot;,&quot;btnShadow&quot;:&quot;&quot;,&quot;btnTextShadow&quot;:&quot;&quot;,&quot;btnBorder&quot;:&quot;&quot;,&quot;floatingBtnColor&quot;:&quot;&quot;,&quot;floatingBtnBackground&quot;:&quot;&quot;,&quot;floatingBtnColorHover&quot;:&quot;&quot;,&quot;floatingBtnBackgroundHover&quot;:&quot;&quot;,&quot;floatingBtnSize&quot;:&quot;&quot;,&quot;floatingBtnRadius&quot;:&quot;&quot;,&quot;floatingBtnBorder&quot;:&quot;&quot;,&quot;sideBtnColor&quot;:&quot;#fff&quot;,&quot;sideBtnBackground&quot;:&quot;rgba(0,0,0,.3)&quot;,&quot;sideBtnRadius&quot;:&quot;0&quot;,&quot;sideBtnMargin&quot;:&quot;0&quot;,&quot;sideBtnSize&quot;:&quot;30&quot;,&quot;sideBtnPaddingV&quot;:&quot;5&quot;,&quot;sideBtnPaddingH&quot;:&quot;5&quot;,&quot;sideBtnShadow&quot;:&quot;&quot;,&quot;sideBtnTextShadow&quot;:&quot;&quot;,&quot;sideBtnBorder&quot;:&quot;&quot;,&quot;btnClose&quot;:{&quot;color&quot;:&quot;&quot;,&quot;background&quot;:&quot;&quot;,&quot;colorHover&quot;:&quot;&quot;,&quot;backgroundHover&quot;:&quot;&quot;,&quot;size&quot;:&quot;&quot;,&quot;border&quot;:&quot;&quot;,&quot;radius&quot;:&quot;&quot;},&quot;sideMenuOverBook&quot;:&quot;true&quot;,&quot;sideMenuOverMenu&quot;:&quot;true&quot;,&quot;sideMenuOverMenu2&quot;:&quot;true&quot;,&quot;strings&quot;:{&quot;print&quot;:&quot;Print&quot;,&quot;printLeftPage&quot;:&quot;Print left page&quot;,&quot;printRightPage&quot;:&quot;Print right page&quot;,&quot;printCurrentPage&quot;:&quot;Print current page&quot;,&quot;printAllPages&quot;:&quot;Print all pages&quot;,&quot;download&quot;:&quot;Download&quot;,&quot;downloadLeftPage&quot;:&quot;Download left page&quot;,&quot;downloadRightPage&quot;:&quot;Download right page&quot;,&quot;downloadCurrentPage&quot;:&quot;Download current page&quot;,&quot;downloadAllPages&quot;:&quot;Download all pages&quot;,&quot;bookmarks&quot;:&quot;Bookmarks&quot;,&quot;bookmarkLeftPage&quot;:&quot;Bookmark left page&quot;,&quot;bookmarkRightPage&quot;:&quot;Bookmark right page&quot;,&quot;bookmarkCurrentPage&quot;:&quot;Bookmark current page&quot;,&quot;search&quot;:&quot;Search&quot;,&quot;findInDocument&quot;:&quot;Find in document&quot;,&quot;pagesFoundContaining&quot;:&quot;pages found containing&quot;,&quot;thumbnails&quot;:&quot;Thumbnails&quot;,&quot;tableOfContent&quot;:&quot;Table of Contents&quot;,&quot;share&quot;:&quot;Share&quot;,&quot;pressEscToClose&quot;:&quot;Press ESC to close&quot;},&quot;btbsubmit&quot;:&quot;Save&quot;,&quot;action&quot;:&quot;r3d_save&quot;,&quot;name&quot;:&quot;ETICA CS&quot;,&quot;pdfUrl&quot;:&quot;http:\\\/\\\/corregidora.gob.mx\\\/anticorrupcion\\\/wp-content\\\/uploads\\\/2025\\\/08\\\/Lineamientos-Contraloria-Social.pdf&quot;,&quot;bookId&quot;:&quot;3&quot;,&quot;security&quot;:&quot;b209396f0a&quot;,&quot;id&quot;:&quot;3&quot;,&quot;date&quot;:&quot;2025-08-13 09:22:28&quot;,&quot;pages&quot;:[],&quot;tableOfContent&quot;:[],&quot;rootFolder&quot;:&quot;https:\\\/\\\/corregidora.gob.mx\\\/anticorrupcion\\\/wp-content\\\/plugins\\\/real3d-flipbook\\\/&quot;,&quot;uniqueId&quot;:&quot;3_69d635633af23&quot;}\"><\/div>\n<p>[\/vc_column_text][\/vc_column][\/vc_row][vc_section][\/vc_section]<\/p>\n<\/div>","protected":false},"excerpt":{"rendered":"<p>[vc_row][vc_column][vc_cta h2=\u00bb\u00bb add_button=\u00bbbottom\u00bb btn_title=\u00bbEncuesta\u00bb btn_color=\u00bbinfo\u00bb btn_size=\u00bblg\u00bb btn_align=\u00bbcenter\u00bb btn_css_animation=\u00bbfadeInRight\u00bb css=\u00bb\u00bb btn_button_block=\u00bbtrue\u00bb btn_link=\u00bburl:https%3A%2F%2Fforms.gle%2Fgwt7nCkCYRrJ4moE6|target:_blank\u00bb][\/vc_cta][\/vc_column][\/vc_row][vc_row][vc_column][vc_column_text css=\u00bb\u00bb] COMIT\u00c9S DE CONTRALOR\u00cdA SOCIAL DEL MUNICIPIO DE CORREGIDORA, QUER\u00c9TARO La Contralor\u00eda Social es una herramienta que permite a los ciudadanos beneficiarios de obras o programas del gobierno, participar organizadamente para vigilar el cumplimiento de las metas y la&#8230;<\/p>\n","protected":false},"author":1,"featured_media":0,"parent":13398,"menu_order":0,"comment_status":"closed","ping_status":"open","template":"","meta":{"footnotes":""},"class_list":["post-13511","page","type-page","status-publish","hentry"],"_links":{"self":[{"href":"https:\/\/corregidora.gob.mx\/anticorrupcion\/wp-json\/wp\/v2\/pages\/13511","targetHints":{"allow":["GET"]}}],"collection":[{"href":"https:\/\/corregidora.gob.mx\/anticorrupcion\/wp-json\/wp\/v2\/pages"}],"about":[{"href":"https:\/\/corregidora.gob.mx\/anticorrupcion\/wp-json\/wp\/v2\/types\/page"}],"author":[{"embeddable":true,"href":"https:\/\/corregidora.gob.mx\/anticorrupcion\/wp-json\/wp\/v2\/users\/1"}],"replies":[{"embeddable":true,"href":"https:\/\/corregidora.gob.mx\/anticorrupcion\/wp-json\/wp\/v2\/comments?post=13511"}],"version-history":[{"count":8,"href":"https:\/\/corregidora.gob.mx\/anticorrupcion\/wp-json\/wp\/v2\/pages\/13511\/revisions"}],"predecessor-version":[{"id":13682,"href":"https:\/\/corregidora.gob.mx\/anticorrupcion\/wp-json\/wp\/v2\/pages\/13511\/revisions\/13682"}],"up":[{"embeddable":true,"href":"https:\/\/corregidora.gob.mx\/anticorrupcion\/wp-json\/wp\/v2\/pages\/13398"}],"wp:attachment":[{"href":"https:\/\/corregidora.gob.mx\/anticorrupcion\/wp-json\/wp\/v2\/media?parent=13511"}],"curies":[{"name":"wp","href":"https:\/\/api.w.org\/{rel}","templated":true}]}}