{"id":13472,"date":"2025-07-30T14:05:34","date_gmt":"2025-07-30T20:05:34","guid":{"rendered":"https:\/\/corregidora.gob.mx\/anticorrupcion\/?page_id=13472"},"modified":"2025-07-30T14:56:17","modified_gmt":"2025-07-30T20:56:17","slug":"emprendimiento","status":"publish","type":"page","link":"https:\/\/corregidora.gob.mx\/anticorrupcion\/datos_abiertos\/emprendimiento\/","title":{"rendered":"Emprendimiento"},"content":{"rendered":"<div class=\"wpb-content-wrapper\"><p>[vc_row][vc_column width=\u00bb1\/2&#8243;][vc_column_text css=\u00bb\u00bb]Consulta las autorizaciones espedidas por la autoridad municipal\u00a0 a una persona fisica o jur\u00eddica para realizar un establecimiento determinado, el ejercicio de una actividad, car\u00e1cter de la actividad, clasificaci\u00f3n del giro y fecha de expedici\u00f3n.<\/p>\n<p>Responsable: <strong>Secretar\u00eda de Desarrollo Econ\u00f3mico<\/strong>[\/vc_column_text][vc_btn title=\u00bbIr a Licencias de Funcionamiento\u00bb color=\u00bbprimary\u00bb align=\u00bbcenter\u00bb css=\u00bb\u00bb button_block=\u00bbtrue\u00bb link=\u00bburl:https%3A%2F%2Fcorregidora.gob.mx%2Fanticorrupcion%2Fdatos_abiertos%2Femprendimiento%2Flicencias_funcionamiento%2F\u00bb][\/vc_column][vc_column width=\u00bb1\/2&#8243;][\/vc_column][\/vc_row]<\/p>\n<\/div>","protected":false},"excerpt":{"rendered":"<p>[vc_row][vc_column width=\u00bb1\/2&#8243;][vc_column_text css=\u00bb\u00bb]Consulta las autorizaciones espedidas por la autoridad municipal\u00a0 a una persona fisica o jur\u00eddica para realizar un establecimiento determinado, el ejercicio de una actividad, car\u00e1cter de la actividad, clasificaci\u00f3n del giro y fecha de expedici\u00f3n. Responsable: Secretar\u00eda de Desarrollo Econ\u00f3mico[\/vc_column_text][vc_btn title=\u00bbIr a Licencias de Funcionamiento\u00bb color=\u00bbprimary\u00bb align=\u00bbcenter\u00bb css=\u00bb\u00bb&#8230;<\/p>\n","protected":false},"author":1,"featured_media":0,"parent":12902,"menu_order":0,"comment_status":"closed","ping_status":"closed","template":"","meta":{"footnotes":""},"class_list":["post-13472","page","type-page","status-publish","hentry"],"_links":{"self":[{"href":"https:\/\/corregidora.gob.mx\/anticorrupcion\/wp-json\/wp\/v2\/pages\/13472","targetHints":{"allow":["GET"]}}],"collection":[{"href":"https:\/\/corregidora.gob.mx\/anticorrupcion\/wp-json\/wp\/v2\/pages"}],"about":[{"href":"https:\/\/corregidora.gob.mx\/anticorrupcion\/wp-json\/wp\/v2\/types\/page"}],"author":[{"embeddable":true,"href":"https:\/\/corregidora.gob.mx\/anticorrupcion\/wp-json\/wp\/v2\/users\/1"}],"replies":[{"embeddable":true,"href":"https:\/\/corregidora.gob.mx\/anticorrupcion\/wp-json\/wp\/v2\/comments?post=13472"}],"version-history":[{"count":6,"href":"https:\/\/corregidora.gob.mx\/anticorrupcion\/wp-json\/wp\/v2\/pages\/13472\/revisions"}],"predecessor-version":[{"id":13501,"href":"https:\/\/corregidora.gob.mx\/anticorrupcion\/wp-json\/wp\/v2\/pages\/13472\/revisions\/13501"}],"up":[{"embeddable":true,"href":"https:\/\/corregidora.gob.mx\/anticorrupcion\/wp-json\/wp\/v2\/pages\/12902"}],"wp:attachment":[{"href":"https:\/\/corregidora.gob.mx\/anticorrupcion\/wp-json\/wp\/v2\/media?parent=13472"}],"curies":[{"name":"wp","href":"https:\/\/api.w.org\/{rel}","templated":true}]}}