{"id":13432,"date":"2025-07-21T10:08:56","date_gmt":"2025-07-21T16:08:56","guid":{"rendered":"https:\/\/corregidora.gob.mx\/anticorrupcion\/?page_id=13432"},"modified":"2025-07-30T13:22:48","modified_gmt":"2025-07-30T19:22:48","slug":"pycontratistas","status":"publish","type":"page","link":"https:\/\/corregidora.gob.mx\/anticorrupcion\/datos_abiertos\/gobierno\/pycontratistas\/","title":{"rendered":"Padr\u00f3n de proveedores y contratistas"},"content":{"rendered":"<div class=\"wpb-content-wrapper\"><p>[vc_row][vc_column][vc_column_text css=\u00bb\u00bb]<\/p>\n<h6>Consulta el padr\u00f3n de proveedores y contratistas del H. Ayuntamiento de Corregidora.<\/h6>\n<h6>Responsable: <strong>Secretar\u00eda de Administraci\u00f3n <\/strong><strong>(Proveedores) <\/strong><strong>y Secretar\u00eda de Control y Evaluaci\u00f3n (Contratistas).<\/strong><\/h6>\n<h6>Fecha de actualizaci\u00f3n: Junio 2025<\/h6>\n<p>[\/vc_column_text][\/vc_column][vc_column][vc_separator color=\u00bbpeacoc\u00bb][\/vc_column][\/vc_row][vc_row][vc_column width=\u00bb1\/2&#8243;][vc_column_text css_animation=\u00bbbounceInLeft\u00bb css=\u00bb\u00bb]<\/p>\n<h5 style=\"text-align: center;\">Padr\u00f3n de proveedores y contratistas 2025<\/h5>\n<p>[\/vc_column_text][\/vc_column][vc_column width=\u00bb1\/2&#8243;][vc_btn title=\u00bbVER\u00bb color=\u00bbblue\u00bb size=\u00bblg\u00bb align=\u00bbcenter\u00bb i_icon_fontawesome=\u00bb\u00bb css_animation=\u00bbbounceInRight\u00bb css=\u00bb\u00bb button_block=\u00bbtrue\u00bb add_icon=\u00bbtrue\u00bb link=\u00bburl:https%3A%2F%2Fwww.corregidora.gob.mx%2FDocumentos%2F2024-2027%2Fanticorrupcion%2Fdatosabiertos%2Fgobierno%2Fproveedores2025.xlsx|target:_blank\u00bb][\/vc_column][\/vc_row][vc_row][vc_column width=\u00bb1\/2&#8243;][vc_column_text css_animation=\u00bbbounceInLeft\u00bb css=\u00bb\u00bb]<\/p>\n<h5 style=\"text-align: center;\">Padr\u00f3n de proveedores y contratistas 2024<\/h5>\n<p>[\/vc_column_text][\/vc_column][vc_column width=\u00bb1\/2&#8243;][vc_btn title=\u00bbVER\u00bb color=\u00bbblue\u00bb size=\u00bblg\u00bb align=\u00bbcenter\u00bb i_icon_fontawesome=\u00bb\u00bb css_animation=\u00bbbounceInRight\u00bb css=\u00bb\u00bb button_block=\u00bbtrue\u00bb add_icon=\u00bbtrue\u00bb link=\u00bburl:https%3A%2F%2Fwww.corregidora.gob.mx%2FDocumentos%2F2024-2027%2Fanticorrupcion%2Fdatosabiertos%2Fgobierno%2Fproveedores2024.xlsx|target:_blank\u00bb][\/vc_column][\/vc_row][vc_row][vc_column width=\u00bb1\/2&#8243;][vc_column_text css_animation=\u00bbbounceInLeft\u00bb css=\u00bb\u00bb]<\/p>\n<h5 style=\"text-align: center;\">Padr\u00f3n de proveedores y contratistas 2023<\/h5>\n<p>[\/vc_column_text][\/vc_column][vc_column width=\u00bb1\/2&#8243;][vc_btn title=\u00bbVER\u00bb color=\u00bbblue\u00bb size=\u00bblg\u00bb align=\u00bbcenter\u00bb i_icon_fontawesome=\u00bb\u00bb css_animation=\u00bbbounceInRight\u00bb css=\u00bb\u00bb button_block=\u00bbtrue\u00bb add_icon=\u00bbtrue\u00bb link=\u00bburl:https%3A%2F%2Fwww.corregidora.gob.mx%2FDocumentos%2F2024-2027%2Fanticorrupcion%2Fdatosabiertos%2Fgobierno%2Fproveedores2023.xlsx|target:_blank\u00bb][\/vc_column][\/vc_row][vc_row][vc_column width=\u00bb1\/2&#8243;][vc_column_text css_animation=\u00bbbounceInLeft\u00bb css=\u00bb\u00bb]<\/p>\n<h5 style=\"text-align: center;\">Padr\u00f3n de proveedores y contratistas 2022<\/h5>\n<p>[\/vc_column_text][\/vc_column][vc_column width=\u00bb1\/2&#8243;][vc_btn title=\u00bbVER\u00bb color=\u00bbblue\u00bb size=\u00bblg\u00bb align=\u00bbcenter\u00bb i_icon_fontawesome=\u00bb\u00bb css_animation=\u00bbbounceInRight\u00bb css=\u00bb\u00bb button_block=\u00bbtrue\u00bb add_icon=\u00bbtrue\u00bb link=\u00bburl:https%3A%2F%2Fwww.corregidora.gob.mx%2FDocumentos%2F2024-2027%2Fanticorrupcion%2Fdatosabiertos%2Fgobierno%2Fproveedores2022.xlsx|target:_blank\u00bb][\/vc_column][\/vc_row][vc_row][vc_column width=\u00bb1\/2&#8243;][vc_column_text css_animation=\u00bbbounceInLeft\u00bb css=\u00bb\u00bb]<\/p>\n<h5 style=\"text-align: center;\">Padr\u00f3n de proveedores y contratistas 2021<\/h5>\n<p>[\/vc_column_text][\/vc_column][vc_column width=\u00bb1\/2&#8243;][vc_btn title=\u00bbVER\u00bb color=\u00bbblue\u00bb size=\u00bblg\u00bb align=\u00bbcenter\u00bb i_icon_fontawesome=\u00bb\u00bb css_animation=\u00bbbounceInRight\u00bb css=\u00bb\u00bb button_block=\u00bbtrue\u00bb add_icon=\u00bbtrue\u00bb link=\u00bburl:https%3A%2F%2Fwww.corregidora.gob.mx%2FDocumentos%2F2024-2027%2Fanticorrupcion%2Fdatosabiertos%2Fgobierno%2Fproveedores2021.xlsx|target:_blank\u00bb][\/vc_column][\/vc_row][vc_column width=\u00bb1\/6&#8243;][\/vc_column]<\/p>\n<\/div>","protected":false},"excerpt":{"rendered":"<p>[vc_row][vc_column][vc_column_text css=\u00bb\u00bb] Consulta el padr\u00f3n de proveedores y contratistas del H. Ayuntamiento de Corregidora. Responsable: Secretar\u00eda de Administraci\u00f3n (Proveedores) y Secretar\u00eda de Control y Evaluaci\u00f3n (Contratistas). Fecha de actualizaci\u00f3n: Junio 2025 [\/vc_column_text][\/vc_column][vc_column][vc_separator color=\u00bbpeacoc\u00bb][\/vc_column][\/vc_row][vc_row][vc_column width=\u00bb1\/2&#8243;][vc_column_text css_animation=\u00bbbounceInLeft\u00bb css=\u00bb\u00bb] Padr\u00f3n de proveedores y contratistas 2025 [\/vc_column_text][\/vc_column][vc_column width=\u00bb1\/2&#8243;][vc_btn title=\u00bbVER\u00bb color=\u00bbblue\u00bb size=\u00bblg\u00bb align=\u00bbcenter\u00bb i_icon_fontawesome=\u00bb\u00bb css_animation=\u00bbbounceInRight\u00bb&#8230;<\/p>\n","protected":false},"author":1,"featured_media":0,"parent":13094,"menu_order":0,"comment_status":"closed","ping_status":"closed","template":"","meta":{"footnotes":""},"class_list":["post-13432","page","type-page","status-publish","hentry"],"_links":{"self":[{"href":"https:\/\/corregidora.gob.mx\/anticorrupcion\/wp-json\/wp\/v2\/pages\/13432","targetHints":{"allow":["GET"]}}],"collection":[{"href":"https:\/\/corregidora.gob.mx\/anticorrupcion\/wp-json\/wp\/v2\/pages"}],"about":[{"href":"https:\/\/corregidora.gob.mx\/anticorrupcion\/wp-json\/wp\/v2\/types\/page"}],"author":[{"embeddable":true,"href":"https:\/\/corregidora.gob.mx\/anticorrupcion\/wp-json\/wp\/v2\/users\/1"}],"replies":[{"embeddable":true,"href":"https:\/\/corregidora.gob.mx\/anticorrupcion\/wp-json\/wp\/v2\/comments?post=13432"}],"version-history":[{"count":4,"href":"https:\/\/corregidora.gob.mx\/anticorrupcion\/wp-json\/wp\/v2\/pages\/13432\/revisions"}],"predecessor-version":[{"id":13469,"href":"https:\/\/corregidora.gob.mx\/anticorrupcion\/wp-json\/wp\/v2\/pages\/13432\/revisions\/13469"}],"up":[{"embeddable":true,"href":"https:\/\/corregidora.gob.mx\/anticorrupcion\/wp-json\/wp\/v2\/pages\/13094"}],"wp:attachment":[{"href":"https:\/\/corregidora.gob.mx\/anticorrupcion\/wp-json\/wp\/v2\/media?parent=13432"}],"curies":[{"name":"wp","href":"https:\/\/api.w.org\/{rel}","templated":true}]}}