{"id":13219,"date":"2025-03-27T16:20:40","date_gmt":"2025-03-27T22:20:40","guid":{"rendered":"https:\/\/corregidora.gob.mx\/anticorrupcion\/?page_id=13219"},"modified":"2025-03-27T16:20:40","modified_gmt":"2025-03-27T22:20:40","slug":"permisosfraccionamiento","status":"publish","type":"page","link":"https:\/\/corregidora.gob.mx\/anticorrupcion\/datos_abiertos\/urbanizacion\/permisosfraccionamiento\/","title":{"rendered":"Lista de permisos para construir fraccionamientos nuevos"},"content":{"rendered":"<div class=\"wpb-content-wrapper\"><p>[vc_row][vc_column][vc_column_text]Consulta la lista de permisos para construir nuevos fraccionamientos dentro del municipio.<\/p>\n<p>Responsable: <strong>Secretar\u00eda de Movilidad, Desarrollo Urbano y Ecolog\u00eda<\/strong><\/p>\n<h6>Fecha de actualizaci\u00f3n: Enero 2025<\/h6>\n<p>[\/vc_column_text][\/vc_column][vc_column][vc_separator color=\u00bbpeacoc\u00bb][\/vc_column][\/vc_row][vc_row][vc_column width=\u00bb1\/2&#8243;][vc_column_text css_animation=\u00bbbounceInLeft\u00bb]<\/p>\n<h6 style=\"text-align: center;\">Lista de permisos para construir fraccionamientos nuevos &#8211; 2024<\/h6>\n<p>[\/vc_column_text][\/vc_column][vc_column width=\u00bb1\/2&#8243;][vc_btn title=\u00bbVER\u00bb color=\u00bbblue\u00bb size=\u00bblg\u00bb align=\u00bbcenter\u00bb i_icon_fontawesome=\u00bbfas fa-file-csv\u00bb css_animation=\u00bbbounceInRight\u00bb button_block=\u00bbtrue\u00bb add_icon=\u00bbtrue\u00bb link=\u00bburl:https%3A%2F%2Fwww.corregidora.gob.mx%2FDocumentos%2F2024-2027%2Fanticorrupcion%2Fdatosabiertos%2Furbanizacion%2Flistado_permisos_nuevos_fraccinamientos_2024.xlsx|target:_blank\u00bb][\/vc_column][\/vc_row][vc_column width=\u00bb1\/6&#8243;][\/vc_column]<\/p>\n<\/div>","protected":false},"excerpt":{"rendered":"<p>[vc_row][vc_column][vc_column_text]Consulta la lista de permisos para construir nuevos fraccionamientos dentro del municipio. Responsable: Secretar\u00eda de Movilidad, Desarrollo Urbano y Ecolog\u00eda Fecha de actualizaci\u00f3n: Enero 2025 [\/vc_column_text][\/vc_column][vc_column][vc_separator color=\u00bbpeacoc\u00bb][\/vc_column][\/vc_row][vc_row][vc_column width=\u00bb1\/2&#8243;][vc_column_text css_animation=\u00bbbounceInLeft\u00bb] Lista de permisos para construir fraccionamientos nuevos &#8211; 2024 [\/vc_column_text][\/vc_column][vc_column width=\u00bb1\/2&#8243;][vc_btn title=\u00bbVER\u00bb color=\u00bbblue\u00bb size=\u00bblg\u00bb align=\u00bbcenter\u00bb i_icon_fontawesome=\u00bbfas fa-file-csv\u00bb css_animation=\u00bbbounceInRight\u00bb button_block=\u00bbtrue\u00bb add_icon=\u00bbtrue\u00bb link=\u00bburl:https%3A%2F%2Fwww.corregidora.gob.mx%2FDocumentos%2F2024-2027%2Fanticorrupcion%2Fdatosabiertos%2Furbanizacion%2Flistado_permisos_nuevos_fraccinamientos_2024.xlsx|target:_blank\u00bb][\/vc_column][\/vc_row][vc_column&#8230;<\/p>\n","protected":false},"author":1,"featured_media":0,"parent":13212,"menu_order":0,"comment_status":"closed","ping_status":"closed","template":"","meta":{"footnotes":""},"class_list":["post-13219","page","type-page","status-publish","hentry"],"_links":{"self":[{"href":"https:\/\/corregidora.gob.mx\/anticorrupcion\/wp-json\/wp\/v2\/pages\/13219","targetHints":{"allow":["GET"]}}],"collection":[{"href":"https:\/\/corregidora.gob.mx\/anticorrupcion\/wp-json\/wp\/v2\/pages"}],"about":[{"href":"https:\/\/corregidora.gob.mx\/anticorrupcion\/wp-json\/wp\/v2\/types\/page"}],"author":[{"embeddable":true,"href":"https:\/\/corregidora.gob.mx\/anticorrupcion\/wp-json\/wp\/v2\/users\/1"}],"replies":[{"embeddable":true,"href":"https:\/\/corregidora.gob.mx\/anticorrupcion\/wp-json\/wp\/v2\/comments?post=13219"}],"version-history":[{"count":1,"href":"https:\/\/corregidora.gob.mx\/anticorrupcion\/wp-json\/wp\/v2\/pages\/13219\/revisions"}],"predecessor-version":[{"id":13220,"href":"https:\/\/corregidora.gob.mx\/anticorrupcion\/wp-json\/wp\/v2\/pages\/13219\/revisions\/13220"}],"up":[{"embeddable":true,"href":"https:\/\/corregidora.gob.mx\/anticorrupcion\/wp-json\/wp\/v2\/pages\/13212"}],"wp:attachment":[{"href":"https:\/\/corregidora.gob.mx\/anticorrupcion\/wp-json\/wp\/v2\/media?parent=13219"}],"curies":[{"name":"wp","href":"https:\/\/api.w.org\/{rel}","templated":true}]}}