{"id":13215,"date":"2025-03-27T16:14:27","date_gmt":"2025-03-27T22:14:27","guid":{"rendered":"https:\/\/corregidora.gob.mx\/anticorrupcion\/?page_id=13215"},"modified":"2025-03-27T16:17:23","modified_gmt":"2025-03-27T22:17:23","slug":"licenciasconstruccion","status":"publish","type":"page","link":"https:\/\/corregidora.gob.mx\/anticorrupcion\/datos_abiertos\/urbanizacion\/licenciasconstruccion\/","title":{"rendered":"Licencias de construcci\u00f3n otorgadas"},"content":{"rendered":"<div class=\"wpb-content-wrapper\"><p>[vc_row][vc_column][vc_column_text]Consulta las licencias expedidas, en las cuales se autorizan trabajos para construir, ampliar, modificar, reparar o demoler obras de edificaci\u00f3n o instalaci\u00f3n que se pretenda realizar o se lleve a cabo dentro del municipio<\/p>\n<p>Responsable: <strong>Secretar\u00eda de Movilidad, Desarrollo Urbano y Ecolog\u00eda<\/strong><\/p>\n<h6>Fecha de actualizaci\u00f3n: Enero 2025<\/h6>\n<p>[\/vc_column_text][\/vc_column][vc_column][vc_separator color=\u00bbpeacoc\u00bb][\/vc_column][\/vc_row][vc_row][vc_column width=\u00bb1\/2&#8243;][vc_column_text css_animation=\u00bbbounceInLeft\u00bb]<\/p>\n<h6 style=\"text-align: center;\">Licencias de construccion &#8211; 2024<\/h6>\n<p>[\/vc_column_text][\/vc_column][vc_column width=\u00bb1\/2&#8243;][vc_btn title=\u00bbVER\u00bb color=\u00bbblue\u00bb size=\u00bblg\u00bb align=\u00bbcenter\u00bb i_icon_fontawesome=\u00bbfas fa-file-csv\u00bb css_animation=\u00bbbounceInRight\u00bb button_block=\u00bbtrue\u00bb add_icon=\u00bbtrue\u00bb link=\u00bburl:https%3A%2F%2Fwww.corregidora.gob.mx%2FDocumentos%2F2024-2027%2Fanticorrupcion%2Fdatosabiertos%2Furbanizacion%2FLicencias_Construccion_2024.xls|target:_blank\u00bb][\/vc_column][\/vc_row][vc_column width=\u00bb1\/6&#8243;][\/vc_column]<\/p>\n<\/div>","protected":false},"excerpt":{"rendered":"<p>[vc_row][vc_column][vc_column_text]Consulta las licencias expedidas, en las cuales se autorizan trabajos para construir, ampliar, modificar, reparar o demoler obras de edificaci\u00f3n o instalaci\u00f3n que se pretenda realizar o se lleve a cabo dentro del municipio Responsable: Secretar\u00eda de Movilidad, Desarrollo Urbano y Ecolog\u00eda Fecha de actualizaci\u00f3n: Enero 2025 [\/vc_column_text][\/vc_column][vc_column][vc_separator color=\u00bbpeacoc\u00bb][\/vc_column][\/vc_row][vc_row][vc_column width=\u00bb1\/2&#8243;][vc_column_text&#8230;<\/p>\n","protected":false},"author":1,"featured_media":0,"parent":13212,"menu_order":0,"comment_status":"closed","ping_status":"closed","template":"","meta":{"footnotes":""},"class_list":["post-13215","page","type-page","status-publish","hentry"],"_links":{"self":[{"href":"https:\/\/corregidora.gob.mx\/anticorrupcion\/wp-json\/wp\/v2\/pages\/13215","targetHints":{"allow":["GET"]}}],"collection":[{"href":"https:\/\/corregidora.gob.mx\/anticorrupcion\/wp-json\/wp\/v2\/pages"}],"about":[{"href":"https:\/\/corregidora.gob.mx\/anticorrupcion\/wp-json\/wp\/v2\/types\/page"}],"author":[{"embeddable":true,"href":"https:\/\/corregidora.gob.mx\/anticorrupcion\/wp-json\/wp\/v2\/users\/1"}],"replies":[{"embeddable":true,"href":"https:\/\/corregidora.gob.mx\/anticorrupcion\/wp-json\/wp\/v2\/comments?post=13215"}],"version-history":[{"count":3,"href":"https:\/\/corregidora.gob.mx\/anticorrupcion\/wp-json\/wp\/v2\/pages\/13215\/revisions"}],"predecessor-version":[{"id":13218,"href":"https:\/\/corregidora.gob.mx\/anticorrupcion\/wp-json\/wp\/v2\/pages\/13215\/revisions\/13218"}],"up":[{"embeddable":true,"href":"https:\/\/corregidora.gob.mx\/anticorrupcion\/wp-json\/wp\/v2\/pages\/13212"}],"wp:attachment":[{"href":"https:\/\/corregidora.gob.mx\/anticorrupcion\/wp-json\/wp\/v2\/media?parent=13215"}],"curies":[{"name":"wp","href":"https:\/\/api.w.org\/{rel}","templated":true}]}}