{"id":13212,"date":"2025-03-27T16:12:30","date_gmt":"2025-03-27T22:12:30","guid":{"rendered":"https:\/\/corregidora.gob.mx\/anticorrupcion\/?page_id=13212"},"modified":"2025-08-01T09:43:43","modified_gmt":"2025-08-01T15:43:43","slug":"urbanizacion","status":"publish","type":"page","link":"https:\/\/corregidora.gob.mx\/anticorrupcion\/datos_abiertos\/urbanizacion\/","title":{"rendered":"Urbanizaci\u00f3n"},"content":{"rendered":"<div class=\"wpb-content-wrapper\"><p>[vc_row][vc_column width=\u00bb1\/2&#8243;][vc_column_text css=\u00bb\u00bb]Consulta las licencias expedidas, en las cuales se autorizan trabajos para construir, ampliar, modificar, reparar o demoler obras de edificaci\u00f3n o instalaci\u00f3n que se pretenda realizar o se lleve a cabo dentro del municipio.<\/p>\n<p>Responsable: <strong>Secretar\u00eda de Desarrollo Urbano y Medio Ambiente.<\/strong>[\/vc_column_text][vc_btn title=\u00bbIr a Licencias expedidas\u00bb color=\u00bbprimary\u00bb align=\u00bbcenter\u00bb button_block=\u00bbtrue\u00bb link=\u00bburl:https%3A%2F%2Fcorregidora.gob.mx%2Fanticorrupcion%2Fdatos_abiertos%2Furbanizacion%2Flicenciasconstruccion\u00bb][\/vc_column][vc_column width=\u00bb1\/2&#8243;][vc_column_text css=\u00bb\u00bb]Consulta la lista de permisos para construir nuevos fraccionamientos dentro del municipio.<\/p>\n<p>Responsable: <strong>Secretar\u00eda de Desarrollo Urbano y Medio Ambiente.<\/strong>[\/vc_column_text][vc_btn title=\u00bbIr a permisos fraccionamientos\u00bb color=\u00bbprimary\u00bb align=\u00bbcenter\u00bb button_block=\u00bbtrue\u00bb link=\u00bburl:https%3A%2F%2Fcorregidora.gob.mx%2Fanticorrupcion%2Fdatos_abiertos%2Furbanizacion%2Fpermisosfraccionamiento%2F\u00bb][\/vc_column][\/vc_row][vc_row][vc_column width=\u00bb1\/2&#8243;][vc_column_text css=\u00bb\u00bb]Consulta de Programas Parciales de Desarrollo Urbano.<\/p>\n<p>Responsable: <strong>Secretar\u00eda de Desarrollo Urbano y Medio Ambiente.<\/strong>[\/vc_column_text][vc_btn title=\u00bbIr a Programas parciales de Desarrollo Urbano\u00bb color=\u00bbprimary\u00bb align=\u00bbcenter\u00bb css=\u00bb\u00bb button_block=\u00bbtrue\u00bb link=\u00bburl:https%3A%2F%2Fcorregidora.gob.mx%2Fanticorrupcion%2Fdatos_abiertos%2Furbanizacion%2Fprograma_du\u00bb][\/vc_column][vc_column width=\u00bb1\/2&#8243;][vc_column_text css=\u00bb\u00bb]Consulta de Reglamentos de Desarrollo Urbano y Construcci\u00f3n.<\/p>\n<p>Responsable: <strong>Secretar\u00eda de Desarrollo Urbano y Medio Ambiente.<\/strong>[\/vc_column_text][vc_btn title=\u00bbIr a Reglamentos\u00bb color=\u00bbprimary\u00bb align=\u00bbcenter\u00bb css=\u00bb\u00bb button_block=\u00bbtrue\u00bb link=\u00bburl:https%3A%2F%2Fcorregidora.gob.mx%2Fanticorrupcion%2Fdatos_abiertos%2Furbanizacion%2Freglamentos_du\u00bb][\/vc_column][\/vc_row]<\/p>\n<\/div>","protected":false},"excerpt":{"rendered":"<p>[vc_row][vc_column width=\u00bb1\/2&#8243;][vc_column_text css=\u00bb\u00bb]Consulta las licencias expedidas, en las cuales se autorizan trabajos para construir, ampliar, modificar, reparar o demoler obras de edificaci\u00f3n o instalaci\u00f3n que se pretenda realizar o se lleve a cabo dentro del municipio. Responsable: Secretar\u00eda de Desarrollo Urbano y Medio Ambiente.[\/vc_column_text][vc_btn title=\u00bbIr a Licencias expedidas\u00bb color=\u00bbprimary\u00bb align=\u00bbcenter\u00bb&#8230;<\/p>\n","protected":false},"author":1,"featured_media":0,"parent":12902,"menu_order":0,"comment_status":"closed","ping_status":"closed","template":"","meta":{"footnotes":""},"class_list":["post-13212","page","type-page","status-publish","hentry"],"_links":{"self":[{"href":"https:\/\/corregidora.gob.mx\/anticorrupcion\/wp-json\/wp\/v2\/pages\/13212","targetHints":{"allow":["GET"]}}],"collection":[{"href":"https:\/\/corregidora.gob.mx\/anticorrupcion\/wp-json\/wp\/v2\/pages"}],"about":[{"href":"https:\/\/corregidora.gob.mx\/anticorrupcion\/wp-json\/wp\/v2\/types\/page"}],"author":[{"embeddable":true,"href":"https:\/\/corregidora.gob.mx\/anticorrupcion\/wp-json\/wp\/v2\/users\/1"}],"replies":[{"embeddable":true,"href":"https:\/\/corregidora.gob.mx\/anticorrupcion\/wp-json\/wp\/v2\/comments?post=13212"}],"version-history":[{"count":8,"href":"https:\/\/corregidora.gob.mx\/anticorrupcion\/wp-json\/wp\/v2\/pages\/13212\/revisions"}],"predecessor-version":[{"id":13499,"href":"https:\/\/corregidora.gob.mx\/anticorrupcion\/wp-json\/wp\/v2\/pages\/13212\/revisions\/13499"}],"up":[{"embeddable":true,"href":"https:\/\/corregidora.gob.mx\/anticorrupcion\/wp-json\/wp\/v2\/pages\/12902"}],"wp:attachment":[{"href":"https:\/\/corregidora.gob.mx\/anticorrupcion\/wp-json\/wp\/v2\/media?parent=13212"}],"curies":[{"name":"wp","href":"https:\/\/api.w.org\/{rel}","templated":true}]}}