{"id":13148,"date":"2025-03-25T10:48:23","date_gmt":"2025-03-25T16:48:23","guid":{"rendered":"https:\/\/corregidora.gob.mx\/anticorrupcion\/?page_id=13148"},"modified":"2025-03-25T10:55:36","modified_gmt":"2025-03-25T16:55:36","slug":"economia","status":"publish","type":"page","link":"https:\/\/corregidora.gob.mx\/anticorrupcion\/datos_abiertos\/economia\/","title":{"rendered":"Econom\u00eda"},"content":{"rendered":"<div class=\"wpb-content-wrapper\"><p>[vc_row][vc_column width=\u00bb1\/2&#8243;][vc_column_text]Asignaciones destinadas a cubrir los servicios de traslado, instalaci\u00f3n y vi\u00e1ticos del personal, cuando por el desempe\u00f1o de sus labores, requieran trasladarse a lugares distintos al de su adscripci\u00f3n.<\/p>\n<p>Responsable: <strong>Secretar\u00eda de Administraci\u00f3n<\/strong>[\/vc_column_text][vc_btn title=\u00bbIr a gastos de representaci\u00f3n\u00bb color=\u00bbprimary\u00bb align=\u00bbcenter\u00bb button_block=\u00bbtrue\u00bb link=\u00bburl:https%3A%2F%2Fcorregidora.gob.mx%2Fanticorrupcion%2Fdatos_abiertos%2Feconomia%2Fgastosrepresentacion%2F\u00bb][\/vc_column][vc_column width=\u00bb1\/2&#8243;][\/vc_column][\/vc_row]<\/p>\n<\/div>","protected":false},"excerpt":{"rendered":"<p>[vc_row][vc_column width=\u00bb1\/2&#8243;][vc_column_text]Asignaciones destinadas a cubrir los servicios de traslado, instalaci\u00f3n y vi\u00e1ticos del personal, cuando por el desempe\u00f1o de sus labores, requieran trasladarse a lugares distintos al de su adscripci\u00f3n. Responsable: Secretar\u00eda de Administraci\u00f3n[\/vc_column_text][vc_btn title=\u00bbIr a gastos de representaci\u00f3n\u00bb color=\u00bbprimary\u00bb align=\u00bbcenter\u00bb button_block=\u00bbtrue\u00bb link=\u00bburl:https%3A%2F%2Fcorregidora.gob.mx%2Fanticorrupcion%2Fdatos_abiertos%2Feconomia%2Fgastosrepresentacion%2F\u00bb][\/vc_column][vc_column width=\u00bb1\/2&#8243;][\/vc_column][\/vc_row]<\/p>\n","protected":false},"author":1,"featured_media":0,"parent":12902,"menu_order":0,"comment_status":"closed","ping_status":"closed","template":"","meta":{"footnotes":""},"class_list":["post-13148","page","type-page","status-publish","hentry"],"_links":{"self":[{"href":"https:\/\/corregidora.gob.mx\/anticorrupcion\/wp-json\/wp\/v2\/pages\/13148","targetHints":{"allow":["GET"]}}],"collection":[{"href":"https:\/\/corregidora.gob.mx\/anticorrupcion\/wp-json\/wp\/v2\/pages"}],"about":[{"href":"https:\/\/corregidora.gob.mx\/anticorrupcion\/wp-json\/wp\/v2\/types\/page"}],"author":[{"embeddable":true,"href":"https:\/\/corregidora.gob.mx\/anticorrupcion\/wp-json\/wp\/v2\/users\/1"}],"replies":[{"embeddable":true,"href":"https:\/\/corregidora.gob.mx\/anticorrupcion\/wp-json\/wp\/v2\/comments?post=13148"}],"version-history":[{"count":4,"href":"https:\/\/corregidora.gob.mx\/anticorrupcion\/wp-json\/wp\/v2\/pages\/13148\/revisions"}],"predecessor-version":[{"id":13159,"href":"https:\/\/corregidora.gob.mx\/anticorrupcion\/wp-json\/wp\/v2\/pages\/13148\/revisions\/13159"}],"up":[{"embeddable":true,"href":"https:\/\/corregidora.gob.mx\/anticorrupcion\/wp-json\/wp\/v2\/pages\/12902"}],"wp:attachment":[{"href":"https:\/\/corregidora.gob.mx\/anticorrupcion\/wp-json\/wp\/v2\/media?parent=13148"}],"curies":[{"name":"wp","href":"https:\/\/api.w.org\/{rel}","templated":true}]}}