{"id":13141,"date":"2025-03-25T10:35:06","date_gmt":"2025-03-25T16:35:06","guid":{"rendered":"https:\/\/corregidora.gob.mx\/anticorrupcion\/?page_id=13141"},"modified":"2025-07-30T12:45:14","modified_gmt":"2025-07-30T18:45:14","slug":"padronbeneficiarios","status":"publish","type":"page","link":"https:\/\/corregidora.gob.mx\/anticorrupcion\/datos_abiertos\/gobierno\/padronbeneficiarios\/","title":{"rendered":"Padr\u00f3n de beneficiarios"},"content":{"rendered":"<div class=\"wpb-content-wrapper\"><p>[vc_row][vc_column][vc_column_text css=\u00bb\u00bb]<\/p>\n<h6>Consulta el nombre y puesto de los trabajadores del H. Ayuntamiento de Corregidora, su \u00e1rea de adscripci\u00f3n y los datos para contactarlos.<\/h6>\n<h6>Responsable: <strong>Secretar\u00eda de Desarrollo Social<\/strong><\/h6>\n<h6>Fecha de actualizaci\u00f3n: Junio 2025<\/h6>\n<p>[\/vc_column_text][\/vc_column][vc_column][vc_separator color=\u00bbpeacoc\u00bb][\/vc_column][\/vc_row][vc_row][vc_column width=\u00bb1\/2&#8243;][vc_column_text css_animation=\u00bbbounceInLeft\u00bb css=\u00bb\u00bb]<\/p>\n<h6 style=\"text-align: center;\">Padr\u00f3n de beneficiarios de programas sociales &#8211; 2025<\/h6>\n<p>[\/vc_column_text][\/vc_column][vc_column width=\u00bb1\/2&#8243;][vc_btn title=\u00bbVER\u00bb color=\u00bbblue\u00bb size=\u00bblg\u00bb align=\u00bbcenter\u00bb i_icon_fontawesome=\u00bb\u00bb css_animation=\u00bbbounceInRight\u00bb css=\u00bb\u00bb button_block=\u00bbtrue\u00bb add_icon=\u00bbtrue\u00bb link=\u00bburl:https%3A%2F%2Fwww.corregidora.gob.mx%2FDocumentos%2F2024-2027%2Fanticorrupcion%2Fdatosabiertos%2Fgobierno%2Fdatosabiertos2025.xlsx|target:_blank\u00bb][\/vc_column][\/vc_row][vc_row][vc_column width=\u00bb1\/2&#8243;][vc_column_text css_animation=\u00bbbounceInLeft\u00bb css=\u00bb\u00bb]<\/p>\n<h6 style=\"text-align: center;\">Padr\u00f3n de beneficiarios de programas sociales &#8211; 2024<\/h6>\n<p>[\/vc_column_text][\/vc_column][vc_column width=\u00bb1\/2&#8243;][vc_btn title=\u00bbVER\u00bb color=\u00bbblue\u00bb size=\u00bblg\u00bb align=\u00bbcenter\u00bb i_icon_fontawesome=\u00bb\u00bb css_animation=\u00bbbounceInRight\u00bb css=\u00bb\u00bb button_block=\u00bbtrue\u00bb add_icon=\u00bbtrue\u00bb link=\u00bburl:https%3A%2F%2Fwww.corregidora.gob.mx%2FDocumentos%2F2024-2027%2Fanticorrupcion%2Fdatosabiertos%2Fgobierno%2Fdatosabiertos2024.xlsx|target:_blank\u00bb][\/vc_column][\/vc_row][vc_row][vc_column width=\u00bb1\/2&#8243;][vc_column_text css_animation=\u00bbbounceInLeft\u00bb css=\u00bb\u00bb]<\/p>\n<h6 style=\"text-align: center;\">Padr\u00f3n de beneficiarios de programas sociales &#8211; 2023<\/h6>\n<p>[\/vc_column_text][\/vc_column][vc_column width=\u00bb1\/2&#8243;][vc_btn title=\u00bbVER\u00bb color=\u00bbblue\u00bb size=\u00bblg\u00bb align=\u00bbcenter\u00bb i_icon_fontawesome=\u00bb\u00bb css_animation=\u00bbbounceInRight\u00bb css=\u00bb\u00bb button_block=\u00bbtrue\u00bb add_icon=\u00bbtrue\u00bb link=\u00bburl:https%3A%2F%2Fwww.corregidora.gob.mx%2FDocumentos%2F2024-2027%2Fanticorrupcion%2Fdatosabiertos%2Fgobierno%2Fdatosabiertos2023.xlsx|target:_blank\u00bb][\/vc_column][\/vc_row][vc_row][vc_column width=\u00bb1\/2&#8243;][vc_column_text css_animation=\u00bbbounceInLeft\u00bb css=\u00bb\u00bb]<\/p>\n<h6 style=\"text-align: center;\">Padr\u00f3n de beneficiarios de programas sociales &#8211; 2022<\/h6>\n<p>[\/vc_column_text][\/vc_column][vc_column width=\u00bb1\/2&#8243;][vc_btn title=\u00bbVER\u00bb color=\u00bbblue\u00bb size=\u00bblg\u00bb align=\u00bbcenter\u00bb i_icon_fontawesome=\u00bb\u00bb css_animation=\u00bbbounceInRight\u00bb css=\u00bb\u00bb button_block=\u00bbtrue\u00bb add_icon=\u00bbtrue\u00bb link=\u00bburl:https%3A%2F%2Fwww.corregidora.gob.mx%2FDocumentos%2F2024-2027%2Fanticorrupcion%2Fdatosabiertos%2Fgobierno%2Fdatosabiertos2022.xlsx|target:_blank\u00bb][\/vc_column][\/vc_row][vc_row][vc_column width=\u00bb1\/2&#8243;][vc_column_text css_animation=\u00bbbounceInLeft\u00bb css=\u00bb\u00bb]<\/p>\n<h6 style=\"text-align: center;\">Padr\u00f3n de beneficiarios de programas sociales &#8211; 2021<\/h6>\n<p>[\/vc_column_text][\/vc_column][vc_column width=\u00bb1\/2&#8243;][vc_btn title=\u00bbVER\u00bb color=\u00bbblue\u00bb size=\u00bblg\u00bb align=\u00bbcenter\u00bb i_icon_fontawesome=\u00bb\u00bb css_animation=\u00bbbounceInRight\u00bb css=\u00bb\u00bb button_block=\u00bbtrue\u00bb add_icon=\u00bbtrue\u00bb link=\u00bburl:https%3A%2F%2Fwww.corregidora.gob.mx%2FDocumentos%2F2024-2027%2Fanticorrupcion%2Fdatosabiertos%2Fgobierno%2Fdatosabiertos2021.xlsx|target:_blank\u00bb][\/vc_column][\/vc_row][vc_row][vc_column width=\u00bb1\/2&#8243;][vc_column_text css_animation=\u00bbbounceInLeft\u00bb css=\u00bb\u00bb]<\/p>\n<h6 style=\"text-align: center;\">Padr\u00f3n de beneficiarios de programas sociales &#8211; 2020<\/h6>\n<p>[\/vc_column_text][\/vc_column][vc_column width=\u00bb1\/2&#8243;][vc_btn title=\u00bbVER\u00bb color=\u00bbblue\u00bb size=\u00bblg\u00bb align=\u00bbcenter\u00bb i_icon_fontawesome=\u00bb\u00bb css_animation=\u00bbbounceInRight\u00bb css=\u00bb\u00bb button_block=\u00bbtrue\u00bb add_icon=\u00bbtrue\u00bb link=\u00bburl:https%3A%2F%2Fwww.corregidora.gob.mx%2FDocumentos%2F2024-2027%2Fanticorrupcion%2Fdatosabiertos%2Fgobierno%2Fdatosabiertos2020.xlsx|target:_blank\u00bb][\/vc_column][\/vc_row][vc_column width=\u00bb1\/6&#8243;][\/vc_column]<\/p>\n<\/div>","protected":false},"excerpt":{"rendered":"<p>[vc_row][vc_column][vc_column_text css=\u00bb\u00bb] Consulta el nombre y puesto de los trabajadores del H. Ayuntamiento de Corregidora, su \u00e1rea de adscripci\u00f3n y los datos para contactarlos. Responsable: Secretar\u00eda de Desarrollo Social Fecha de actualizaci\u00f3n: Junio 2025 [\/vc_column_text][\/vc_column][vc_column][vc_separator color=\u00bbpeacoc\u00bb][\/vc_column][\/vc_row][vc_row][vc_column width=\u00bb1\/2&#8243;][vc_column_text css_animation=\u00bbbounceInLeft\u00bb css=\u00bb\u00bb] Padr\u00f3n de beneficiarios de programas sociales &#8211; 2025 [\/vc_column_text][\/vc_column][vc_column width=\u00bb1\/2&#8243;][vc_btn title=\u00bbVER\u00bb&#8230;<\/p>\n","protected":false},"author":1,"featured_media":0,"parent":13094,"menu_order":0,"comment_status":"closed","ping_status":"closed","template":"","meta":{"footnotes":""},"class_list":["post-13141","page","type-page","status-publish","hentry"],"_links":{"self":[{"href":"https:\/\/corregidora.gob.mx\/anticorrupcion\/wp-json\/wp\/v2\/pages\/13141","targetHints":{"allow":["GET"]}}],"collection":[{"href":"https:\/\/corregidora.gob.mx\/anticorrupcion\/wp-json\/wp\/v2\/pages"}],"about":[{"href":"https:\/\/corregidora.gob.mx\/anticorrupcion\/wp-json\/wp\/v2\/types\/page"}],"author":[{"embeddable":true,"href":"https:\/\/corregidora.gob.mx\/anticorrupcion\/wp-json\/wp\/v2\/users\/1"}],"replies":[{"embeddable":true,"href":"https:\/\/corregidora.gob.mx\/anticorrupcion\/wp-json\/wp\/v2\/comments?post=13141"}],"version-history":[{"count":6,"href":"https:\/\/corregidora.gob.mx\/anticorrupcion\/wp-json\/wp\/v2\/pages\/13141\/revisions"}],"predecessor-version":[{"id":13426,"href":"https:\/\/corregidora.gob.mx\/anticorrupcion\/wp-json\/wp\/v2\/pages\/13141\/revisions\/13426"}],"up":[{"embeddable":true,"href":"https:\/\/corregidora.gob.mx\/anticorrupcion\/wp-json\/wp\/v2\/pages\/13094"}],"wp:attachment":[{"href":"https:\/\/corregidora.gob.mx\/anticorrupcion\/wp-json\/wp\/v2\/media?parent=13141"}],"curies":[{"name":"wp","href":"https:\/\/api.w.org\/{rel}","templated":true}]}}