{"id":13094,"date":"2025-03-05T16:18:33","date_gmt":"2025-03-05T22:18:33","guid":{"rendered":"https:\/\/corregidora.gob.mx\/anticorrupcion\/?page_id=13094"},"modified":"2025-07-30T13:33:41","modified_gmt":"2025-07-30T19:33:41","slug":"gobierno","status":"publish","type":"page","link":"https:\/\/corregidora.gob.mx\/anticorrupcion\/datos_abiertos\/gobierno\/","title":{"rendered":"Gobierno"},"content":{"rendered":"<div class=\"wpb-content-wrapper\"><p>[vc_row][vc_column width=\u00bb1\/2&#8243;][vc_single_image image=\u00bb13111&#8243; img_size=\u00bbfull\u00bb alignment=\u00bbcenter\u00bb onclick=\u00bbcustom_link\u00bb css=\u00bb.vc_custom_1742920595523{border-radius: 1px !important;}\u00bb el_class=\u00bbhvr-wobble-vertical\u00bb link=\u00bbhttps:\/\/corregidora.gob.mx\/anticorrupcion\/datos_abiertos\/gobierno\/directorio\/\u00bb][vc_column_text css=\u00bb\u00bb]Consulta el nombre y puesto de los trabajadores del H. Ayuntamiento, su \u00e1rea de adscripci\u00f3n y los datos para contactarlos.<\/p>\n<p>Responsable: <strong>Secretar\u00eda de Administraci\u00f3n<\/strong>[\/vc_column_text][\/vc_column][vc_column width=\u00bb1\/2&#8243;][vc_single_image image=\u00bb13103&#8243; img_size=\u00bbfull\u00bb alignment=\u00bbcenter\u00bb onclick=\u00bbcustom_link\u00bb el_class=\u00bbhvr-wobble-vertical\u00bb link=\u00bbhttps:\/\/corregidora.gob.mx\/anticorrupcion\/datos_abiertos\/gobierno\/padronbeneficiarios\/\u00bb][vc_column_text css=\u00bb\u00bb]Informaci\u00f3n sobre el padr\u00f3n de beneficiarios de programas sociales.<\/p>\n<p>Responsable: <strong>Secretar\u00eda de Desarrollo Social<\/strong>[\/vc_column_text][\/vc_column][\/vc_row][vc_row][vc_column width=\u00bb1\/2&#8243;][vc_single_image image=\u00bb13107&#8243; img_size=\u00bbfull\u00bb alignment=\u00bbcenter\u00bb onclick=\u00bbcustom_link\u00bb img_link_target=\u00bb_blank\u00bb css_animation=\u00bbfadeInLeft\u00bb css=\u00bb.vc_custom_1753113861843{border-radius: 1px !important;}\u00bb el_class=\u00bbhvr-wobble-vertical\u00bb link=\u00bbhttps:\/\/corregidora.gob.mx\/anticorrupcion\/datos_abiertos\/gobierno\/programas-sociales\/\u00bb][vc_column_text css=\u00bb\u00bb]Informaci\u00f3n sobre los programas dirigidos a la poblaci\u00f3n para incidir en su bienestar que impliquen subsidios, est\u00edmulos y apoyos en efectivo o en especie.<\/p>\n<p>Responsable: <strong>Secretar\u00eda de Desarrollo Social<\/strong>[\/vc_column_text][\/vc_column][vc_column width=\u00bb1\/2&#8243;][vc_single_image image=\u00bb13110&#8243; img_size=\u00bbfull\u00bb alignment=\u00bbcenter\u00bb onclick=\u00bbcustom_link\u00bb img_link_target=\u00bb_blank\u00bb css_animation=\u00bbfadeInUp\u00bb css=\u00bb\u00bb el_class=\u00bbhvr-wobble-vertical\u00bb link=\u00bbhttps:\/\/corregidora.gob.mx\/anticorrupcion\/datos_abiertos\/gobierno\/pycontratistas\/\u00bb][vc_column_text css=\u00bb\u00bb]Informaci\u00f3n sobre el padr\u00f3n de proveedores.<\/p>\n<p>Responsable: <strong>\u00a0Secretar\u00eda de Administraci\u00f3n<\/strong>[\/vc_column_text][\/vc_column][\/vc_row]<\/p>\n<\/div>","protected":false},"excerpt":{"rendered":"<p>[vc_row][vc_column width=\u00bb1\/2&#8243;][vc_single_image image=\u00bb13111&#8243; img_size=\u00bbfull\u00bb alignment=\u00bbcenter\u00bb onclick=\u00bbcustom_link\u00bb css=\u00bb.vc_custom_1742920595523{border-radius: 1px !important;}\u00bb el_class=\u00bbhvr-wobble-vertical\u00bb link=\u00bbhttps:\/\/corregidora.gob.mx\/anticorrupcion\/datos_abiertos\/gobierno\/directorio\/\u00bb][vc_column_text css=\u00bb\u00bb]Consulta el nombre y puesto de los trabajadores del H. Ayuntamiento, su \u00e1rea de adscripci\u00f3n y los datos para contactarlos. Responsable: Secretar\u00eda de Administraci\u00f3n[\/vc_column_text][\/vc_column][vc_column width=\u00bb1\/2&#8243;][vc_single_image image=\u00bb13103&#8243; img_size=\u00bbfull\u00bb alignment=\u00bbcenter\u00bb onclick=\u00bbcustom_link\u00bb el_class=\u00bbhvr-wobble-vertical\u00bb link=\u00bbhttps:\/\/corregidora.gob.mx\/anticorrupcion\/datos_abiertos\/gobierno\/padronbeneficiarios\/\u00bb][vc_column_text css=\u00bb\u00bb]Informaci\u00f3n sobre el padr\u00f3n de beneficiarios de programas&#8230;<\/p>\n","protected":false},"author":1,"featured_media":0,"parent":12902,"menu_order":0,"comment_status":"closed","ping_status":"closed","template":"","meta":{"footnotes":""},"class_list":["post-13094","page","type-page","status-publish","hentry"],"_links":{"self":[{"href":"https:\/\/corregidora.gob.mx\/anticorrupcion\/wp-json\/wp\/v2\/pages\/13094","targetHints":{"allow":["GET"]}}],"collection":[{"href":"https:\/\/corregidora.gob.mx\/anticorrupcion\/wp-json\/wp\/v2\/pages"}],"about":[{"href":"https:\/\/corregidora.gob.mx\/anticorrupcion\/wp-json\/wp\/v2\/types\/page"}],"author":[{"embeddable":true,"href":"https:\/\/corregidora.gob.mx\/anticorrupcion\/wp-json\/wp\/v2\/users\/1"}],"replies":[{"embeddable":true,"href":"https:\/\/corregidora.gob.mx\/anticorrupcion\/wp-json\/wp\/v2\/comments?post=13094"}],"version-history":[{"count":17,"href":"https:\/\/corregidora.gob.mx\/anticorrupcion\/wp-json\/wp\/v2\/pages\/13094\/revisions"}],"predecessor-version":[{"id":13470,"href":"https:\/\/corregidora.gob.mx\/anticorrupcion\/wp-json\/wp\/v2\/pages\/13094\/revisions\/13470"}],"up":[{"embeddable":true,"href":"https:\/\/corregidora.gob.mx\/anticorrupcion\/wp-json\/wp\/v2\/pages\/12902"}],"wp:attachment":[{"href":"https:\/\/corregidora.gob.mx\/anticorrupcion\/wp-json\/wp\/v2\/media?parent=13094"}],"curies":[{"name":"wp","href":"https:\/\/api.w.org\/{rel}","templated":true}]}}