{"id":10920,"date":"2019-08-02T20:27:14","date_gmt":"2019-08-02T18:27:14","guid":{"rendered":"https:\/\/corregidora.gob.mx\/anticorrupcion\/?page_id=10920"},"modified":"2023-07-14T16:08:53","modified_gmt":"2023-07-14T22:08:53","slug":"siscoe","status":"publish","type":"page","link":"https:\/\/corregidora.gob.mx\/anticorrupcion\/siscoe\/","title":{"rendered":"Secretar\u00eda de Control y Evaluaci\u00f3n"},"content":{"rendered":"<div class=\"wpb-content-wrapper\"><p>[vc_row][vc_column][vc_tabs interval=\u00bb0&#8243; style=\u00bb2&#8243; el_class=\u00bbtext-center\u00bb][vc_tab title=\u00bb\u00bfQui\u00e9nes somos?\u00bb tab_id=\u00bb1413878610-1-87&#8243;][vc_row_inner][vc_column_inner]<div class=\"clearboth\"><\/div><div class=\"sc-divider\" style=\"margin-bottom: 40px;\"><\/div>[vc_column_text]<\/p>\n<p style=\"text-align: justify;\"><strong><span style=\"color: #000000;\">La Secretar\u00eda de Control y Evaluaci\u00f3n resulta ser el \u00d3rgano Interno de Control del Ayuntamiento de Corregidora, con autonom\u00eda t\u00e9cnica y de gesti\u00f3n en la toma de las decisiones de su titular y unidades administrativas, a la que le corresponde promover, evaluar y fortalecer el buen funcionamiento del control interno en el municipio, en su administraci\u00f3n p\u00fablica centralizada, sus organismos desconcentrados y descentralizados, a trav\u00e9s de la aplicaci\u00f3n de un sistema de prevenci\u00f3n, vigilancia, control y evaluaci\u00f3n de los recursos p\u00fablicos, as\u00ed como aplicar las disposiciones normativas en materia de responsabilidades de servidores p\u00fablicos.<\/span><\/strong><\/p>\n<p><a href=\"#_ftnref1\" name=\"_ftn1\"><\/a>[\/vc_column_text]<div class=\"centered-box\"><a class=\"sc-button \"  href=\"https:\/\/corregidora.gob.mx\/anticorrupcion\/secretaria\/\" target=\"_self\" style=\"color: #ffffff;background-color: #1e73be;\">Conoce a los Servidores P\u00fablicos que integran esta Secretar\u00eda<\/a><\/div>[\/vc_column_inner][\/vc_row_inner][\/vc_tab][vc_tab title=\u00bb\u00bfQu\u00e9 hacemos?\u00bb tab_id=\u00bb1413878610-2-9&#8243;][vc_row_inner][vc_column_inner]<div class=\"clearboth\"><\/div><div class=\"sc-divider\" style=\"margin-bottom: 40px;\"><\/div>[vc_column_text css_animation=\u00bbnone\u00bb]Trabajamos en la prevenci\u00f3n de faltas administrativas y hechos de corrupci\u00f3n; asimismo contamos con mecanismos de detecci\u00f3n oportuna de incumplimiento a la normatividad y violaciones de los principios que rigen la gesti\u00f3n del municipio.[\/vc_column_text][\/vc_column_inner][\/vc_row_inner][\/vc_tab][vc_tab tab_id=\u00bb2c9def07-418f-3&#8243; title=\u00bbMisi\u00f3n\u00bb][vc_row_inner][vc_column_inner]<div class=\"clearboth\"><\/div><div class=\"sc-divider\" style=\"margin-bottom: 40px;\"><\/div>[vc_column_text css_animation=\u00bbnone\u00bb]<\/p>\n<p style=\"text-align: justify;\">Aplicar en el municipio de Corregidora Quer\u00e9taro, un sistema de prevenci\u00f3n, vigilancia, control y evaluaci\u00f3n de recursos p\u00fablicos, as\u00ed como dar cumplimiento a las disposiciones en materia de responsabilidades de servidores p\u00fablicos para brindar transparencia y rendici\u00f3n de cuentas a la ciudadan\u00eda respecto a la gesti\u00f3n municipal.<\/p>\n<p>[\/vc_column_text][\/vc_column_inner][\/vc_row_inner][\/vc_tab][vc_tab tab_id=\u00bb1564693196073-4-4&#8243; title=\u00bbVisi\u00f3n\u00bb][vc_row_inner][vc_column_inner]<div class=\"clearboth\"><\/div><div class=\"sc-divider\" style=\"margin-bottom: 40px;\"><\/div>[vc_column_text css_animation=\u00bbnone\u00bb]<\/p>\n<p style=\"text-align: justify;\">Corregidora busca posicionarse como un municipio l\u00edder en transparencia y rendici\u00f3n de cuentas, con servidores p\u00fablicos \u00edntegros, responsables y eficientes, que act\u00faen en apego a la legalidad, generando con ello una administraci\u00f3n confiable para la ciudadan\u00eda.<\/p>\n<p>[\/vc_column_text][\/vc_column_inner][\/vc_row_inner][\/vc_tab][vc_tab tab_id=\u00bb1564694964098-4-6&#8243; title=\u00bbValores\u00bb][vc_row_inner][vc_column_inner]<div class=\"clearboth\"><\/div><div class=\"sc-divider\" style=\"margin-bottom: 40px;\"><\/div>[vc_column_text]<\/p>\n<p style=\"text-align: justify;\">Bien com\u00fan, compromiso, cooperaci\u00f3n, custodia, entorno cultural y ecol\u00f3gico, equidad de g\u00e9nero, honestidad, igualdad y no discriminaci\u00f3n, imparcialidad, independencia, integridad, inter\u00e9s p\u00fablico, liderazgo, obediencia, prudencia, puntualidad, respeto a los derechos humanos, responsabilidad trabajo en equipo tolerancia.<\/p>\n<p>[\/vc_column_text][\/vc_column_inner][\/vc_row_inner][\/vc_tab][vc_tab tab_id=\u00bb1564695068835-5-1&#8243; title=\u00bbAntecedentes\u00bb][vc_row_inner][vc_column_inner]<div class=\"clearboth\"><\/div><div class=\"sc-divider\" style=\"margin-bottom: 40px;\"><\/div>[vc_column_text css_animation=\u00bbnone\u00bb]<\/p>\n<p style=\"text-align: justify;\">El 27 de mayo del 2015 se recuerda como una fecha importante para el combate a la corrupci\u00f3n, tras publicarse ese d\u00eda en el Diario Oficial de la Federaci\u00f3n las reformas a los art\u00edculos 108 y 113 de la Constituci\u00f3n Pol\u00edtica de los Estados Unidos Mexicanos.<\/p>\n<p style=\"text-align: justify;\">Reformas que dieron nacimiento a lo que hoy se conoce como el Sistema Nacional Anticorrupci\u00f3n, cuya funci\u00f3n es coordinar a las autoridades de todos los \u00f3rdenes de gobierno competentes en la prevenci\u00f3n, detecci\u00f3n y sanci\u00f3n de responsabilidades administrativas y hechos de corrupci\u00f3n, as\u00ed como en la fiscalizaci\u00f3n y control de los recursos p\u00fablicos.<\/p>\n<p style=\"text-align: justify;\">Como resultado de la implementaci\u00f3n de este Sistema, el pasado 18 de julio del 2016 se expidieron entre otras normas la Ley General del Sistema Nacional Anticorrupci\u00f3n y la Ley General de Responsabilidades Administrativas, las cuales vinieron a regular un nuevo mecanismo de operaci\u00f3n del derecho disciplinario, donde la ciudadan\u00eda cobrar\u00eda un peso importante en la participaci\u00f3n del combate a la corrupci\u00f3n.<\/p>\n<p style=\"text-align: justify;\">Entonces \u00bfQu\u00e9 se esperaba con todo esto?, que las dependencias federales, estatales y municipales p\u00fablicas, adecuaran sus leyes, normas y reglamentos para que establecieran principios, bases generales, pol\u00edticas p\u00fablicas y procedimientos para la coordinaci\u00f3n entre las autoridades de todos los \u00f3rdenes de gobierno en las tareas del actuar correcto del servicio p\u00fablico y el cuidado en el manejo de los recursos p\u00fablicos.<\/p>\n<p style=\"text-align: justify;\">El Municipio de Corregidora, Qro., no se qued\u00f3 atr\u00e1s, procediendo as\u00ed a realizar los cambios necesarios para alinearse a los nuevos paradigmas que exig\u00eda el Sistema Nacional Anticorrupci\u00f3n, por lo que mediante Sesi\u00f3n de Cabildo efectuada el 17 de julio del 2017, se acord\u00f3 realizar una reforma integral a la estructura org\u00e1nica y normativa de la hasta entonces vigente Contralor\u00eda Municipal, y dar paso a la entonces Secretar\u00eda de Control Interno y Combate a la Corrupci\u00f3n.<\/p>\n<p style=\"text-align: justify;\">Posteriormente, el 26 (veintis\u00e9is) de septiembre de 2019 (dos mil diecinueve), en Sesi\u00f3n Ordinaria de Cabildo el Honorable Ayuntamiento del Municipio de Corregidora aprob\u00f3 el Reglamento Org\u00e1nico de la Secretar\u00eda de Control y Evaluaci\u00f3n del Municipio de Corregidora, Quer\u00e9taro, el cual entr\u00f3 en vigor a partir del d\u00eda de su aprobaci\u00f3n, el cual, a la fecha, funge como el \u00d3rgano Interno de Control en el Municipio de Corregidora, Quer\u00e9taro con una misi\u00f3n y visi\u00f3n clara, que es combatir la corrupci\u00f3n y los actos de impunidad en el servicio p\u00fablico municipal.<\/p>\n<p>[\/vc_column_text][\/vc_column_inner][\/vc_row_inner][\/vc_tab][\/vc_tabs][\/vc_column][\/vc_row][vc_row][vc_column width=\u00bb1\/3&#8243;][vc_single_image image=\u00bb11293&#8243; img_size=\u00bbfull\u00bb alignment=\u00bbcenter\u00bb onclick=\u00bbzoom\u00bb css_animation=\u00bbbounceInUp\u00bb][\/vc_column][vc_column width=\u00bb1\/3&#8243;][vc_single_image image=\u00bb11292&#8243; img_size=\u00bbfull\u00bb alignment=\u00bbcenter\u00bb onclick=\u00bbzoom\u00bb css_animation=\u00bbbounceInUp\u00bb][\/vc_column][vc_column width=\u00bb1\/3&#8243;][vc_single_image image=\u00bb11291&#8243; img_size=\u00bbfull\u00bb alignment=\u00bbcenter\u00bb onclick=\u00bbzoom\u00bb css_animation=\u00bbbounceInUp\u00bb][\/vc_column][\/vc_row][vc_row][vc_column]<div class=\"sc-textbox rounded-corners\"  style=\"\"><div class=\"sc-textbox-content\" style=\"background-color: #f1f5f8;background-position: center top;\"><div class=\"sc-icon-with-text sc-alert-box clearfix sc-icon-with-text-icon-size-medium\" style=\"background-color: #f1f5f8;\"><div class=\"sc-icon-with-text-icon\"><div class=\"sc-icon sc-icon-size-medium  sc-icon-shape-circle\" style=\"background-color: #58abb7;border: 2px solid #58abb7;\"><span class=\"sc-icon-half-1\" style=\"color: #ffffff;\"><span class=\"back-angle\">&#xe767;<\/span><\/span><span class=\"sc-icon-half-2\" style=\"color: #ffffff;\"><span class=\"back-angle\">&#xe767;<\/span><\/span><\/div><\/div><div class=\"sc-icon-with-text-content\">[vc_column_text]\u00bfHas tenido alguna mala experiencia con alguno de los servidores p\u00fablicos del Municipio de Corregidora? Puedes levantar tu queja.[\/vc_column_text]<\/div><div class=\"sc-alert-box-button\"><a class=\"sc-button \"  href=\"https:\/\/corregidora.gob.mx\/anticorrupcion\/denuncianet\/\" target=\"_self\" style=\"background-color: #1e73be;\">PRESENTA TU QUEJA AQU\u00cd<\/a><\/div><div class=\"clearboth\"><\/div><\/div><\/div><\/div>[\/vc_column][\/vc_row]<\/p>\n<\/div>","protected":false},"excerpt":{"rendered":"<p>[vc_row][vc_column][vc_tabs interval=\u00bb0&#8243; style=\u00bb2&#8243; el_class=\u00bbtext-center\u00bb][vc_tab title=\u00bb\u00bfQui\u00e9nes somos?\u00bb tab_id=\u00bb1413878610-1-87&#8243;][vc_row_inner][vc_column_inner][vc_column_text] La Secretar\u00eda de Control y Evaluaci\u00f3n resulta ser el \u00d3rgano Interno de Control del Ayuntamiento de Corregidora, con autonom\u00eda t\u00e9cnica y de gesti\u00f3n en la toma de las decisiones de su titular y unidades administrativas, a la que le corresponde promover, evaluar y&#8230;<\/p>\n","protected":false},"author":1,"featured_media":0,"parent":0,"menu_order":0,"comment_status":"closed","ping_status":"open","template":"","meta":{"footnotes":""},"class_list":["post-10920","page","type-page","status-publish","hentry"],"_links":{"self":[{"href":"https:\/\/corregidora.gob.mx\/anticorrupcion\/wp-json\/wp\/v2\/pages\/10920","targetHints":{"allow":["GET"]}}],"collection":[{"href":"https:\/\/corregidora.gob.mx\/anticorrupcion\/wp-json\/wp\/v2\/pages"}],"about":[{"href":"https:\/\/corregidora.gob.mx\/anticorrupcion\/wp-json\/wp\/v2\/types\/page"}],"author":[{"embeddable":true,"href":"https:\/\/corregidora.gob.mx\/anticorrupcion\/wp-json\/wp\/v2\/users\/1"}],"replies":[{"embeddable":true,"href":"https:\/\/corregidora.gob.mx\/anticorrupcion\/wp-json\/wp\/v2\/comments?post=10920"}],"version-history":[{"count":12,"href":"https:\/\/corregidora.gob.mx\/anticorrupcion\/wp-json\/wp\/v2\/pages\/10920\/revisions"}],"predecessor-version":[{"id":11191,"href":"https:\/\/corregidora.gob.mx\/anticorrupcion\/wp-json\/wp\/v2\/pages\/10920\/revisions\/11191"}],"wp:attachment":[{"href":"https:\/\/corregidora.gob.mx\/anticorrupcion\/wp-json\/wp\/v2\/media?parent=10920"}],"curies":[{"name":"wp","href":"https:\/\/api.w.org\/{rel}","templated":true}]}}